{"id":2118,"date":"2023-10-12T11:44:48","date_gmt":"2023-10-12T09:44:48","guid":{"rendered":"https:\/\/universosrl.it\/?post_type=product&#038;p=2118"},"modified":"2026-03-02T15:36:10","modified_gmt":"2026-03-02T14:36:10","slug":"ugo","status":"publish","type":"product","link":"https:\/\/universosrl.it\/fr\/produits\/ugo\/","title":{"rendered":"UGO"},"content":{"rendered":"<p>UGO, Universo Grill Oven, est un four \u00e0 charbon v\u00e9g\u00e9tal professionnel compact, facile \u00e0 installer, qui ne n\u00e9cessite pas de syst\u00e8mes d\u2019aspiration complexes, parfait pour tous les locaux qui souhaitent offrir une cuisine grill\u00e9e, tels que restaurants traditionnels, braseros, \u00ab\u00a0restaurants-boucheries\u00a0\u00bb, \u00ab\u00a0steak house\u00a0\u00bb, bars \u00e0 tapas.<\/p>\n<p><strong>Venez d\u00e9couvrir UGO, le four \u00e0 charbon v\u00e9getal qui cuit les aliments et non les chefs.<\/strong><\/p>\n<p><a class=\"btn btn-dark px-3 click-from-product\" href=\"https:\/\/universosrl.it\/fr\/reservez-votre-demonstration\/\" data-lang=\"fr\">R\u00e9servez votre d\u00e9monstration ici<\/a><\/p>\n","protected":false},"featured_media":2151,"menu_order":0,"template":"","product_category":[76],"class_list":["post-2118","product","type-product","status-publish","has-post-thumbnail","hentry","product_category-fours"],"acf":[],"yoast_head":"<!-- This site is optimized with the Yoast SEO plugin v27.2 - https:\/\/yoast.com\/product\/yoast-seo-wordpress\/ -->\n<title>UGO - Universo Grill Srl<\/title>\n<meta name=\"description\" content=\"Ugo Forno a carbone professionale realizzato per la ristorazione che consente di esaltare il sapore di carni, pesci e verdure cucinate alla brace.\" \/>\n<meta name=\"robots\" content=\"index, follow, max-snippet:-1, max-image-preview:large, max-video-preview:-1\" \/>\n<link rel=\"canonical\" href=\"https:\/\/universosrl.it\/fr\/produits\/ugo\/\" \/>\n<meta property=\"og:locale\" content=\"fr_FR\" \/>\n<meta property=\"og:type\" content=\"article\" \/>\n<meta property=\"og:title\" content=\"UGO - Universo Grill Srl\" \/>\n<meta property=\"og:description\" content=\"Ugo Forno a carbone professionale realizzato per la ristorazione che consente di esaltare il sapore di carni, pesci e verdure cucinate alla brace.\" \/>\n<meta property=\"og:url\" content=\"https:\/\/universosrl.it\/fr\/produits\/ugo\/\" \/>\n<meta property=\"og:site_name\" content=\"Universo Grill Srl\" \/>\n<meta property=\"article:modified_time\" content=\"2026-03-02T14:36:10+00:00\" \/>\n<meta property=\"og:image\" content=\"https:\/\/universosrl.it\/wp-content\/uploads\/forno_2_griglie.png\" \/>\n\t<meta property=\"og:image:width\" content=\"1440\" \/>\n\t<meta property=\"og:image:height\" content=\"1440\" \/>\n\t<meta property=\"og:image:type\" content=\"image\/png\" \/>\n<meta name=\"twitter:card\" content=\"summary_large_image\" \/>\n<meta name=\"twitter:label1\" content=\"Dur\u00e9e de lecture estim\u00e9e\" \/>\n\t<meta name=\"twitter:data1\" content=\"1 minute\" \/>\n<script type=\"application\/ld+json\" class=\"yoast-schema-graph\">{\"@context\":\"https:\/\/schema.org\",\"@graph\":[{\"@type\":\"WebPage\",\"@id\":\"https:\/\/universosrl.it\/fr\/produits\/ugo\/\",\"url\":\"https:\/\/universosrl.it\/fr\/produits\/ugo\/\",\"name\":\"UGO - Universo Grill Srl\",\"isPartOf\":{\"@id\":\"https:\/\/universosrl.it\/fr\/#website\"},\"primaryImageOfPage\":{\"@id\":\"https:\/\/universosrl.it\/fr\/produits\/ugo\/#primaryimage\"},\"image\":{\"@id\":\"https:\/\/universosrl.it\/fr\/produits\/ugo\/#primaryimage\"},\"thumbnailUrl\":\"https:\/\/universosrl.it\/wp-content\/uploads\/forno_2_griglie.png\",\"datePublished\":\"2023-10-12T09:44:48+00:00\",\"dateModified\":\"2026-03-02T14:36:10+00:00\",\"description\":\"Ugo Forno a carbone professionale realizzato per la ristorazione che consente di esaltare il sapore di carni, pesci e verdure cucinate alla brace.\",\"breadcrumb\":{\"@id\":\"https:\/\/universosrl.it\/fr\/produits\/ugo\/#breadcrumb\"},\"inLanguage\":\"fr-FR\",\"potentialAction\":[{\"@type\":\"ReadAction\",\"target\":[\"https:\/\/universosrl.it\/fr\/produits\/ugo\/\"]}]},{\"@type\":\"ImageObject\",\"inLanguage\":\"fr-FR\",\"@id\":\"https:\/\/universosrl.it\/fr\/produits\/ugo\/#primaryimage\",\"url\":\"https:\/\/universosrl.it\/wp-content\/uploads\/forno_2_griglie.png\",\"contentUrl\":\"https:\/\/universosrl.it\/wp-content\/uploads\/forno_2_griglie.png\",\"width\":1440,\"height\":1440},{\"@type\":\"BreadcrumbList\",\"@id\":\"https:\/\/universosrl.it\/fr\/produits\/ugo\/#breadcrumb\",\"itemListElement\":[{\"@type\":\"ListItem\",\"position\":1,\"name\":\"Home\",\"item\":\"https:\/\/universosrl.it\/fr\/\"},{\"@type\":\"ListItem\",\"position\":2,\"name\":\"Produits\",\"item\":\"https:\/\/universosrl.it\/fr\/produits\/\"},{\"@type\":\"ListItem\",\"position\":3,\"name\":\"Fours\",\"item\":\"https:\/\/universosrl.it\/fr\/cat_produits\/fours\/\"},{\"@type\":\"ListItem\",\"position\":4,\"name\":\"UGO\"}]},{\"@type\":\"WebSite\",\"@id\":\"https:\/\/universosrl.it\/fr\/#website\",\"url\":\"https:\/\/universosrl.it\/fr\/\",\"name\":\"Universo Grill Srl\",\"description\":\"Girarrosti e Griglie Professionali per Ristoranti\",\"potentialAction\":[{\"@type\":\"SearchAction\",\"target\":{\"@type\":\"EntryPoint\",\"urlTemplate\":\"https:\/\/universosrl.it\/fr\/?s={search_term_string}\"},\"query-input\":{\"@type\":\"PropertyValueSpecification\",\"valueRequired\":true,\"valueName\":\"search_term_string\"}}],\"inLanguage\":\"fr-FR\"}]}<\/script>\n<!-- \/ Yoast SEO plugin. -->","yoast_head_json":{"title":"UGO - Universo Grill Srl","description":"Ugo Forno a carbone professionale realizzato per la ristorazione che consente di esaltare il sapore di carni, pesci e verdure cucinate alla brace.","robots":{"index":"index","follow":"follow","max-snippet":"max-snippet:-1","max-image-preview":"max-image-preview:large","max-video-preview":"max-video-preview:-1"},"canonical":"https:\/\/universosrl.it\/fr\/produits\/ugo\/","og_locale":"fr_FR","og_type":"article","og_title":"UGO - Universo Grill Srl","og_description":"Ugo Forno a carbone professionale realizzato per la ristorazione che consente di esaltare il sapore di carni, pesci e verdure cucinate alla brace.","og_url":"https:\/\/universosrl.it\/fr\/produits\/ugo\/","og_site_name":"Universo Grill Srl","article_modified_time":"2026-03-02T14:36:10+00:00","og_image":[{"width":1440,"height":1440,"url":"https:\/\/universosrl.it\/wp-content\/uploads\/forno_2_griglie.png","type":"image\/png"}],"twitter_card":"summary_large_image","twitter_misc":{"Dur\u00e9e de lecture estim\u00e9e":"1 minute"},"schema":{"@context":"https:\/\/schema.org","@graph":[{"@type":"WebPage","@id":"https:\/\/universosrl.it\/fr\/produits\/ugo\/","url":"https:\/\/universosrl.it\/fr\/produits\/ugo\/","name":"UGO - Universo Grill Srl","isPartOf":{"@id":"https:\/\/universosrl.it\/fr\/#website"},"primaryImageOfPage":{"@id":"https:\/\/universosrl.it\/fr\/produits\/ugo\/#primaryimage"},"image":{"@id":"https:\/\/universosrl.it\/fr\/produits\/ugo\/#primaryimage"},"thumbnailUrl":"https:\/\/universosrl.it\/wp-content\/uploads\/forno_2_griglie.png","datePublished":"2023-10-12T09:44:48+00:00","dateModified":"2026-03-02T14:36:10+00:00","description":"Ugo Forno a carbone professionale realizzato per la ristorazione che consente di esaltare il sapore di carni, pesci e verdure cucinate alla brace.","breadcrumb":{"@id":"https:\/\/universosrl.it\/fr\/produits\/ugo\/#breadcrumb"},"inLanguage":"fr-FR","potentialAction":[{"@type":"ReadAction","target":["https:\/\/universosrl.it\/fr\/produits\/ugo\/"]}]},{"@type":"ImageObject","inLanguage":"fr-FR","@id":"https:\/\/universosrl.it\/fr\/produits\/ugo\/#primaryimage","url":"https:\/\/universosrl.it\/wp-content\/uploads\/forno_2_griglie.png","contentUrl":"https:\/\/universosrl.it\/wp-content\/uploads\/forno_2_griglie.png","width":1440,"height":1440},{"@type":"BreadcrumbList","@id":"https:\/\/universosrl.it\/fr\/produits\/ugo\/#breadcrumb","itemListElement":[{"@type":"ListItem","position":1,"name":"Home","item":"https:\/\/universosrl.it\/fr\/"},{"@type":"ListItem","position":2,"name":"Produits","item":"https:\/\/universosrl.it\/fr\/produits\/"},{"@type":"ListItem","position":3,"name":"Fours","item":"https:\/\/universosrl.it\/fr\/cat_produits\/fours\/"},{"@type":"ListItem","position":4,"name":"UGO"}]},{"@type":"WebSite","@id":"https:\/\/universosrl.it\/fr\/#website","url":"https:\/\/universosrl.it\/fr\/","name":"Universo Grill Srl","description":"Girarrosti e Griglie Professionali per Ristoranti","potentialAction":[{"@type":"SearchAction","target":{"@type":"EntryPoint","urlTemplate":"https:\/\/universosrl.it\/fr\/?s={search_term_string}"},"query-input":{"@type":"PropertyValueSpecification","valueRequired":true,"valueName":"search_term_string"}}],"inLanguage":"fr-FR"}]}},"_links":{"self":[{"href":"https:\/\/universosrl.it\/fr\/wp-json\/wp\/v2\/product\/2118","targetHints":{"allow":["GET"]}}],"collection":[{"href":"https:\/\/universosrl.it\/fr\/wp-json\/wp\/v2\/product"}],"about":[{"href":"https:\/\/universosrl.it\/fr\/wp-json\/wp\/v2\/types\/product"}],"wp:featuredmedia":[{"embeddable":true,"href":"https:\/\/universosrl.it\/fr\/wp-json\/wp\/v2\/media\/2151"}],"wp:attachment":[{"href":"https:\/\/universosrl.it\/fr\/wp-json\/wp\/v2\/media?parent=2118"}],"wp:term":[{"taxonomy":"product_category","embeddable":true,"href":"https:\/\/universosrl.it\/fr\/wp-json\/wp\/v2\/product_category?post=2118"}],"curies":[{"name":"wp","href":"https:\/\/api.w.org\/{rel}","templated":true}]}}