{"id":1566,"date":"2022-10-16T23:19:12","date_gmt":"2022-10-16T21:19:12","guid":{"rendered":"https:\/\/universosrl.it\/prodotto\/camino-a-legna\/"},"modified":"2025-12-16T10:45:34","modified_gmt":"2025-12-16T09:45:34","slug":"cheminee-au-feu-de-bois","status":"publish","type":"product","link":"https:\/\/universosrl.it\/fr\/produits\/cheminee-au-feu-de-bois\/","title":{"rendered":"Chemin\u00e9e au feu de bois"},"content":{"rendered":"<p>Notre gamme de chemin\u00e9es professionnelles pour r\u00f4tissoires au feu de bois et grilles a \u00e9t\u00e9 cr\u00e9\u00e9e pour tous les lieux qui ont besoin d&rsquo;une structure professionnelle o\u00f9 utiliser nos r\u00f4tissoires \u00e0 bois et nos grilles \u00e0 charbon.<\/p>\n","protected":false},"featured_media":1511,"menu_order":10,"template":"","product_category":[40],"class_list":["post-1566","product","type-product","status-publish","has-post-thumbnail","hentry","product_category-cheminees"],"acf":[],"yoast_head":"<!-- This site is optimized with the Yoast SEO plugin v27.2 - https:\/\/yoast.com\/product\/yoast-seo-wordpress\/ -->\n<title>Chemin\u00e9e au feu de bois - Universo Grill Srl<\/title>\n<meta name=\"description\" content=\"Chemin\u00e9es professionnelles pour les lieux qui ont besoin d&#039;une structure pour nos r\u00f4tissoires \u00e0 bois et nos grilles \u00e0 charbon.\" \/>\n<meta name=\"robots\" content=\"index, follow, max-snippet:-1, max-image-preview:large, max-video-preview:-1\" \/>\n<link rel=\"canonical\" href=\"https:\/\/universosrl.it\/fr\/produits\/cheminee-au-feu-de-bois\/\" \/>\n<meta property=\"og:locale\" content=\"fr_FR\" \/>\n<meta property=\"og:type\" content=\"article\" \/>\n<meta property=\"og:title\" content=\"Chemin\u00e9e au feu de bois - Universo Grill Srl\" \/>\n<meta property=\"og:description\" content=\"Chemin\u00e9es professionnelles pour les lieux qui ont besoin d&#039;une structure pour nos r\u00f4tissoires \u00e0 bois et nos grilles \u00e0 charbon.\" \/>\n<meta property=\"og:url\" content=\"https:\/\/universosrl.it\/fr\/produits\/cheminee-au-feu-de-bois\/\" \/>\n<meta property=\"og:site_name\" content=\"Universo Grill Srl\" \/>\n<meta property=\"article:modified_time\" content=\"2025-12-16T09:45:34+00:00\" \/>\n<meta property=\"og:image\" content=\"https:\/\/universosrl.it\/wp-content\/uploads\/Camino_Legna_2023.png\" \/>\n\t<meta property=\"og:image:width\" content=\"1440\" \/>\n\t<meta property=\"og:image:height\" content=\"1440\" \/>\n\t<meta property=\"og:image:type\" content=\"image\/png\" \/>\n<meta name=\"twitter:card\" content=\"summary_large_image\" \/>\n<meta name=\"twitter:label1\" content=\"Dur\u00e9e de lecture estim\u00e9e\" \/>\n\t<meta name=\"twitter:data1\" content=\"1 minute\" \/>\n<script type=\"application\/ld+json\" class=\"yoast-schema-graph\">{\"@context\":\"https:\/\/schema.org\",\"@graph\":[{\"@type\":\"WebPage\",\"@id\":\"https:\/\/universosrl.it\/fr\/produits\/cheminee-au-feu-de-bois\/\",\"url\":\"https:\/\/universosrl.it\/fr\/produits\/cheminee-au-feu-de-bois\/\",\"name\":\"Chemin\u00e9e au feu de bois - Universo Grill Srl\",\"isPartOf\":{\"@id\":\"https:\/\/universosrl.it\/fr\/#website\"},\"primaryImageOfPage\":{\"@id\":\"https:\/\/universosrl.it\/fr\/produits\/cheminee-au-feu-de-bois\/#primaryimage\"},\"image\":{\"@id\":\"https:\/\/universosrl.it\/fr\/produits\/cheminee-au-feu-de-bois\/#primaryimage\"},\"thumbnailUrl\":\"https:\/\/universosrl.it\/wp-content\/uploads\/Camino_Legna_2023.png\",\"datePublished\":\"2022-10-16T21:19:12+00:00\",\"dateModified\":\"2025-12-16T09:45:34+00:00\",\"description\":\"Chemin\u00e9es professionnelles pour les lieux qui ont besoin d'une structure pour nos r\u00f4tissoires \u00e0 bois et nos grilles \u00e0 charbon.\",\"breadcrumb\":{\"@id\":\"https:\/\/universosrl.it\/fr\/produits\/cheminee-au-feu-de-bois\/#breadcrumb\"},\"inLanguage\":\"fr-FR\",\"potentialAction\":[{\"@type\":\"ReadAction\",\"target\":[\"https:\/\/universosrl.it\/fr\/produits\/cheminee-au-feu-de-bois\/\"]}]},{\"@type\":\"ImageObject\",\"inLanguage\":\"fr-FR\",\"@id\":\"https:\/\/universosrl.it\/fr\/produits\/cheminee-au-feu-de-bois\/#primaryimage\",\"url\":\"https:\/\/universosrl.it\/wp-content\/uploads\/Camino_Legna_2023.png\",\"contentUrl\":\"https:\/\/universosrl.it\/wp-content\/uploads\/Camino_Legna_2023.png\",\"width\":1440,\"height\":1440},{\"@type\":\"BreadcrumbList\",\"@id\":\"https:\/\/universosrl.it\/fr\/produits\/cheminee-au-feu-de-bois\/#breadcrumb\",\"itemListElement\":[{\"@type\":\"ListItem\",\"position\":1,\"name\":\"Home\",\"item\":\"https:\/\/universosrl.it\/fr\/\"},{\"@type\":\"ListItem\",\"position\":2,\"name\":\"Produits\",\"item\":\"https:\/\/universosrl.it\/fr\/produits\/\"},{\"@type\":\"ListItem\",\"position\":3,\"name\":\"Chemin\u00e9es\",\"item\":\"https:\/\/universosrl.it\/fr\/cat_produits\/cheminees\/\"},{\"@type\":\"ListItem\",\"position\":4,\"name\":\"Chemin\u00e9e au feu de bois\"}]},{\"@type\":\"WebSite\",\"@id\":\"https:\/\/universosrl.it\/fr\/#website\",\"url\":\"https:\/\/universosrl.it\/fr\/\",\"name\":\"Universo Grill Srl\",\"description\":\"Girarrosti e Griglie Professionali per Ristoranti\",\"potentialAction\":[{\"@type\":\"SearchAction\",\"target\":{\"@type\":\"EntryPoint\",\"urlTemplate\":\"https:\/\/universosrl.it\/fr\/?s={search_term_string}\"},\"query-input\":{\"@type\":\"PropertyValueSpecification\",\"valueRequired\":true,\"valueName\":\"search_term_string\"}}],\"inLanguage\":\"fr-FR\"}]}<\/script>\n<!-- \/ Yoast SEO plugin. -->","yoast_head_json":{"title":"Chemin\u00e9e au feu de bois - Universo Grill Srl","description":"Chemin\u00e9es professionnelles pour les lieux qui ont besoin d'une structure pour nos r\u00f4tissoires \u00e0 bois et nos grilles \u00e0 charbon.","robots":{"index":"index","follow":"follow","max-snippet":"max-snippet:-1","max-image-preview":"max-image-preview:large","max-video-preview":"max-video-preview:-1"},"canonical":"https:\/\/universosrl.it\/fr\/produits\/cheminee-au-feu-de-bois\/","og_locale":"fr_FR","og_type":"article","og_title":"Chemin\u00e9e au feu de bois - Universo Grill Srl","og_description":"Chemin\u00e9es professionnelles pour les lieux qui ont besoin d'une structure pour nos r\u00f4tissoires \u00e0 bois et nos grilles \u00e0 charbon.","og_url":"https:\/\/universosrl.it\/fr\/produits\/cheminee-au-feu-de-bois\/","og_site_name":"Universo Grill Srl","article_modified_time":"2025-12-16T09:45:34+00:00","og_image":[{"width":1440,"height":1440,"url":"https:\/\/universosrl.it\/wp-content\/uploads\/Camino_Legna_2023.png","type":"image\/png"}],"twitter_card":"summary_large_image","twitter_misc":{"Dur\u00e9e de lecture estim\u00e9e":"1 minute"},"schema":{"@context":"https:\/\/schema.org","@graph":[{"@type":"WebPage","@id":"https:\/\/universosrl.it\/fr\/produits\/cheminee-au-feu-de-bois\/","url":"https:\/\/universosrl.it\/fr\/produits\/cheminee-au-feu-de-bois\/","name":"Chemin\u00e9e au feu de bois - Universo Grill Srl","isPartOf":{"@id":"https:\/\/universosrl.it\/fr\/#website"},"primaryImageOfPage":{"@id":"https:\/\/universosrl.it\/fr\/produits\/cheminee-au-feu-de-bois\/#primaryimage"},"image":{"@id":"https:\/\/universosrl.it\/fr\/produits\/cheminee-au-feu-de-bois\/#primaryimage"},"thumbnailUrl":"https:\/\/universosrl.it\/wp-content\/uploads\/Camino_Legna_2023.png","datePublished":"2022-10-16T21:19:12+00:00","dateModified":"2025-12-16T09:45:34+00:00","description":"Chemin\u00e9es professionnelles pour les lieux qui ont besoin d'une structure pour nos r\u00f4tissoires \u00e0 bois et nos grilles \u00e0 charbon.","breadcrumb":{"@id":"https:\/\/universosrl.it\/fr\/produits\/cheminee-au-feu-de-bois\/#breadcrumb"},"inLanguage":"fr-FR","potentialAction":[{"@type":"ReadAction","target":["https:\/\/universosrl.it\/fr\/produits\/cheminee-au-feu-de-bois\/"]}]},{"@type":"ImageObject","inLanguage":"fr-FR","@id":"https:\/\/universosrl.it\/fr\/produits\/cheminee-au-feu-de-bois\/#primaryimage","url":"https:\/\/universosrl.it\/wp-content\/uploads\/Camino_Legna_2023.png","contentUrl":"https:\/\/universosrl.it\/wp-content\/uploads\/Camino_Legna_2023.png","width":1440,"height":1440},{"@type":"BreadcrumbList","@id":"https:\/\/universosrl.it\/fr\/produits\/cheminee-au-feu-de-bois\/#breadcrumb","itemListElement":[{"@type":"ListItem","position":1,"name":"Home","item":"https:\/\/universosrl.it\/fr\/"},{"@type":"ListItem","position":2,"name":"Produits","item":"https:\/\/universosrl.it\/fr\/produits\/"},{"@type":"ListItem","position":3,"name":"Chemin\u00e9es","item":"https:\/\/universosrl.it\/fr\/cat_produits\/cheminees\/"},{"@type":"ListItem","position":4,"name":"Chemin\u00e9e au feu de bois"}]},{"@type":"WebSite","@id":"https:\/\/universosrl.it\/fr\/#website","url":"https:\/\/universosrl.it\/fr\/","name":"Universo Grill Srl","description":"Girarrosti e Griglie Professionali per Ristoranti","potentialAction":[{"@type":"SearchAction","target":{"@type":"EntryPoint","urlTemplate":"https:\/\/universosrl.it\/fr\/?s={search_term_string}"},"query-input":{"@type":"PropertyValueSpecification","valueRequired":true,"valueName":"search_term_string"}}],"inLanguage":"fr-FR"}]}},"_links":{"self":[{"href":"https:\/\/universosrl.it\/fr\/wp-json\/wp\/v2\/product\/1566","targetHints":{"allow":["GET"]}}],"collection":[{"href":"https:\/\/universosrl.it\/fr\/wp-json\/wp\/v2\/product"}],"about":[{"href":"https:\/\/universosrl.it\/fr\/wp-json\/wp\/v2\/types\/product"}],"wp:featuredmedia":[{"embeddable":true,"href":"https:\/\/universosrl.it\/fr\/wp-json\/wp\/v2\/media\/1511"}],"wp:attachment":[{"href":"https:\/\/universosrl.it\/fr\/wp-json\/wp\/v2\/media?parent=1566"}],"wp:term":[{"taxonomy":"product_category","embeddable":true,"href":"https:\/\/universosrl.it\/fr\/wp-json\/wp\/v2\/product_category?post=1566"}],"curies":[{"name":"wp","href":"https:\/\/api.w.org\/{rel}","templated":true}]}}