{"id":1564,"date":"2022-07-03T15:52:19","date_gmt":"2022-07-03T13:52:19","guid":{"rendered":"https:\/\/universosrl.it\/prodotto\/tuscany-w\/"},"modified":"2024-10-27T11:48:27","modified_gmt":"2024-10-27T10:48:27","slug":"tuscany-w","status":"publish","type":"product","link":"https:\/\/universosrl.it\/fr\/produits\/tuscany-w\/","title":{"rendered":"Grille Tuscany W au feu de bois"},"content":{"rendered":"<p>Con\u00e7ue sp\u00e9cifiquement pour la restauration, la Tuscany W est un grille professionnelle qui permet au Chef d&rsquo;exalter la cuisson des meilleures viandes, du poisson et des l\u00e9gumes.<\/p>\n<p>Con\u00e7ue pour tous les amateurs de saveurs et de go\u00fbts, elle est capable de cr\u00e9er une atmosph\u00e8re magique dans les pi\u00e8ces o\u00f9 elle est plac\u00e9 \u00e0 la vue des convives, devenant ainsi un objet de design et de cr\u00e9dibilit\u00e9.<\/p>\n<p>La Tuscany W est recommand\u00e9e pour tous les lieux qui souhaitent proposer une cuisine \u00e0 la braise, tels que les restaurants traditionnels, les tavernes, les trattorias, les r\u00f4tisseries, les \u00ab\u00a0risto-bouchers\u00a0\u00bb et les \u00ab\u00a0steak house\u00a0\u00bb<\/p>\n","protected":false},"featured_media":1372,"menu_order":10,"template":"","product_category":[37],"class_list":["post-1564","product","type-product","status-publish","has-post-thumbnail","hentry","product_category-grilles"],"acf":[],"yoast_head":"<!-- This site is optimized with the Yoast SEO plugin v27.2 - https:\/\/yoast.com\/product\/yoast-seo-wordpress\/ -->\n<title>Grille Tuscany W au feu de bois - Universo Grill Srl<\/title>\n<meta name=\"description\" content=\"La Tuscany Wgrille professionnelle con\u00e7ue pour les restaurants qui permet aux chefs d&#039;exalter la saveur de la viande, du poisson et des l\u00e9gumes cuits sur la grille.\" \/>\n<meta name=\"robots\" content=\"index, follow, max-snippet:-1, max-image-preview:large, max-video-preview:-1\" \/>\n<link rel=\"canonical\" href=\"https:\/\/universosrl.it\/fr\/produits\/tuscany-w\/\" \/>\n<meta property=\"og:locale\" content=\"fr_FR\" \/>\n<meta property=\"og:type\" content=\"article\" \/>\n<meta property=\"og:title\" content=\"Grille Tuscany W au feu de bois - Universo Grill Srl\" \/>\n<meta property=\"og:description\" content=\"La Tuscany Wgrille professionnelle con\u00e7ue pour les restaurants qui permet aux chefs d&#039;exalter la saveur de la viande, du poisson et des l\u00e9gumes cuits sur la grille.\" \/>\n<meta property=\"og:url\" content=\"https:\/\/universosrl.it\/fr\/produits\/tuscany-w\/\" \/>\n<meta property=\"og:site_name\" content=\"Universo Grill Srl\" \/>\n<meta property=\"article:modified_time\" content=\"2024-10-27T10:48:27+00:00\" \/>\n<meta property=\"og:image\" content=\"https:\/\/universosrl.it\/wp-content\/uploads\/universo-Tuscany.png\" \/>\n\t<meta property=\"og:image:width\" content=\"1440\" \/>\n\t<meta property=\"og:image:height\" content=\"1440\" \/>\n\t<meta property=\"og:image:type\" content=\"image\/png\" \/>\n<meta name=\"twitter:card\" content=\"summary_large_image\" \/>\n<meta name=\"twitter:label1\" content=\"Dur\u00e9e de lecture estim\u00e9e\" \/>\n\t<meta name=\"twitter:data1\" content=\"1 minute\" \/>\n<script type=\"application\/ld+json\" class=\"yoast-schema-graph\">{\"@context\":\"https:\/\/schema.org\",\"@graph\":[{\"@type\":\"WebPage\",\"@id\":\"https:\/\/universosrl.it\/fr\/produits\/tuscany-w\/\",\"url\":\"https:\/\/universosrl.it\/fr\/produits\/tuscany-w\/\",\"name\":\"Grille Tuscany W au feu de bois - Universo Grill Srl\",\"isPartOf\":{\"@id\":\"https:\/\/universosrl.it\/fr\/#website\"},\"primaryImageOfPage\":{\"@id\":\"https:\/\/universosrl.it\/fr\/produits\/tuscany-w\/#primaryimage\"},\"image\":{\"@id\":\"https:\/\/universosrl.it\/fr\/produits\/tuscany-w\/#primaryimage\"},\"thumbnailUrl\":\"https:\/\/universosrl.it\/wp-content\/uploads\/universo-Tuscany.png\",\"datePublished\":\"2022-07-03T13:52:19+00:00\",\"dateModified\":\"2024-10-27T10:48:27+00:00\",\"description\":\"La Tuscany Wgrille professionnelle con\u00e7ue pour les restaurants qui permet aux chefs d'exalter la saveur de la viande, du poisson et des l\u00e9gumes cuits sur la grille.\",\"breadcrumb\":{\"@id\":\"https:\/\/universosrl.it\/fr\/produits\/tuscany-w\/#breadcrumb\"},\"inLanguage\":\"fr-FR\",\"potentialAction\":[{\"@type\":\"ReadAction\",\"target\":[\"https:\/\/universosrl.it\/fr\/produits\/tuscany-w\/\"]}]},{\"@type\":\"ImageObject\",\"inLanguage\":\"fr-FR\",\"@id\":\"https:\/\/universosrl.it\/fr\/produits\/tuscany-w\/#primaryimage\",\"url\":\"https:\/\/universosrl.it\/wp-content\/uploads\/universo-Tuscany.png\",\"contentUrl\":\"https:\/\/universosrl.it\/wp-content\/uploads\/universo-Tuscany.png\",\"width\":1440,\"height\":1440},{\"@type\":\"BreadcrumbList\",\"@id\":\"https:\/\/universosrl.it\/fr\/produits\/tuscany-w\/#breadcrumb\",\"itemListElement\":[{\"@type\":\"ListItem\",\"position\":1,\"name\":\"Home\",\"item\":\"https:\/\/universosrl.it\/fr\/\"},{\"@type\":\"ListItem\",\"position\":2,\"name\":\"Produits\",\"item\":\"https:\/\/universosrl.it\/fr\/produits\/\"},{\"@type\":\"ListItem\",\"position\":3,\"name\":\"Grilles\",\"item\":\"https:\/\/universosrl.it\/fr\/cat_produits\/grilles\/\"},{\"@type\":\"ListItem\",\"position\":4,\"name\":\"Grille Tuscany W au feu de bois\"}]},{\"@type\":\"WebSite\",\"@id\":\"https:\/\/universosrl.it\/fr\/#website\",\"url\":\"https:\/\/universosrl.it\/fr\/\",\"name\":\"Universo Grill Srl\",\"description\":\"Girarrosti e Griglie Professionali per Ristoranti\",\"potentialAction\":[{\"@type\":\"SearchAction\",\"target\":{\"@type\":\"EntryPoint\",\"urlTemplate\":\"https:\/\/universosrl.it\/fr\/?s={search_term_string}\"},\"query-input\":{\"@type\":\"PropertyValueSpecification\",\"valueRequired\":true,\"valueName\":\"search_term_string\"}}],\"inLanguage\":\"fr-FR\"}]}<\/script>\n<!-- \/ Yoast SEO plugin. -->","yoast_head_json":{"title":"Grille Tuscany W au feu de bois - Universo Grill Srl","description":"La Tuscany Wgrille professionnelle con\u00e7ue pour les restaurants qui permet aux chefs d'exalter la saveur de la viande, du poisson et des l\u00e9gumes cuits sur la grille.","robots":{"index":"index","follow":"follow","max-snippet":"max-snippet:-1","max-image-preview":"max-image-preview:large","max-video-preview":"max-video-preview:-1"},"canonical":"https:\/\/universosrl.it\/fr\/produits\/tuscany-w\/","og_locale":"fr_FR","og_type":"article","og_title":"Grille Tuscany W au feu de bois - Universo Grill Srl","og_description":"La Tuscany Wgrille professionnelle con\u00e7ue pour les restaurants qui permet aux chefs d'exalter la saveur de la viande, du poisson et des l\u00e9gumes cuits sur la grille.","og_url":"https:\/\/universosrl.it\/fr\/produits\/tuscany-w\/","og_site_name":"Universo Grill Srl","article_modified_time":"2024-10-27T10:48:27+00:00","og_image":[{"width":1440,"height":1440,"url":"https:\/\/universosrl.it\/wp-content\/uploads\/universo-Tuscany.png","type":"image\/png"}],"twitter_card":"summary_large_image","twitter_misc":{"Dur\u00e9e de lecture estim\u00e9e":"1 minute"},"schema":{"@context":"https:\/\/schema.org","@graph":[{"@type":"WebPage","@id":"https:\/\/universosrl.it\/fr\/produits\/tuscany-w\/","url":"https:\/\/universosrl.it\/fr\/produits\/tuscany-w\/","name":"Grille Tuscany W au feu de bois - Universo Grill Srl","isPartOf":{"@id":"https:\/\/universosrl.it\/fr\/#website"},"primaryImageOfPage":{"@id":"https:\/\/universosrl.it\/fr\/produits\/tuscany-w\/#primaryimage"},"image":{"@id":"https:\/\/universosrl.it\/fr\/produits\/tuscany-w\/#primaryimage"},"thumbnailUrl":"https:\/\/universosrl.it\/wp-content\/uploads\/universo-Tuscany.png","datePublished":"2022-07-03T13:52:19+00:00","dateModified":"2024-10-27T10:48:27+00:00","description":"La Tuscany Wgrille professionnelle con\u00e7ue pour les restaurants qui permet aux chefs d'exalter la saveur de la viande, du poisson et des l\u00e9gumes cuits sur la grille.","breadcrumb":{"@id":"https:\/\/universosrl.it\/fr\/produits\/tuscany-w\/#breadcrumb"},"inLanguage":"fr-FR","potentialAction":[{"@type":"ReadAction","target":["https:\/\/universosrl.it\/fr\/produits\/tuscany-w\/"]}]},{"@type":"ImageObject","inLanguage":"fr-FR","@id":"https:\/\/universosrl.it\/fr\/produits\/tuscany-w\/#primaryimage","url":"https:\/\/universosrl.it\/wp-content\/uploads\/universo-Tuscany.png","contentUrl":"https:\/\/universosrl.it\/wp-content\/uploads\/universo-Tuscany.png","width":1440,"height":1440},{"@type":"BreadcrumbList","@id":"https:\/\/universosrl.it\/fr\/produits\/tuscany-w\/#breadcrumb","itemListElement":[{"@type":"ListItem","position":1,"name":"Home","item":"https:\/\/universosrl.it\/fr\/"},{"@type":"ListItem","position":2,"name":"Produits","item":"https:\/\/universosrl.it\/fr\/produits\/"},{"@type":"ListItem","position":3,"name":"Grilles","item":"https:\/\/universosrl.it\/fr\/cat_produits\/grilles\/"},{"@type":"ListItem","position":4,"name":"Grille Tuscany W au feu de bois"}]},{"@type":"WebSite","@id":"https:\/\/universosrl.it\/fr\/#website","url":"https:\/\/universosrl.it\/fr\/","name":"Universo Grill Srl","description":"Girarrosti e Griglie Professionali per Ristoranti","potentialAction":[{"@type":"SearchAction","target":{"@type":"EntryPoint","urlTemplate":"https:\/\/universosrl.it\/fr\/?s={search_term_string}"},"query-input":{"@type":"PropertyValueSpecification","valueRequired":true,"valueName":"search_term_string"}}],"inLanguage":"fr-FR"}]}},"_links":{"self":[{"href":"https:\/\/universosrl.it\/fr\/wp-json\/wp\/v2\/product\/1564","targetHints":{"allow":["GET"]}}],"collection":[{"href":"https:\/\/universosrl.it\/fr\/wp-json\/wp\/v2\/product"}],"about":[{"href":"https:\/\/universosrl.it\/fr\/wp-json\/wp\/v2\/types\/product"}],"wp:featuredmedia":[{"embeddable":true,"href":"https:\/\/universosrl.it\/fr\/wp-json\/wp\/v2\/media\/1372"}],"wp:attachment":[{"href":"https:\/\/universosrl.it\/fr\/wp-json\/wp\/v2\/media?parent=1564"}],"wp:term":[{"taxonomy":"product_category","embeddable":true,"href":"https:\/\/universosrl.it\/fr\/wp-json\/wp\/v2\/product_category?post=1564"}],"curies":[{"name":"wp","href":"https:\/\/api.w.org\/{rel}","templated":true}]}}