{"id":1563,"date":"2022-10-16T23:12:38","date_gmt":"2022-10-16T21:12:38","guid":{"rendered":"https:\/\/universosrl.it\/prodotto\/tuscany-c\/"},"modified":"2025-12-16T12:06:57","modified_gmt":"2025-12-16T11:06:57","slug":"tuscany-c","status":"publish","type":"product","link":"https:\/\/universosrl.it\/fr\/produits\/tuscany-c\/","title":{"rendered":"Grille Tuscany C \u00e0 charbon"},"content":{"rendered":"<p>La Tuscany C c&rsquo;est un grille professionnelle \u00e0 charbon parfaite pour tous les lieux qui veulent offrir une cuisine grill\u00e9e, comme les restaurants traditionnels, les tavernes, les trattorias, les r\u00f4tisseries, les \u00ab\u00a0risto-bouchers\u00a0\u00bb, les \u00ab\u00a0steak house\u00a0\u00bb, et dans certains cas m\u00eame pour les clients priv\u00e9s.<\/p>\n","protected":false},"featured_media":1371,"menu_order":20,"template":"","product_category":[37],"class_list":["post-1563","product","type-product","status-publish","has-post-thumbnail","hentry","product_category-grilles"],"acf":[],"yoast_head":"<!-- This site is optimized with the Yoast SEO plugin v27.2 - https:\/\/yoast.com\/product\/yoast-seo-wordpress\/ -->\n<title>Grille Tuscany C \u00e0 charbon - Universo Grill Srl<\/title>\n<meta name=\"description\" content=\"Grille professionnelle con\u00e7ue pour les restaurants qui permet aux chefs d&#039;exalter la saveur de la viande, du poisson et des l\u00e9gumes cuits sur la grille.\" \/>\n<meta name=\"robots\" content=\"index, follow, max-snippet:-1, max-image-preview:large, max-video-preview:-1\" \/>\n<link rel=\"canonical\" href=\"https:\/\/universosrl.it\/fr\/produits\/tuscany-c\/\" \/>\n<meta property=\"og:locale\" content=\"fr_FR\" \/>\n<meta property=\"og:type\" content=\"article\" \/>\n<meta property=\"og:title\" content=\"Grille Tuscany C \u00e0 charbon - Universo Grill Srl\" \/>\n<meta property=\"og:description\" content=\"Grille professionnelle con\u00e7ue pour les restaurants qui permet aux chefs d&#039;exalter la saveur de la viande, du poisson et des l\u00e9gumes cuits sur la grille.\" \/>\n<meta property=\"og:url\" content=\"https:\/\/universosrl.it\/fr\/produits\/tuscany-c\/\" \/>\n<meta property=\"og:site_name\" content=\"Universo Grill Srl\" \/>\n<meta property=\"article:modified_time\" content=\"2025-12-16T11:06:57+00:00\" \/>\n<meta property=\"og:image\" content=\"https:\/\/universosrl.it\/wp-content\/uploads\/universo-Griglia-Carbone-CE.png\" \/>\n\t<meta property=\"og:image:width\" content=\"1440\" \/>\n\t<meta property=\"og:image:height\" content=\"1440\" \/>\n\t<meta property=\"og:image:type\" content=\"image\/png\" \/>\n<meta name=\"twitter:card\" content=\"summary_large_image\" \/>\n<meta name=\"twitter:label1\" content=\"Dur\u00e9e de lecture estim\u00e9e\" \/>\n\t<meta name=\"twitter:data1\" content=\"1 minute\" \/>\n<script type=\"application\/ld+json\" class=\"yoast-schema-graph\">{\"@context\":\"https:\/\/schema.org\",\"@graph\":[{\"@type\":\"WebPage\",\"@id\":\"https:\/\/universosrl.it\/fr\/produits\/tuscany-c\/\",\"url\":\"https:\/\/universosrl.it\/fr\/produits\/tuscany-c\/\",\"name\":\"Grille Tuscany C \u00e0 charbon - Universo Grill Srl\",\"isPartOf\":{\"@id\":\"https:\/\/universosrl.it\/fr\/#website\"},\"primaryImageOfPage\":{\"@id\":\"https:\/\/universosrl.it\/fr\/produits\/tuscany-c\/#primaryimage\"},\"image\":{\"@id\":\"https:\/\/universosrl.it\/fr\/produits\/tuscany-c\/#primaryimage\"},\"thumbnailUrl\":\"https:\/\/universosrl.it\/wp-content\/uploads\/universo-Griglia-Carbone-CE.png\",\"datePublished\":\"2022-10-16T21:12:38+00:00\",\"dateModified\":\"2025-12-16T11:06:57+00:00\",\"description\":\"Grille professionnelle con\u00e7ue pour les restaurants qui permet aux chefs d'exalter la saveur de la viande, du poisson et des l\u00e9gumes cuits sur la grille.\",\"breadcrumb\":{\"@id\":\"https:\/\/universosrl.it\/fr\/produits\/tuscany-c\/#breadcrumb\"},\"inLanguage\":\"fr-FR\",\"potentialAction\":[{\"@type\":\"ReadAction\",\"target\":[\"https:\/\/universosrl.it\/fr\/produits\/tuscany-c\/\"]}]},{\"@type\":\"ImageObject\",\"inLanguage\":\"fr-FR\",\"@id\":\"https:\/\/universosrl.it\/fr\/produits\/tuscany-c\/#primaryimage\",\"url\":\"https:\/\/universosrl.it\/wp-content\/uploads\/universo-Griglia-Carbone-CE.png\",\"contentUrl\":\"https:\/\/universosrl.it\/wp-content\/uploads\/universo-Griglia-Carbone-CE.png\",\"width\":1440,\"height\":1440},{\"@type\":\"BreadcrumbList\",\"@id\":\"https:\/\/universosrl.it\/fr\/produits\/tuscany-c\/#breadcrumb\",\"itemListElement\":[{\"@type\":\"ListItem\",\"position\":1,\"name\":\"Home\",\"item\":\"https:\/\/universosrl.it\/fr\/\"},{\"@type\":\"ListItem\",\"position\":2,\"name\":\"Produits\",\"item\":\"https:\/\/universosrl.it\/fr\/produits\/\"},{\"@type\":\"ListItem\",\"position\":3,\"name\":\"Grilles\",\"item\":\"https:\/\/universosrl.it\/fr\/cat_produits\/grilles\/\"},{\"@type\":\"ListItem\",\"position\":4,\"name\":\"Grille Tuscany C \u00e0 charbon\"}]},{\"@type\":\"WebSite\",\"@id\":\"https:\/\/universosrl.it\/fr\/#website\",\"url\":\"https:\/\/universosrl.it\/fr\/\",\"name\":\"Universo Grill Srl\",\"description\":\"Girarrosti e Griglie Professionali per Ristoranti\",\"potentialAction\":[{\"@type\":\"SearchAction\",\"target\":{\"@type\":\"EntryPoint\",\"urlTemplate\":\"https:\/\/universosrl.it\/fr\/?s={search_term_string}\"},\"query-input\":{\"@type\":\"PropertyValueSpecification\",\"valueRequired\":true,\"valueName\":\"search_term_string\"}}],\"inLanguage\":\"fr-FR\"}]}<\/script>\n<!-- \/ Yoast SEO plugin. -->","yoast_head_json":{"title":"Grille Tuscany C \u00e0 charbon - Universo Grill Srl","description":"Grille professionnelle con\u00e7ue pour les restaurants qui permet aux chefs d'exalter la saveur de la viande, du poisson et des l\u00e9gumes cuits sur la grille.","robots":{"index":"index","follow":"follow","max-snippet":"max-snippet:-1","max-image-preview":"max-image-preview:large","max-video-preview":"max-video-preview:-1"},"canonical":"https:\/\/universosrl.it\/fr\/produits\/tuscany-c\/","og_locale":"fr_FR","og_type":"article","og_title":"Grille Tuscany C \u00e0 charbon - Universo Grill Srl","og_description":"Grille professionnelle con\u00e7ue pour les restaurants qui permet aux chefs d'exalter la saveur de la viande, du poisson et des l\u00e9gumes cuits sur la grille.","og_url":"https:\/\/universosrl.it\/fr\/produits\/tuscany-c\/","og_site_name":"Universo Grill Srl","article_modified_time":"2025-12-16T11:06:57+00:00","og_image":[{"width":1440,"height":1440,"url":"https:\/\/universosrl.it\/wp-content\/uploads\/universo-Griglia-Carbone-CE.png","type":"image\/png"}],"twitter_card":"summary_large_image","twitter_misc":{"Dur\u00e9e de lecture estim\u00e9e":"1 minute"},"schema":{"@context":"https:\/\/schema.org","@graph":[{"@type":"WebPage","@id":"https:\/\/universosrl.it\/fr\/produits\/tuscany-c\/","url":"https:\/\/universosrl.it\/fr\/produits\/tuscany-c\/","name":"Grille Tuscany C \u00e0 charbon - Universo Grill Srl","isPartOf":{"@id":"https:\/\/universosrl.it\/fr\/#website"},"primaryImageOfPage":{"@id":"https:\/\/universosrl.it\/fr\/produits\/tuscany-c\/#primaryimage"},"image":{"@id":"https:\/\/universosrl.it\/fr\/produits\/tuscany-c\/#primaryimage"},"thumbnailUrl":"https:\/\/universosrl.it\/wp-content\/uploads\/universo-Griglia-Carbone-CE.png","datePublished":"2022-10-16T21:12:38+00:00","dateModified":"2025-12-16T11:06:57+00:00","description":"Grille professionnelle con\u00e7ue pour les restaurants qui permet aux chefs d'exalter la saveur de la viande, du poisson et des l\u00e9gumes cuits sur la grille.","breadcrumb":{"@id":"https:\/\/universosrl.it\/fr\/produits\/tuscany-c\/#breadcrumb"},"inLanguage":"fr-FR","potentialAction":[{"@type":"ReadAction","target":["https:\/\/universosrl.it\/fr\/produits\/tuscany-c\/"]}]},{"@type":"ImageObject","inLanguage":"fr-FR","@id":"https:\/\/universosrl.it\/fr\/produits\/tuscany-c\/#primaryimage","url":"https:\/\/universosrl.it\/wp-content\/uploads\/universo-Griglia-Carbone-CE.png","contentUrl":"https:\/\/universosrl.it\/wp-content\/uploads\/universo-Griglia-Carbone-CE.png","width":1440,"height":1440},{"@type":"BreadcrumbList","@id":"https:\/\/universosrl.it\/fr\/produits\/tuscany-c\/#breadcrumb","itemListElement":[{"@type":"ListItem","position":1,"name":"Home","item":"https:\/\/universosrl.it\/fr\/"},{"@type":"ListItem","position":2,"name":"Produits","item":"https:\/\/universosrl.it\/fr\/produits\/"},{"@type":"ListItem","position":3,"name":"Grilles","item":"https:\/\/universosrl.it\/fr\/cat_produits\/grilles\/"},{"@type":"ListItem","position":4,"name":"Grille Tuscany C \u00e0 charbon"}]},{"@type":"WebSite","@id":"https:\/\/universosrl.it\/fr\/#website","url":"https:\/\/universosrl.it\/fr\/","name":"Universo Grill Srl","description":"Girarrosti e Griglie Professionali per Ristoranti","potentialAction":[{"@type":"SearchAction","target":{"@type":"EntryPoint","urlTemplate":"https:\/\/universosrl.it\/fr\/?s={search_term_string}"},"query-input":{"@type":"PropertyValueSpecification","valueRequired":true,"valueName":"search_term_string"}}],"inLanguage":"fr-FR"}]}},"_links":{"self":[{"href":"https:\/\/universosrl.it\/fr\/wp-json\/wp\/v2\/product\/1563","targetHints":{"allow":["GET"]}}],"collection":[{"href":"https:\/\/universosrl.it\/fr\/wp-json\/wp\/v2\/product"}],"about":[{"href":"https:\/\/universosrl.it\/fr\/wp-json\/wp\/v2\/types\/product"}],"wp:featuredmedia":[{"embeddable":true,"href":"https:\/\/universosrl.it\/fr\/wp-json\/wp\/v2\/media\/1371"}],"wp:attachment":[{"href":"https:\/\/universosrl.it\/fr\/wp-json\/wp\/v2\/media?parent=1563"}],"wp:term":[{"taxonomy":"product_category","embeddable":true,"href":"https:\/\/universosrl.it\/fr\/wp-json\/wp\/v2\/product_category?post=1563"}],"curies":[{"name":"wp","href":"https:\/\/api.w.org\/{rel}","templated":true}]}}