{"id":1562,"date":"2022-07-05T15:29:35","date_gmt":"2022-07-05T13:29:35","guid":{"rendered":"https:\/\/universosrl.it\/prodotto\/griglia-pietra-lavica\/"},"modified":"2025-12-16T11:23:59","modified_gmt":"2025-12-16T10:23:59","slug":"grille-a-pierre-de-lave","status":"publish","type":"product","link":"https:\/\/universosrl.it\/fr\/produits\/grille-a-pierre-de-lave\/","title":{"rendered":"Grille \u00e0 pierre de lave"},"content":{"rendered":"<p>La grille professionnelle en pierre de lave est parfaite pour tous les restaurants qui ont besoin d&rsquo;une cuisson rapide, facile \u00e0 utiliser, capable de garder une temp\u00e9rature constante pendant longtemps et de garantir une cuisson constante et homog\u00e8ne des aliments, qu&rsquo;il s&rsquo;agisse de viande, de l\u00e9gumes, de poisson ou de n&rsquo;importe quel autre aliment.<\/p>\n","protected":false},"featured_media":1486,"menu_order":40,"template":"","product_category":[37],"class_list":["post-1562","product","type-product","status-publish","has-post-thumbnail","hentry","product_category-grilles"],"acf":[],"yoast_head":"<!-- This site is optimized with the Yoast SEO plugin v27.2 - https:\/\/yoast.com\/product\/yoast-seo-wordpress\/ -->\n<title>Grille \u00e0 pierre de lave - Universo Grill Srl<\/title>\n<meta name=\"description\" content=\"Sp\u00e9cialement con\u00e7ue pour les restaurants, elle offre une cuisson des aliments rapide, homog\u00e8ne et \u00e0 temp\u00e9rature constante.\" \/>\n<meta name=\"robots\" content=\"index, follow, max-snippet:-1, max-image-preview:large, max-video-preview:-1\" \/>\n<link rel=\"canonical\" href=\"https:\/\/universosrl.it\/fr\/produits\/grille-a-pierre-de-lave\/\" \/>\n<meta property=\"og:locale\" content=\"fr_FR\" \/>\n<meta property=\"og:type\" content=\"article\" \/>\n<meta property=\"og:title\" content=\"Grille \u00e0 pierre de lave - Universo Grill Srl\" \/>\n<meta property=\"og:description\" content=\"Sp\u00e9cialement con\u00e7ue pour les restaurants, elle offre une cuisson des aliments rapide, homog\u00e8ne et \u00e0 temp\u00e9rature constante.\" \/>\n<meta property=\"og:url\" content=\"https:\/\/universosrl.it\/fr\/produits\/grille-a-pierre-de-lave\/\" \/>\n<meta property=\"og:site_name\" content=\"Universo Grill Srl\" \/>\n<meta property=\"article:modified_time\" content=\"2025-12-16T10:23:59+00:00\" \/>\n<meta property=\"og:image\" content=\"https:\/\/universosrl.it\/wp-content\/uploads\/1440_G6A0507-1.png\" \/>\n\t<meta property=\"og:image:width\" content=\"1440\" \/>\n\t<meta property=\"og:image:height\" content=\"1440\" \/>\n\t<meta property=\"og:image:type\" content=\"image\/png\" \/>\n<meta name=\"twitter:card\" content=\"summary_large_image\" \/>\n<meta name=\"twitter:label1\" content=\"Dur\u00e9e de lecture estim\u00e9e\" \/>\n\t<meta name=\"twitter:data1\" content=\"1 minute\" \/>\n<script type=\"application\/ld+json\" class=\"yoast-schema-graph\">{\"@context\":\"https:\/\/schema.org\",\"@graph\":[{\"@type\":\"WebPage\",\"@id\":\"https:\/\/universosrl.it\/fr\/produits\/grille-a-pierre-de-lave\/\",\"url\":\"https:\/\/universosrl.it\/fr\/produits\/grille-a-pierre-de-lave\/\",\"name\":\"Grille \u00e0 pierre de lave - Universo Grill Srl\",\"isPartOf\":{\"@id\":\"https:\/\/universosrl.it\/fr\/#website\"},\"primaryImageOfPage\":{\"@id\":\"https:\/\/universosrl.it\/fr\/produits\/grille-a-pierre-de-lave\/#primaryimage\"},\"image\":{\"@id\":\"https:\/\/universosrl.it\/fr\/produits\/grille-a-pierre-de-lave\/#primaryimage\"},\"thumbnailUrl\":\"https:\/\/universosrl.it\/wp-content\/uploads\/1440_G6A0507-1.png\",\"datePublished\":\"2022-07-05T13:29:35+00:00\",\"dateModified\":\"2025-12-16T10:23:59+00:00\",\"description\":\"Sp\u00e9cialement con\u00e7ue pour les restaurants, elle offre une cuisson des aliments rapide, homog\u00e8ne et \u00e0 temp\u00e9rature constante.\",\"breadcrumb\":{\"@id\":\"https:\/\/universosrl.it\/fr\/produits\/grille-a-pierre-de-lave\/#breadcrumb\"},\"inLanguage\":\"fr-FR\",\"potentialAction\":[{\"@type\":\"ReadAction\",\"target\":[\"https:\/\/universosrl.it\/fr\/produits\/grille-a-pierre-de-lave\/\"]}]},{\"@type\":\"ImageObject\",\"inLanguage\":\"fr-FR\",\"@id\":\"https:\/\/universosrl.it\/fr\/produits\/grille-a-pierre-de-lave\/#primaryimage\",\"url\":\"https:\/\/universosrl.it\/wp-content\/uploads\/1440_G6A0507-1.png\",\"contentUrl\":\"https:\/\/universosrl.it\/wp-content\/uploads\/1440_G6A0507-1.png\",\"width\":1440,\"height\":1440},{\"@type\":\"BreadcrumbList\",\"@id\":\"https:\/\/universosrl.it\/fr\/produits\/grille-a-pierre-de-lave\/#breadcrumb\",\"itemListElement\":[{\"@type\":\"ListItem\",\"position\":1,\"name\":\"Home\",\"item\":\"https:\/\/universosrl.it\/fr\/\"},{\"@type\":\"ListItem\",\"position\":2,\"name\":\"Produits\",\"item\":\"https:\/\/universosrl.it\/fr\/produits\/\"},{\"@type\":\"ListItem\",\"position\":3,\"name\":\"Grilles\",\"item\":\"https:\/\/universosrl.it\/fr\/cat_produits\/grilles\/\"},{\"@type\":\"ListItem\",\"position\":4,\"name\":\"Grille \u00e0 pierre de lave\"}]},{\"@type\":\"WebSite\",\"@id\":\"https:\/\/universosrl.it\/fr\/#website\",\"url\":\"https:\/\/universosrl.it\/fr\/\",\"name\":\"Universo Grill Srl\",\"description\":\"Girarrosti e Griglie Professionali per Ristoranti\",\"potentialAction\":[{\"@type\":\"SearchAction\",\"target\":{\"@type\":\"EntryPoint\",\"urlTemplate\":\"https:\/\/universosrl.it\/fr\/?s={search_term_string}\"},\"query-input\":{\"@type\":\"PropertyValueSpecification\",\"valueRequired\":true,\"valueName\":\"search_term_string\"}}],\"inLanguage\":\"fr-FR\"}]}<\/script>\n<!-- \/ Yoast SEO plugin. -->","yoast_head_json":{"title":"Grille \u00e0 pierre de lave - Universo Grill Srl","description":"Sp\u00e9cialement con\u00e7ue pour les restaurants, elle offre une cuisson des aliments rapide, homog\u00e8ne et \u00e0 temp\u00e9rature constante.","robots":{"index":"index","follow":"follow","max-snippet":"max-snippet:-1","max-image-preview":"max-image-preview:large","max-video-preview":"max-video-preview:-1"},"canonical":"https:\/\/universosrl.it\/fr\/produits\/grille-a-pierre-de-lave\/","og_locale":"fr_FR","og_type":"article","og_title":"Grille \u00e0 pierre de lave - Universo Grill Srl","og_description":"Sp\u00e9cialement con\u00e7ue pour les restaurants, elle offre une cuisson des aliments rapide, homog\u00e8ne et \u00e0 temp\u00e9rature constante.","og_url":"https:\/\/universosrl.it\/fr\/produits\/grille-a-pierre-de-lave\/","og_site_name":"Universo Grill Srl","article_modified_time":"2025-12-16T10:23:59+00:00","og_image":[{"width":1440,"height":1440,"url":"https:\/\/universosrl.it\/wp-content\/uploads\/1440_G6A0507-1.png","type":"image\/png"}],"twitter_card":"summary_large_image","twitter_misc":{"Dur\u00e9e de lecture estim\u00e9e":"1 minute"},"schema":{"@context":"https:\/\/schema.org","@graph":[{"@type":"WebPage","@id":"https:\/\/universosrl.it\/fr\/produits\/grille-a-pierre-de-lave\/","url":"https:\/\/universosrl.it\/fr\/produits\/grille-a-pierre-de-lave\/","name":"Grille \u00e0 pierre de lave - Universo Grill Srl","isPartOf":{"@id":"https:\/\/universosrl.it\/fr\/#website"},"primaryImageOfPage":{"@id":"https:\/\/universosrl.it\/fr\/produits\/grille-a-pierre-de-lave\/#primaryimage"},"image":{"@id":"https:\/\/universosrl.it\/fr\/produits\/grille-a-pierre-de-lave\/#primaryimage"},"thumbnailUrl":"https:\/\/universosrl.it\/wp-content\/uploads\/1440_G6A0507-1.png","datePublished":"2022-07-05T13:29:35+00:00","dateModified":"2025-12-16T10:23:59+00:00","description":"Sp\u00e9cialement con\u00e7ue pour les restaurants, elle offre une cuisson des aliments rapide, homog\u00e8ne et \u00e0 temp\u00e9rature constante.","breadcrumb":{"@id":"https:\/\/universosrl.it\/fr\/produits\/grille-a-pierre-de-lave\/#breadcrumb"},"inLanguage":"fr-FR","potentialAction":[{"@type":"ReadAction","target":["https:\/\/universosrl.it\/fr\/produits\/grille-a-pierre-de-lave\/"]}]},{"@type":"ImageObject","inLanguage":"fr-FR","@id":"https:\/\/universosrl.it\/fr\/produits\/grille-a-pierre-de-lave\/#primaryimage","url":"https:\/\/universosrl.it\/wp-content\/uploads\/1440_G6A0507-1.png","contentUrl":"https:\/\/universosrl.it\/wp-content\/uploads\/1440_G6A0507-1.png","width":1440,"height":1440},{"@type":"BreadcrumbList","@id":"https:\/\/universosrl.it\/fr\/produits\/grille-a-pierre-de-lave\/#breadcrumb","itemListElement":[{"@type":"ListItem","position":1,"name":"Home","item":"https:\/\/universosrl.it\/fr\/"},{"@type":"ListItem","position":2,"name":"Produits","item":"https:\/\/universosrl.it\/fr\/produits\/"},{"@type":"ListItem","position":3,"name":"Grilles","item":"https:\/\/universosrl.it\/fr\/cat_produits\/grilles\/"},{"@type":"ListItem","position":4,"name":"Grille \u00e0 pierre de lave"}]},{"@type":"WebSite","@id":"https:\/\/universosrl.it\/fr\/#website","url":"https:\/\/universosrl.it\/fr\/","name":"Universo Grill Srl","description":"Girarrosti e Griglie Professionali per Ristoranti","potentialAction":[{"@type":"SearchAction","target":{"@type":"EntryPoint","urlTemplate":"https:\/\/universosrl.it\/fr\/?s={search_term_string}"},"query-input":{"@type":"PropertyValueSpecification","valueRequired":true,"valueName":"search_term_string"}}],"inLanguage":"fr-FR"}]}},"_links":{"self":[{"href":"https:\/\/universosrl.it\/fr\/wp-json\/wp\/v2\/product\/1562","targetHints":{"allow":["GET"]}}],"collection":[{"href":"https:\/\/universosrl.it\/fr\/wp-json\/wp\/v2\/product"}],"about":[{"href":"https:\/\/universosrl.it\/fr\/wp-json\/wp\/v2\/types\/product"}],"wp:featuredmedia":[{"embeddable":true,"href":"https:\/\/universosrl.it\/fr\/wp-json\/wp\/v2\/media\/1486"}],"wp:attachment":[{"href":"https:\/\/universosrl.it\/fr\/wp-json\/wp\/v2\/media?parent=1562"}],"wp:term":[{"taxonomy":"product_category","embeddable":true,"href":"https:\/\/universosrl.it\/fr\/wp-json\/wp\/v2\/product_category?post=1562"}],"curies":[{"name":"wp","href":"https:\/\/api.w.org\/{rel}","templated":true}]}}