{"id":1560,"date":"2022-10-16T23:04:28","date_gmt":"2022-10-16T21:04:28","guid":{"rendered":"https:\/\/universosrl.it\/prodotto\/girarrosto-a-gas\/"},"modified":"2023-10-22T18:33:26","modified_gmt":"2023-10-22T16:33:26","slug":"rotissoire-a-gaz","status":"publish","type":"product","link":"https:\/\/universosrl.it\/fr\/produits\/rotissoire-a-gaz\/","title":{"rendered":"R\u00f4tissoire \u00e0 gaz"},"content":{"rendered":"<p>La r\u00f4tissoire professionnelle \u00e0 gaz a \u00e9t\u00e9 cr\u00e9\u00e9e pour tous ces lieux tels que les r\u00f4tisseries, les volaillers, les camionnettes de march\u00e9 qui souhaitent offrir \u00e0 leurs clients des poulets, des poulets farcis, des r\u00f4tis, du gibier, des foies, des jarrets, des roulades et des pommes de terre \u00e0 cuisson rapide et contr\u00f4l\u00e9e.<\/p>\n","protected":false},"featured_media":1367,"menu_order":20,"template":"","product_category":[34],"class_list":["post-1560","product","type-product","status-publish","has-post-thumbnail","hentry","product_category-rotissoires"],"acf":[],"yoast_head":"<!-- This site is optimized with the Yoast SEO plugin v27.2 - https:\/\/yoast.com\/product\/yoast-seo-wordpress\/ -->\n<title>R\u00f4tissoire \u00e0 gaz - Universo Grill Srl<\/title>\n<meta name=\"description\" content=\"R\u00e9alis\u00e9 ad hoc pour les r\u00f4tisseries et camionnettes de march\u00e9, il permet de proposer \u00e0 ses clients des poulets, des r\u00f4tis, du gibier, des roulades \u00e0 cuisson rapide et contr\u00f4l\u00e9e.\" \/>\n<meta name=\"robots\" content=\"index, follow, max-snippet:-1, max-image-preview:large, max-video-preview:-1\" \/>\n<link rel=\"canonical\" href=\"https:\/\/universosrl.it\/fr\/produits\/rotissoire-a-gaz\/\" \/>\n<meta property=\"og:locale\" content=\"fr_FR\" \/>\n<meta property=\"og:type\" content=\"article\" \/>\n<meta property=\"og:title\" content=\"R\u00f4tissoire \u00e0 gaz - Universo Grill Srl\" \/>\n<meta property=\"og:description\" content=\"R\u00e9alis\u00e9 ad hoc pour les r\u00f4tisseries et camionnettes de march\u00e9, il permet de proposer \u00e0 ses clients des poulets, des r\u00f4tis, du gibier, des roulades \u00e0 cuisson rapide et contr\u00f4l\u00e9e.\" \/>\n<meta property=\"og:url\" content=\"https:\/\/universosrl.it\/fr\/produits\/rotissoire-a-gaz\/\" \/>\n<meta property=\"og:site_name\" content=\"Universo Grill Srl\" \/>\n<meta property=\"article:modified_time\" content=\"2023-10-22T16:33:26+00:00\" \/>\n<meta property=\"og:image\" content=\"https:\/\/universosrl.it\/wp-content\/uploads\/universo-Girarrosto-a-Gas.png\" \/>\n\t<meta property=\"og:image:width\" content=\"1440\" \/>\n\t<meta property=\"og:image:height\" content=\"1440\" \/>\n\t<meta property=\"og:image:type\" content=\"image\/png\" \/>\n<meta name=\"twitter:card\" content=\"summary_large_image\" \/>\n<meta name=\"twitter:label1\" content=\"Dur\u00e9e de lecture estim\u00e9e\" \/>\n\t<meta name=\"twitter:data1\" content=\"1 minute\" \/>\n<script type=\"application\/ld+json\" class=\"yoast-schema-graph\">{\"@context\":\"https:\/\/schema.org\",\"@graph\":[{\"@type\":\"WebPage\",\"@id\":\"https:\/\/universosrl.it\/fr\/produits\/rotissoire-a-gaz\/\",\"url\":\"https:\/\/universosrl.it\/fr\/produits\/rotissoire-a-gaz\/\",\"name\":\"R\u00f4tissoire \u00e0 gaz - Universo Grill Srl\",\"isPartOf\":{\"@id\":\"https:\/\/universosrl.it\/fr\/#website\"},\"primaryImageOfPage\":{\"@id\":\"https:\/\/universosrl.it\/fr\/produits\/rotissoire-a-gaz\/#primaryimage\"},\"image\":{\"@id\":\"https:\/\/universosrl.it\/fr\/produits\/rotissoire-a-gaz\/#primaryimage\"},\"thumbnailUrl\":\"https:\/\/universosrl.it\/wp-content\/uploads\/universo-Girarrosto-a-Gas.png\",\"datePublished\":\"2022-10-16T21:04:28+00:00\",\"dateModified\":\"2023-10-22T16:33:26+00:00\",\"description\":\"R\u00e9alis\u00e9 ad hoc pour les r\u00f4tisseries et camionnettes de march\u00e9, il permet de proposer \u00e0 ses clients des poulets, des r\u00f4tis, du gibier, des roulades \u00e0 cuisson rapide et contr\u00f4l\u00e9e.\",\"breadcrumb\":{\"@id\":\"https:\/\/universosrl.it\/fr\/produits\/rotissoire-a-gaz\/#breadcrumb\"},\"inLanguage\":\"fr-FR\",\"potentialAction\":[{\"@type\":\"ReadAction\",\"target\":[\"https:\/\/universosrl.it\/fr\/produits\/rotissoire-a-gaz\/\"]}]},{\"@type\":\"ImageObject\",\"inLanguage\":\"fr-FR\",\"@id\":\"https:\/\/universosrl.it\/fr\/produits\/rotissoire-a-gaz\/#primaryimage\",\"url\":\"https:\/\/universosrl.it\/wp-content\/uploads\/universo-Girarrosto-a-Gas.png\",\"contentUrl\":\"https:\/\/universosrl.it\/wp-content\/uploads\/universo-Girarrosto-a-Gas.png\",\"width\":1440,\"height\":1440},{\"@type\":\"BreadcrumbList\",\"@id\":\"https:\/\/universosrl.it\/fr\/produits\/rotissoire-a-gaz\/#breadcrumb\",\"itemListElement\":[{\"@type\":\"ListItem\",\"position\":1,\"name\":\"Home\",\"item\":\"https:\/\/universosrl.it\/fr\/\"},{\"@type\":\"ListItem\",\"position\":2,\"name\":\"Produits\",\"item\":\"https:\/\/universosrl.it\/fr\/produits\/\"},{\"@type\":\"ListItem\",\"position\":3,\"name\":\"R\u00f4tissoires\",\"item\":\"https:\/\/universosrl.it\/fr\/cat_produits\/rotissoires\/\"},{\"@type\":\"ListItem\",\"position\":4,\"name\":\"R\u00f4tissoire \u00e0 gaz\"}]},{\"@type\":\"WebSite\",\"@id\":\"https:\/\/universosrl.it\/fr\/#website\",\"url\":\"https:\/\/universosrl.it\/fr\/\",\"name\":\"Universo Grill Srl\",\"description\":\"Girarrosti e Griglie Professionali per Ristoranti\",\"potentialAction\":[{\"@type\":\"SearchAction\",\"target\":{\"@type\":\"EntryPoint\",\"urlTemplate\":\"https:\/\/universosrl.it\/fr\/?s={search_term_string}\"},\"query-input\":{\"@type\":\"PropertyValueSpecification\",\"valueRequired\":true,\"valueName\":\"search_term_string\"}}],\"inLanguage\":\"fr-FR\"}]}<\/script>\n<!-- \/ Yoast SEO plugin. -->","yoast_head_json":{"title":"R\u00f4tissoire \u00e0 gaz - Universo Grill Srl","description":"R\u00e9alis\u00e9 ad hoc pour les r\u00f4tisseries et camionnettes de march\u00e9, il permet de proposer \u00e0 ses clients des poulets, des r\u00f4tis, du gibier, des roulades \u00e0 cuisson rapide et contr\u00f4l\u00e9e.","robots":{"index":"index","follow":"follow","max-snippet":"max-snippet:-1","max-image-preview":"max-image-preview:large","max-video-preview":"max-video-preview:-1"},"canonical":"https:\/\/universosrl.it\/fr\/produits\/rotissoire-a-gaz\/","og_locale":"fr_FR","og_type":"article","og_title":"R\u00f4tissoire \u00e0 gaz - Universo Grill Srl","og_description":"R\u00e9alis\u00e9 ad hoc pour les r\u00f4tisseries et camionnettes de march\u00e9, il permet de proposer \u00e0 ses clients des poulets, des r\u00f4tis, du gibier, des roulades \u00e0 cuisson rapide et contr\u00f4l\u00e9e.","og_url":"https:\/\/universosrl.it\/fr\/produits\/rotissoire-a-gaz\/","og_site_name":"Universo Grill Srl","article_modified_time":"2023-10-22T16:33:26+00:00","og_image":[{"width":1440,"height":1440,"url":"https:\/\/universosrl.it\/wp-content\/uploads\/universo-Girarrosto-a-Gas.png","type":"image\/png"}],"twitter_card":"summary_large_image","twitter_misc":{"Dur\u00e9e de lecture estim\u00e9e":"1 minute"},"schema":{"@context":"https:\/\/schema.org","@graph":[{"@type":"WebPage","@id":"https:\/\/universosrl.it\/fr\/produits\/rotissoire-a-gaz\/","url":"https:\/\/universosrl.it\/fr\/produits\/rotissoire-a-gaz\/","name":"R\u00f4tissoire \u00e0 gaz - Universo Grill Srl","isPartOf":{"@id":"https:\/\/universosrl.it\/fr\/#website"},"primaryImageOfPage":{"@id":"https:\/\/universosrl.it\/fr\/produits\/rotissoire-a-gaz\/#primaryimage"},"image":{"@id":"https:\/\/universosrl.it\/fr\/produits\/rotissoire-a-gaz\/#primaryimage"},"thumbnailUrl":"https:\/\/universosrl.it\/wp-content\/uploads\/universo-Girarrosto-a-Gas.png","datePublished":"2022-10-16T21:04:28+00:00","dateModified":"2023-10-22T16:33:26+00:00","description":"R\u00e9alis\u00e9 ad hoc pour les r\u00f4tisseries et camionnettes de march\u00e9, il permet de proposer \u00e0 ses clients des poulets, des r\u00f4tis, du gibier, des roulades \u00e0 cuisson rapide et contr\u00f4l\u00e9e.","breadcrumb":{"@id":"https:\/\/universosrl.it\/fr\/produits\/rotissoire-a-gaz\/#breadcrumb"},"inLanguage":"fr-FR","potentialAction":[{"@type":"ReadAction","target":["https:\/\/universosrl.it\/fr\/produits\/rotissoire-a-gaz\/"]}]},{"@type":"ImageObject","inLanguage":"fr-FR","@id":"https:\/\/universosrl.it\/fr\/produits\/rotissoire-a-gaz\/#primaryimage","url":"https:\/\/universosrl.it\/wp-content\/uploads\/universo-Girarrosto-a-Gas.png","contentUrl":"https:\/\/universosrl.it\/wp-content\/uploads\/universo-Girarrosto-a-Gas.png","width":1440,"height":1440},{"@type":"BreadcrumbList","@id":"https:\/\/universosrl.it\/fr\/produits\/rotissoire-a-gaz\/#breadcrumb","itemListElement":[{"@type":"ListItem","position":1,"name":"Home","item":"https:\/\/universosrl.it\/fr\/"},{"@type":"ListItem","position":2,"name":"Produits","item":"https:\/\/universosrl.it\/fr\/produits\/"},{"@type":"ListItem","position":3,"name":"R\u00f4tissoires","item":"https:\/\/universosrl.it\/fr\/cat_produits\/rotissoires\/"},{"@type":"ListItem","position":4,"name":"R\u00f4tissoire \u00e0 gaz"}]},{"@type":"WebSite","@id":"https:\/\/universosrl.it\/fr\/#website","url":"https:\/\/universosrl.it\/fr\/","name":"Universo Grill Srl","description":"Girarrosti e Griglie Professionali per Ristoranti","potentialAction":[{"@type":"SearchAction","target":{"@type":"EntryPoint","urlTemplate":"https:\/\/universosrl.it\/fr\/?s={search_term_string}"},"query-input":{"@type":"PropertyValueSpecification","valueRequired":true,"valueName":"search_term_string"}}],"inLanguage":"fr-FR"}]}},"_links":{"self":[{"href":"https:\/\/universosrl.it\/fr\/wp-json\/wp\/v2\/product\/1560","targetHints":{"allow":["GET"]}}],"collection":[{"href":"https:\/\/universosrl.it\/fr\/wp-json\/wp\/v2\/product"}],"about":[{"href":"https:\/\/universosrl.it\/fr\/wp-json\/wp\/v2\/types\/product"}],"wp:featuredmedia":[{"embeddable":true,"href":"https:\/\/universosrl.it\/fr\/wp-json\/wp\/v2\/media\/1367"}],"wp:attachment":[{"href":"https:\/\/universosrl.it\/fr\/wp-json\/wp\/v2\/media?parent=1560"}],"wp:term":[{"taxonomy":"product_category","embeddable":true,"href":"https:\/\/universosrl.it\/fr\/wp-json\/wp\/v2\/product_category?post=1560"}],"curies":[{"name":"wp","href":"https:\/\/api.w.org\/{rel}","templated":true}]}}