{"id":1559,"date":"2022-10-16T23:02:05","date_gmt":"2022-10-16T21:02:05","guid":{"rendered":"https:\/\/universosrl.it\/prodotto\/girarrosto-a-legna\/"},"modified":"2024-03-17T13:08:48","modified_gmt":"2024-03-17T12:08:48","slug":"rotissoire-au-feu-de-bois","status":"publish","type":"product","link":"https:\/\/universosrl.it\/fr\/produits\/rotissoire-au-feu-de-bois\/","title":{"rendered":"R\u00f4tissoire au feu de bois"},"content":{"rendered":"<p>La r\u00f4tissoire professionnelle au feu de bois, produit embl\u00e9matique d&rsquo;Universo, a \u00e9t\u00e9 cr\u00e9\u00e9e pour tous ces lieux tels que les r\u00f4tisseries, les volaillers, les supermarch\u00e9s et les restaurants qui souhaitent offrir \u00e0 leurs clients des poulets, des poulets farcis, des r\u00f4tis, du gibier, des foies, des jarrets, des roulades, et des pommes de terre avec une cuisson croustillante et dor\u00e9e aux ar\u00f4mes uniques.<\/p>\n","protected":false},"featured_media":1366,"menu_order":10,"template":"","product_category":[34],"class_list":["post-1559","product","type-product","status-publish","has-post-thumbnail","hentry","product_category-rotissoires"],"acf":[],"yoast_head":"<!-- This site is optimized with the Yoast SEO plugin v27.2 - https:\/\/yoast.com\/product\/yoast-seo-wordpress\/ -->\n<title>R\u00f4tissoire au feu de bois - Universo Grill Srl<\/title>\n<meta name=\"description\" content=\"R\u00e9alis\u00e9 ad hoc pour les r\u00f4tisseries et les restaurants, il permet de proposer \u00e0 ses clients des poulets, des r\u00f4tis, du gibier, des roulades aux saveurs et ar\u00f4mes uniques.\" \/>\n<meta name=\"robots\" content=\"index, follow, max-snippet:-1, max-image-preview:large, max-video-preview:-1\" \/>\n<link rel=\"canonical\" href=\"https:\/\/universosrl.it\/fr\/produits\/rotissoire-au-feu-de-bois\/\" \/>\n<meta property=\"og:locale\" content=\"fr_FR\" \/>\n<meta property=\"og:type\" content=\"article\" \/>\n<meta property=\"og:title\" content=\"R\u00f4tissoire au feu de bois - Universo Grill Srl\" \/>\n<meta property=\"og:description\" content=\"R\u00e9alis\u00e9 ad hoc pour les r\u00f4tisseries et les restaurants, il permet de proposer \u00e0 ses clients des poulets, des r\u00f4tis, du gibier, des roulades aux saveurs et ar\u00f4mes uniques.\" \/>\n<meta property=\"og:url\" content=\"https:\/\/universosrl.it\/fr\/produits\/rotissoire-au-feu-de-bois\/\" \/>\n<meta property=\"og:site_name\" content=\"Universo Grill Srl\" \/>\n<meta property=\"article:modified_time\" content=\"2024-03-17T12:08:48+00:00\" \/>\n<meta property=\"og:image\" content=\"https:\/\/universosrl.it\/wp-content\/uploads\/universo-Girarrosto-a-Legna.png\" \/>\n\t<meta property=\"og:image:width\" content=\"1440\" \/>\n\t<meta property=\"og:image:height\" content=\"1440\" \/>\n\t<meta property=\"og:image:type\" content=\"image\/png\" \/>\n<meta name=\"twitter:card\" content=\"summary_large_image\" \/>\n<meta name=\"twitter:label1\" content=\"Dur\u00e9e de lecture estim\u00e9e\" \/>\n\t<meta name=\"twitter:data1\" content=\"1 minute\" \/>\n<script type=\"application\/ld+json\" class=\"yoast-schema-graph\">{\"@context\":\"https:\/\/schema.org\",\"@graph\":[{\"@type\":\"WebPage\",\"@id\":\"https:\/\/universosrl.it\/fr\/produits\/rotissoire-au-feu-de-bois\/\",\"url\":\"https:\/\/universosrl.it\/fr\/produits\/rotissoire-au-feu-de-bois\/\",\"name\":\"R\u00f4tissoire au feu de bois - Universo Grill Srl\",\"isPartOf\":{\"@id\":\"https:\/\/universosrl.it\/fr\/#website\"},\"primaryImageOfPage\":{\"@id\":\"https:\/\/universosrl.it\/fr\/produits\/rotissoire-au-feu-de-bois\/#primaryimage\"},\"image\":{\"@id\":\"https:\/\/universosrl.it\/fr\/produits\/rotissoire-au-feu-de-bois\/#primaryimage\"},\"thumbnailUrl\":\"https:\/\/universosrl.it\/wp-content\/uploads\/universo-Girarrosto-a-Legna.png\",\"datePublished\":\"2022-10-16T21:02:05+00:00\",\"dateModified\":\"2024-03-17T12:08:48+00:00\",\"description\":\"R\u00e9alis\u00e9 ad hoc pour les r\u00f4tisseries et les restaurants, il permet de proposer \u00e0 ses clients des poulets, des r\u00f4tis, du gibier, des roulades aux saveurs et ar\u00f4mes uniques.\",\"breadcrumb\":{\"@id\":\"https:\/\/universosrl.it\/fr\/produits\/rotissoire-au-feu-de-bois\/#breadcrumb\"},\"inLanguage\":\"fr-FR\",\"potentialAction\":[{\"@type\":\"ReadAction\",\"target\":[\"https:\/\/universosrl.it\/fr\/produits\/rotissoire-au-feu-de-bois\/\"]}]},{\"@type\":\"ImageObject\",\"inLanguage\":\"fr-FR\",\"@id\":\"https:\/\/universosrl.it\/fr\/produits\/rotissoire-au-feu-de-bois\/#primaryimage\",\"url\":\"https:\/\/universosrl.it\/wp-content\/uploads\/universo-Girarrosto-a-Legna.png\",\"contentUrl\":\"https:\/\/universosrl.it\/wp-content\/uploads\/universo-Girarrosto-a-Legna.png\",\"width\":1440,\"height\":1440},{\"@type\":\"BreadcrumbList\",\"@id\":\"https:\/\/universosrl.it\/fr\/produits\/rotissoire-au-feu-de-bois\/#breadcrumb\",\"itemListElement\":[{\"@type\":\"ListItem\",\"position\":1,\"name\":\"Home\",\"item\":\"https:\/\/universosrl.it\/fr\/\"},{\"@type\":\"ListItem\",\"position\":2,\"name\":\"Produits\",\"item\":\"https:\/\/universosrl.it\/fr\/produits\/\"},{\"@type\":\"ListItem\",\"position\":3,\"name\":\"R\u00f4tissoires\",\"item\":\"https:\/\/universosrl.it\/fr\/cat_produits\/rotissoires\/\"},{\"@type\":\"ListItem\",\"position\":4,\"name\":\"R\u00f4tissoire au feu de bois\"}]},{\"@type\":\"WebSite\",\"@id\":\"https:\/\/universosrl.it\/fr\/#website\",\"url\":\"https:\/\/universosrl.it\/fr\/\",\"name\":\"Universo Grill Srl\",\"description\":\"Girarrosti e Griglie Professionali per Ristoranti\",\"potentialAction\":[{\"@type\":\"SearchAction\",\"target\":{\"@type\":\"EntryPoint\",\"urlTemplate\":\"https:\/\/universosrl.it\/fr\/?s={search_term_string}\"},\"query-input\":{\"@type\":\"PropertyValueSpecification\",\"valueRequired\":true,\"valueName\":\"search_term_string\"}}],\"inLanguage\":\"fr-FR\"}]}<\/script>\n<!-- \/ Yoast SEO plugin. -->","yoast_head_json":{"title":"R\u00f4tissoire au feu de bois - Universo Grill Srl","description":"R\u00e9alis\u00e9 ad hoc pour les r\u00f4tisseries et les restaurants, il permet de proposer \u00e0 ses clients des poulets, des r\u00f4tis, du gibier, des roulades aux saveurs et ar\u00f4mes uniques.","robots":{"index":"index","follow":"follow","max-snippet":"max-snippet:-1","max-image-preview":"max-image-preview:large","max-video-preview":"max-video-preview:-1"},"canonical":"https:\/\/universosrl.it\/fr\/produits\/rotissoire-au-feu-de-bois\/","og_locale":"fr_FR","og_type":"article","og_title":"R\u00f4tissoire au feu de bois - Universo Grill Srl","og_description":"R\u00e9alis\u00e9 ad hoc pour les r\u00f4tisseries et les restaurants, il permet de proposer \u00e0 ses clients des poulets, des r\u00f4tis, du gibier, des roulades aux saveurs et ar\u00f4mes uniques.","og_url":"https:\/\/universosrl.it\/fr\/produits\/rotissoire-au-feu-de-bois\/","og_site_name":"Universo Grill Srl","article_modified_time":"2024-03-17T12:08:48+00:00","og_image":[{"width":1440,"height":1440,"url":"https:\/\/universosrl.it\/wp-content\/uploads\/universo-Girarrosto-a-Legna.png","type":"image\/png"}],"twitter_card":"summary_large_image","twitter_misc":{"Dur\u00e9e de lecture estim\u00e9e":"1 minute"},"schema":{"@context":"https:\/\/schema.org","@graph":[{"@type":"WebPage","@id":"https:\/\/universosrl.it\/fr\/produits\/rotissoire-au-feu-de-bois\/","url":"https:\/\/universosrl.it\/fr\/produits\/rotissoire-au-feu-de-bois\/","name":"R\u00f4tissoire au feu de bois - Universo Grill Srl","isPartOf":{"@id":"https:\/\/universosrl.it\/fr\/#website"},"primaryImageOfPage":{"@id":"https:\/\/universosrl.it\/fr\/produits\/rotissoire-au-feu-de-bois\/#primaryimage"},"image":{"@id":"https:\/\/universosrl.it\/fr\/produits\/rotissoire-au-feu-de-bois\/#primaryimage"},"thumbnailUrl":"https:\/\/universosrl.it\/wp-content\/uploads\/universo-Girarrosto-a-Legna.png","datePublished":"2022-10-16T21:02:05+00:00","dateModified":"2024-03-17T12:08:48+00:00","description":"R\u00e9alis\u00e9 ad hoc pour les r\u00f4tisseries et les restaurants, il permet de proposer \u00e0 ses clients des poulets, des r\u00f4tis, du gibier, des roulades aux saveurs et ar\u00f4mes uniques.","breadcrumb":{"@id":"https:\/\/universosrl.it\/fr\/produits\/rotissoire-au-feu-de-bois\/#breadcrumb"},"inLanguage":"fr-FR","potentialAction":[{"@type":"ReadAction","target":["https:\/\/universosrl.it\/fr\/produits\/rotissoire-au-feu-de-bois\/"]}]},{"@type":"ImageObject","inLanguage":"fr-FR","@id":"https:\/\/universosrl.it\/fr\/produits\/rotissoire-au-feu-de-bois\/#primaryimage","url":"https:\/\/universosrl.it\/wp-content\/uploads\/universo-Girarrosto-a-Legna.png","contentUrl":"https:\/\/universosrl.it\/wp-content\/uploads\/universo-Girarrosto-a-Legna.png","width":1440,"height":1440},{"@type":"BreadcrumbList","@id":"https:\/\/universosrl.it\/fr\/produits\/rotissoire-au-feu-de-bois\/#breadcrumb","itemListElement":[{"@type":"ListItem","position":1,"name":"Home","item":"https:\/\/universosrl.it\/fr\/"},{"@type":"ListItem","position":2,"name":"Produits","item":"https:\/\/universosrl.it\/fr\/produits\/"},{"@type":"ListItem","position":3,"name":"R\u00f4tissoires","item":"https:\/\/universosrl.it\/fr\/cat_produits\/rotissoires\/"},{"@type":"ListItem","position":4,"name":"R\u00f4tissoire au feu de bois"}]},{"@type":"WebSite","@id":"https:\/\/universosrl.it\/fr\/#website","url":"https:\/\/universosrl.it\/fr\/","name":"Universo Grill Srl","description":"Girarrosti e Griglie Professionali per Ristoranti","potentialAction":[{"@type":"SearchAction","target":{"@type":"EntryPoint","urlTemplate":"https:\/\/universosrl.it\/fr\/?s={search_term_string}"},"query-input":{"@type":"PropertyValueSpecification","valueRequired":true,"valueName":"search_term_string"}}],"inLanguage":"fr-FR"}]}},"_links":{"self":[{"href":"https:\/\/universosrl.it\/fr\/wp-json\/wp\/v2\/product\/1559","targetHints":{"allow":["GET"]}}],"collection":[{"href":"https:\/\/universosrl.it\/fr\/wp-json\/wp\/v2\/product"}],"about":[{"href":"https:\/\/universosrl.it\/fr\/wp-json\/wp\/v2\/types\/product"}],"wp:featuredmedia":[{"embeddable":true,"href":"https:\/\/universosrl.it\/fr\/wp-json\/wp\/v2\/media\/1366"}],"wp:attachment":[{"href":"https:\/\/universosrl.it\/fr\/wp-json\/wp\/v2\/media?parent=1559"}],"wp:term":[{"taxonomy":"product_category","embeddable":true,"href":"https:\/\/universosrl.it\/fr\/wp-json\/wp\/v2\/product_category?post=1559"}],"curies":[{"name":"wp","href":"https:\/\/api.w.org\/{rel}","templated":true}]}}