{"id":1822,"date":"2022-07-03T15:52:19","date_gmt":"2022-07-03T13:52:19","guid":{"rendered":"https:\/\/universosrl.it\/prodotto\/tuscany-w\/"},"modified":"2024-10-27T11:52:44","modified_gmt":"2024-10-27T10:52:44","slug":"parrilla-tuscany-w","status":"publish","type":"product","link":"https:\/\/universosrl.it\/es\/productos\/parrilla-tuscany-w\/","title":{"rendered":"Parrilla Tuscany W"},"content":{"rendered":"<p>Realizada ad hoc para la hosteler\u00eda, <strong>la Tuscany W es una parrilla profesional que permite al cocinero realzar el cocinar<\/strong> las mejores carnes, pescados y verduras. Dise\u00f1ada para todos los amantes del sabor y el gusto, <strong>es capaz de crear una atm\u00f3sfera m\u00e1gica<\/strong> en los locales donde se coloca a la vista de los comensales, convirti\u00e9ndose as\u00ed en un <strong>objeto que combina dise\u00f1o y credibilidad<\/strong>. La Tuscany W est\u00e1 recomendada para todos aquellos establecimientos que deseen ofrecer <strong>cocina a la brasa<\/strong> tales como: restaurantes tradicionales, tabernas, mesones, asadores, \u00abcarnicer\u00edas-restaurante\u00bb y \u00absteak houses\u00bb.<\/p>\n","protected":false},"featured_media":703,"menu_order":10,"template":"","product_category":[70],"class_list":["post-1822","product","type-product","status-publish","has-post-thumbnail","hentry","product_category-parrillas"],"acf":[],"yoast_head":"<!-- This site is optimized with the Yoast SEO plugin v27.2 - https:\/\/yoast.com\/product\/yoast-seo-wordpress\/ -->\n<title>Parrilla Tuscany W - Universo Grill Srl<\/title>\n<meta name=\"description\" content=\"La parrilla Tuscany W- Professional hecha para la hosteler\u00eda que permite a los cocineros realzar el sabor de carnes, pescados y verduras a la brasa.\" \/>\n<meta name=\"robots\" content=\"index, follow, max-snippet:-1, max-image-preview:large, max-video-preview:-1\" \/>\n<link rel=\"canonical\" href=\"https:\/\/universosrl.it\/es\/productos\/parrilla-tuscany-w\/\" \/>\n<meta property=\"og:locale\" content=\"es_ES\" \/>\n<meta property=\"og:type\" content=\"article\" \/>\n<meta property=\"og:title\" content=\"Parrilla Tuscany W - Universo Grill Srl\" \/>\n<meta property=\"og:description\" content=\"La parrilla Tuscany W- Professional hecha para la hosteler\u00eda que permite a los cocineros realzar el sabor de carnes, pescados y verduras a la brasa.\" \/>\n<meta property=\"og:url\" content=\"https:\/\/universosrl.it\/es\/productos\/parrilla-tuscany-w\/\" \/>\n<meta property=\"og:site_name\" content=\"Universo Grill Srl\" \/>\n<meta property=\"article:modified_time\" content=\"2024-10-27T10:52:44+00:00\" \/>\n<meta property=\"og:image\" content=\"https:\/\/universosrl.it\/wp-content\/uploads\/universo-Tuscany.png\" \/>\n\t<meta property=\"og:image:width\" content=\"1440\" \/>\n\t<meta property=\"og:image:height\" content=\"1440\" \/>\n\t<meta property=\"og:image:type\" content=\"image\/png\" \/>\n<meta name=\"twitter:card\" content=\"summary_large_image\" \/>\n<meta name=\"twitter:label1\" content=\"Tiempo de lectura\" \/>\n\t<meta name=\"twitter:data1\" content=\"1 minuto\" \/>\n<script type=\"application\/ld+json\" class=\"yoast-schema-graph\">{\"@context\":\"https:\/\/schema.org\",\"@graph\":[{\"@type\":\"WebPage\",\"@id\":\"https:\/\/universosrl.it\/es\/productos\/parrilla-tuscany-w\/\",\"url\":\"https:\/\/universosrl.it\/es\/productos\/parrilla-tuscany-w\/\",\"name\":\"Parrilla Tuscany W - Universo Grill Srl\",\"isPartOf\":{\"@id\":\"https:\/\/universosrl.it\/es\/#website\"},\"primaryImageOfPage\":{\"@id\":\"https:\/\/universosrl.it\/es\/productos\/parrilla-tuscany-w\/#primaryimage\"},\"image\":{\"@id\":\"https:\/\/universosrl.it\/es\/productos\/parrilla-tuscany-w\/#primaryimage\"},\"thumbnailUrl\":\"https:\/\/universosrl.it\/wp-content\/uploads\/universo-Tuscany.png\",\"datePublished\":\"2022-07-03T13:52:19+00:00\",\"dateModified\":\"2024-10-27T10:52:44+00:00\",\"description\":\"La parrilla Tuscany W- Professional hecha para la hosteler\u00eda que permite a los cocineros realzar el sabor de carnes, pescados y verduras a la brasa.\",\"breadcrumb\":{\"@id\":\"https:\/\/universosrl.it\/es\/productos\/parrilla-tuscany-w\/#breadcrumb\"},\"inLanguage\":\"es\",\"potentialAction\":[{\"@type\":\"ReadAction\",\"target\":[\"https:\/\/universosrl.it\/es\/productos\/parrilla-tuscany-w\/\"]}]},{\"@type\":\"ImageObject\",\"inLanguage\":\"es\",\"@id\":\"https:\/\/universosrl.it\/es\/productos\/parrilla-tuscany-w\/#primaryimage\",\"url\":\"https:\/\/universosrl.it\/wp-content\/uploads\/universo-Tuscany.png\",\"contentUrl\":\"https:\/\/universosrl.it\/wp-content\/uploads\/universo-Tuscany.png\",\"width\":1440,\"height\":1440},{\"@type\":\"BreadcrumbList\",\"@id\":\"https:\/\/universosrl.it\/es\/productos\/parrilla-tuscany-w\/#breadcrumb\",\"itemListElement\":[{\"@type\":\"ListItem\",\"position\":1,\"name\":\"Home\",\"item\":\"https:\/\/universosrl.it\/es\/\"},{\"@type\":\"ListItem\",\"position\":2,\"name\":\"Productos\",\"item\":\"https:\/\/universosrl.it\/es\/productos\/\"},{\"@type\":\"ListItem\",\"position\":3,\"name\":\"Parrillas\",\"item\":\"https:\/\/universosrl.it\/es\/cat_productos\/parrillas\/\"},{\"@type\":\"ListItem\",\"position\":4,\"name\":\"Parrilla Tuscany W\"}]},{\"@type\":\"WebSite\",\"@id\":\"https:\/\/universosrl.it\/es\/#website\",\"url\":\"https:\/\/universosrl.it\/es\/\",\"name\":\"Universo Grill Srl\",\"description\":\"Girarrosti e Griglie Professionali per Ristoranti\",\"potentialAction\":[{\"@type\":\"SearchAction\",\"target\":{\"@type\":\"EntryPoint\",\"urlTemplate\":\"https:\/\/universosrl.it\/es\/?s={search_term_string}\"},\"query-input\":{\"@type\":\"PropertyValueSpecification\",\"valueRequired\":true,\"valueName\":\"search_term_string\"}}],\"inLanguage\":\"es\"}]}<\/script>\n<!-- \/ Yoast SEO plugin. -->","yoast_head_json":{"title":"Parrilla Tuscany W - Universo Grill Srl","description":"La parrilla Tuscany W- Professional hecha para la hosteler\u00eda que permite a los cocineros realzar el sabor de carnes, pescados y verduras a la brasa.","robots":{"index":"index","follow":"follow","max-snippet":"max-snippet:-1","max-image-preview":"max-image-preview:large","max-video-preview":"max-video-preview:-1"},"canonical":"https:\/\/universosrl.it\/es\/productos\/parrilla-tuscany-w\/","og_locale":"es_ES","og_type":"article","og_title":"Parrilla Tuscany W - Universo Grill Srl","og_description":"La parrilla Tuscany W- Professional hecha para la hosteler\u00eda que permite a los cocineros realzar el sabor de carnes, pescados y verduras a la brasa.","og_url":"https:\/\/universosrl.it\/es\/productos\/parrilla-tuscany-w\/","og_site_name":"Universo Grill Srl","article_modified_time":"2024-10-27T10:52:44+00:00","og_image":[{"width":1440,"height":1440,"url":"https:\/\/universosrl.it\/wp-content\/uploads\/universo-Tuscany.png","type":"image\/png"}],"twitter_card":"summary_large_image","twitter_misc":{"Tiempo de lectura":"1 minuto"},"schema":{"@context":"https:\/\/schema.org","@graph":[{"@type":"WebPage","@id":"https:\/\/universosrl.it\/es\/productos\/parrilla-tuscany-w\/","url":"https:\/\/universosrl.it\/es\/productos\/parrilla-tuscany-w\/","name":"Parrilla Tuscany W - Universo Grill Srl","isPartOf":{"@id":"https:\/\/universosrl.it\/es\/#website"},"primaryImageOfPage":{"@id":"https:\/\/universosrl.it\/es\/productos\/parrilla-tuscany-w\/#primaryimage"},"image":{"@id":"https:\/\/universosrl.it\/es\/productos\/parrilla-tuscany-w\/#primaryimage"},"thumbnailUrl":"https:\/\/universosrl.it\/wp-content\/uploads\/universo-Tuscany.png","datePublished":"2022-07-03T13:52:19+00:00","dateModified":"2024-10-27T10:52:44+00:00","description":"La parrilla Tuscany W- Professional hecha para la hosteler\u00eda que permite a los cocineros realzar el sabor de carnes, pescados y verduras a la brasa.","breadcrumb":{"@id":"https:\/\/universosrl.it\/es\/productos\/parrilla-tuscany-w\/#breadcrumb"},"inLanguage":"es","potentialAction":[{"@type":"ReadAction","target":["https:\/\/universosrl.it\/es\/productos\/parrilla-tuscany-w\/"]}]},{"@type":"ImageObject","inLanguage":"es","@id":"https:\/\/universosrl.it\/es\/productos\/parrilla-tuscany-w\/#primaryimage","url":"https:\/\/universosrl.it\/wp-content\/uploads\/universo-Tuscany.png","contentUrl":"https:\/\/universosrl.it\/wp-content\/uploads\/universo-Tuscany.png","width":1440,"height":1440},{"@type":"BreadcrumbList","@id":"https:\/\/universosrl.it\/es\/productos\/parrilla-tuscany-w\/#breadcrumb","itemListElement":[{"@type":"ListItem","position":1,"name":"Home","item":"https:\/\/universosrl.it\/es\/"},{"@type":"ListItem","position":2,"name":"Productos","item":"https:\/\/universosrl.it\/es\/productos\/"},{"@type":"ListItem","position":3,"name":"Parrillas","item":"https:\/\/universosrl.it\/es\/cat_productos\/parrillas\/"},{"@type":"ListItem","position":4,"name":"Parrilla Tuscany W"}]},{"@type":"WebSite","@id":"https:\/\/universosrl.it\/es\/#website","url":"https:\/\/universosrl.it\/es\/","name":"Universo Grill Srl","description":"Girarrosti e Griglie Professionali per Ristoranti","potentialAction":[{"@type":"SearchAction","target":{"@type":"EntryPoint","urlTemplate":"https:\/\/universosrl.it\/es\/?s={search_term_string}"},"query-input":{"@type":"PropertyValueSpecification","valueRequired":true,"valueName":"search_term_string"}}],"inLanguage":"es"}]}},"_links":{"self":[{"href":"https:\/\/universosrl.it\/es\/wp-json\/wp\/v2\/product\/1822","targetHints":{"allow":["GET"]}}],"collection":[{"href":"https:\/\/universosrl.it\/es\/wp-json\/wp\/v2\/product"}],"about":[{"href":"https:\/\/universosrl.it\/es\/wp-json\/wp\/v2\/types\/product"}],"wp:featuredmedia":[{"embeddable":true,"href":"https:\/\/universosrl.it\/es\/wp-json\/wp\/v2\/media\/703"}],"wp:attachment":[{"href":"https:\/\/universosrl.it\/es\/wp-json\/wp\/v2\/media?parent=1822"}],"wp:term":[{"taxonomy":"product_category","embeddable":true,"href":"https:\/\/universosrl.it\/es\/wp-json\/wp\/v2\/product_category?post=1822"}],"curies":[{"name":"wp","href":"https:\/\/api.w.org\/{rel}","templated":true}]}}