{"id":1820,"date":"2022-07-05T15:29:35","date_gmt":"2022-07-05T13:29:35","guid":{"rendered":"https:\/\/universosrl.it\/prodotto\/griglia-pietra-lavica\/"},"modified":"2025-12-16T11:25:20","modified_gmt":"2025-12-16T10:25:20","slug":"parrilla-de-piedra-de-lava","status":"publish","type":"product","link":"https:\/\/universosrl.it\/es\/productos\/parrilla-de-piedra-de-lava\/","title":{"rendered":"Parrilla de piedra de lava"},"content":{"rendered":"<p>La <strong>parrilla profesional de piedra de lava<\/strong> es perfecta para todos aquellos restaurantes que necesitan una cocci\u00f3n r\u00e1pida, f\u00e1cil de usar, capaz de mantener una temperatura constante durante mucho tiempo y garantizar una <strong>cocci\u00f3n difundida y homog\u00e9nea de los alimentos<\/strong>, ya sean carnes, verduras, pescados o cualquier otro alimento.<\/p>\n","protected":false},"featured_media":1053,"menu_order":40,"template":"","product_category":[70],"class_list":["post-1820","product","type-product","status-publish","has-post-thumbnail","hentry","product_category-parrillas"],"acf":[],"yoast_head":"<!-- This site is optimized with the Yoast SEO plugin v27.2 - https:\/\/yoast.com\/product\/yoast-seo-wordpress\/ -->\n<title>Parrilla de piedra de lava - Universo Grill Srl<\/title>\n<meta name=\"description\" content=\"Creada ad hoc para la restauraci\u00f3n, permite ofrecer cocciones r\u00e1pidas a temperatura constante para una cocci\u00f3n homog\u00e9nea de los alimentos.\" \/>\n<meta name=\"robots\" content=\"index, follow, max-snippet:-1, max-image-preview:large, max-video-preview:-1\" \/>\n<link rel=\"canonical\" href=\"https:\/\/universosrl.it\/es\/productos\/parrilla-de-piedra-de-lava\/\" \/>\n<meta property=\"og:locale\" content=\"es_ES\" \/>\n<meta property=\"og:type\" content=\"article\" \/>\n<meta property=\"og:title\" content=\"Parrilla de piedra de lava - Universo Grill Srl\" \/>\n<meta property=\"og:description\" content=\"Creada ad hoc para la restauraci\u00f3n, permite ofrecer cocciones r\u00e1pidas a temperatura constante para una cocci\u00f3n homog\u00e9nea de los alimentos.\" \/>\n<meta property=\"og:url\" content=\"https:\/\/universosrl.it\/es\/productos\/parrilla-de-piedra-de-lava\/\" \/>\n<meta property=\"og:site_name\" content=\"Universo Grill Srl\" \/>\n<meta property=\"article:modified_time\" content=\"2025-12-16T10:25:20+00:00\" \/>\n<meta property=\"og:image\" content=\"https:\/\/universosrl.it\/wp-content\/uploads\/1440_G6A0507-1.png\" \/>\n\t<meta property=\"og:image:width\" content=\"1440\" \/>\n\t<meta property=\"og:image:height\" content=\"1440\" \/>\n\t<meta property=\"og:image:type\" content=\"image\/png\" \/>\n<meta name=\"twitter:card\" content=\"summary_large_image\" \/>\n<meta name=\"twitter:label1\" content=\"Tiempo de lectura\" \/>\n\t<meta name=\"twitter:data1\" content=\"1 minuto\" \/>\n<script type=\"application\/ld+json\" class=\"yoast-schema-graph\">{\"@context\":\"https:\/\/schema.org\",\"@graph\":[{\"@type\":\"WebPage\",\"@id\":\"https:\/\/universosrl.it\/es\/productos\/parrilla-de-piedra-de-lava\/\",\"url\":\"https:\/\/universosrl.it\/es\/productos\/parrilla-de-piedra-de-lava\/\",\"name\":\"Parrilla de piedra de lava - Universo Grill Srl\",\"isPartOf\":{\"@id\":\"https:\/\/universosrl.it\/es\/#website\"},\"primaryImageOfPage\":{\"@id\":\"https:\/\/universosrl.it\/es\/productos\/parrilla-de-piedra-de-lava\/#primaryimage\"},\"image\":{\"@id\":\"https:\/\/universosrl.it\/es\/productos\/parrilla-de-piedra-de-lava\/#primaryimage\"},\"thumbnailUrl\":\"https:\/\/universosrl.it\/wp-content\/uploads\/1440_G6A0507-1.png\",\"datePublished\":\"2022-07-05T13:29:35+00:00\",\"dateModified\":\"2025-12-16T10:25:20+00:00\",\"description\":\"Creada ad hoc para la restauraci\u00f3n, permite ofrecer cocciones r\u00e1pidas a temperatura constante para una cocci\u00f3n homog\u00e9nea de los alimentos.\",\"breadcrumb\":{\"@id\":\"https:\/\/universosrl.it\/es\/productos\/parrilla-de-piedra-de-lava\/#breadcrumb\"},\"inLanguage\":\"es\",\"potentialAction\":[{\"@type\":\"ReadAction\",\"target\":[\"https:\/\/universosrl.it\/es\/productos\/parrilla-de-piedra-de-lava\/\"]}]},{\"@type\":\"ImageObject\",\"inLanguage\":\"es\",\"@id\":\"https:\/\/universosrl.it\/es\/productos\/parrilla-de-piedra-de-lava\/#primaryimage\",\"url\":\"https:\/\/universosrl.it\/wp-content\/uploads\/1440_G6A0507-1.png\",\"contentUrl\":\"https:\/\/universosrl.it\/wp-content\/uploads\/1440_G6A0507-1.png\",\"width\":1440,\"height\":1440},{\"@type\":\"BreadcrumbList\",\"@id\":\"https:\/\/universosrl.it\/es\/productos\/parrilla-de-piedra-de-lava\/#breadcrumb\",\"itemListElement\":[{\"@type\":\"ListItem\",\"position\":1,\"name\":\"Home\",\"item\":\"https:\/\/universosrl.it\/es\/\"},{\"@type\":\"ListItem\",\"position\":2,\"name\":\"Productos\",\"item\":\"https:\/\/universosrl.it\/es\/productos\/\"},{\"@type\":\"ListItem\",\"position\":3,\"name\":\"Parrillas\",\"item\":\"https:\/\/universosrl.it\/es\/cat_productos\/parrillas\/\"},{\"@type\":\"ListItem\",\"position\":4,\"name\":\"Parrilla de piedra de lava\"}]},{\"@type\":\"WebSite\",\"@id\":\"https:\/\/universosrl.it\/es\/#website\",\"url\":\"https:\/\/universosrl.it\/es\/\",\"name\":\"Universo Grill Srl\",\"description\":\"Girarrosti e Griglie Professionali per Ristoranti\",\"potentialAction\":[{\"@type\":\"SearchAction\",\"target\":{\"@type\":\"EntryPoint\",\"urlTemplate\":\"https:\/\/universosrl.it\/es\/?s={search_term_string}\"},\"query-input\":{\"@type\":\"PropertyValueSpecification\",\"valueRequired\":true,\"valueName\":\"search_term_string\"}}],\"inLanguage\":\"es\"}]}<\/script>\n<!-- \/ Yoast SEO plugin. -->","yoast_head_json":{"title":"Parrilla de piedra de lava - Universo Grill Srl","description":"Creada ad hoc para la restauraci\u00f3n, permite ofrecer cocciones r\u00e1pidas a temperatura constante para una cocci\u00f3n homog\u00e9nea de los alimentos.","robots":{"index":"index","follow":"follow","max-snippet":"max-snippet:-1","max-image-preview":"max-image-preview:large","max-video-preview":"max-video-preview:-1"},"canonical":"https:\/\/universosrl.it\/es\/productos\/parrilla-de-piedra-de-lava\/","og_locale":"es_ES","og_type":"article","og_title":"Parrilla de piedra de lava - Universo Grill Srl","og_description":"Creada ad hoc para la restauraci\u00f3n, permite ofrecer cocciones r\u00e1pidas a temperatura constante para una cocci\u00f3n homog\u00e9nea de los alimentos.","og_url":"https:\/\/universosrl.it\/es\/productos\/parrilla-de-piedra-de-lava\/","og_site_name":"Universo Grill Srl","article_modified_time":"2025-12-16T10:25:20+00:00","og_image":[{"width":1440,"height":1440,"url":"https:\/\/universosrl.it\/wp-content\/uploads\/1440_G6A0507-1.png","type":"image\/png"}],"twitter_card":"summary_large_image","twitter_misc":{"Tiempo de lectura":"1 minuto"},"schema":{"@context":"https:\/\/schema.org","@graph":[{"@type":"WebPage","@id":"https:\/\/universosrl.it\/es\/productos\/parrilla-de-piedra-de-lava\/","url":"https:\/\/universosrl.it\/es\/productos\/parrilla-de-piedra-de-lava\/","name":"Parrilla de piedra de lava - Universo Grill Srl","isPartOf":{"@id":"https:\/\/universosrl.it\/es\/#website"},"primaryImageOfPage":{"@id":"https:\/\/universosrl.it\/es\/productos\/parrilla-de-piedra-de-lava\/#primaryimage"},"image":{"@id":"https:\/\/universosrl.it\/es\/productos\/parrilla-de-piedra-de-lava\/#primaryimage"},"thumbnailUrl":"https:\/\/universosrl.it\/wp-content\/uploads\/1440_G6A0507-1.png","datePublished":"2022-07-05T13:29:35+00:00","dateModified":"2025-12-16T10:25:20+00:00","description":"Creada ad hoc para la restauraci\u00f3n, permite ofrecer cocciones r\u00e1pidas a temperatura constante para una cocci\u00f3n homog\u00e9nea de los alimentos.","breadcrumb":{"@id":"https:\/\/universosrl.it\/es\/productos\/parrilla-de-piedra-de-lava\/#breadcrumb"},"inLanguage":"es","potentialAction":[{"@type":"ReadAction","target":["https:\/\/universosrl.it\/es\/productos\/parrilla-de-piedra-de-lava\/"]}]},{"@type":"ImageObject","inLanguage":"es","@id":"https:\/\/universosrl.it\/es\/productos\/parrilla-de-piedra-de-lava\/#primaryimage","url":"https:\/\/universosrl.it\/wp-content\/uploads\/1440_G6A0507-1.png","contentUrl":"https:\/\/universosrl.it\/wp-content\/uploads\/1440_G6A0507-1.png","width":1440,"height":1440},{"@type":"BreadcrumbList","@id":"https:\/\/universosrl.it\/es\/productos\/parrilla-de-piedra-de-lava\/#breadcrumb","itemListElement":[{"@type":"ListItem","position":1,"name":"Home","item":"https:\/\/universosrl.it\/es\/"},{"@type":"ListItem","position":2,"name":"Productos","item":"https:\/\/universosrl.it\/es\/productos\/"},{"@type":"ListItem","position":3,"name":"Parrillas","item":"https:\/\/universosrl.it\/es\/cat_productos\/parrillas\/"},{"@type":"ListItem","position":4,"name":"Parrilla de piedra de lava"}]},{"@type":"WebSite","@id":"https:\/\/universosrl.it\/es\/#website","url":"https:\/\/universosrl.it\/es\/","name":"Universo Grill Srl","description":"Girarrosti e Griglie Professionali per Ristoranti","potentialAction":[{"@type":"SearchAction","target":{"@type":"EntryPoint","urlTemplate":"https:\/\/universosrl.it\/es\/?s={search_term_string}"},"query-input":{"@type":"PropertyValueSpecification","valueRequired":true,"valueName":"search_term_string"}}],"inLanguage":"es"}]}},"_links":{"self":[{"href":"https:\/\/universosrl.it\/es\/wp-json\/wp\/v2\/product\/1820","targetHints":{"allow":["GET"]}}],"collection":[{"href":"https:\/\/universosrl.it\/es\/wp-json\/wp\/v2\/product"}],"about":[{"href":"https:\/\/universosrl.it\/es\/wp-json\/wp\/v2\/types\/product"}],"wp:featuredmedia":[{"embeddable":true,"href":"https:\/\/universosrl.it\/es\/wp-json\/wp\/v2\/media\/1053"}],"wp:attachment":[{"href":"https:\/\/universosrl.it\/es\/wp-json\/wp\/v2\/media?parent=1820"}],"wp:term":[{"taxonomy":"product_category","embeddable":true,"href":"https:\/\/universosrl.it\/es\/wp-json\/wp\/v2\/product_category?post=1820"}],"curies":[{"name":"wp","href":"https:\/\/api.w.org\/{rel}","templated":true}]}}