{"id":1818,"date":"2022-10-16T23:04:28","date_gmt":"2022-10-16T21:04:28","guid":{"rendered":"https:\/\/universosrl.it\/prodotto\/girarrosto-a-gas\/"},"modified":"2023-08-03T18:08:57","modified_gmt":"2023-08-03T16:08:57","slug":"asador-a-gas","status":"publish","type":"product","link":"https:\/\/universosrl.it\/es\/productos\/asador-a-gas\/","title":{"rendered":"Asador a gas"},"content":{"rendered":"<p>El asador a gas profesional fue creado para todos aquellos lugares como tiendas de comida para llevar, poller\u00edas, furgonetas de mercado que quieren ofrecer a sus clientes pollos, pollos a la diabla, asados, carnes de caza, h\u00edgados, codillos, rollitos y patatas con cocci\u00f3n r\u00e1pida y controlada.<\/p>\n","protected":false},"featured_media":688,"menu_order":20,"template":"","product_category":[69],"class_list":["post-1818","product","type-product","status-publish","has-post-thumbnail","hentry","product_category-asadores"],"acf":[],"yoast_head":"<!-- This site is optimized with the Yoast SEO plugin v27.2 - https:\/\/yoast.com\/product\/yoast-seo-wordpress\/ -->\n<title>Asador a gas - Universo Grill Srl<\/title>\n<meta name=\"description\" content=\"Creado ad hoc para tiendas de comida para llevar, y furgonetas de mercado, le permite ofrecer a sus clientes pollos, asados, carnes de caza, rollos, con una cocci\u00f3n r\u00e1pida y controlada.\" \/>\n<meta name=\"robots\" content=\"index, follow, max-snippet:-1, max-image-preview:large, max-video-preview:-1\" \/>\n<link rel=\"canonical\" href=\"https:\/\/universosrl.it\/es\/productos\/asador-a-gas\/\" \/>\n<meta property=\"og:locale\" content=\"es_ES\" \/>\n<meta property=\"og:type\" content=\"article\" \/>\n<meta property=\"og:title\" content=\"Asador a gas - Universo Grill Srl\" \/>\n<meta property=\"og:description\" content=\"Creado ad hoc para tiendas de comida para llevar, y furgonetas de mercado, le permite ofrecer a sus clientes pollos, asados, carnes de caza, rollos, con una cocci\u00f3n r\u00e1pida y controlada.\" \/>\n<meta property=\"og:url\" content=\"https:\/\/universosrl.it\/es\/productos\/asador-a-gas\/\" \/>\n<meta property=\"og:site_name\" content=\"Universo Grill Srl\" \/>\n<meta property=\"article:modified_time\" content=\"2023-08-03T16:08:57+00:00\" \/>\n<meta property=\"og:image\" content=\"https:\/\/universosrl.it\/wp-content\/uploads\/universo-Girarrosto-a-Gas.png\" \/>\n\t<meta property=\"og:image:width\" content=\"1440\" \/>\n\t<meta property=\"og:image:height\" content=\"1440\" \/>\n\t<meta property=\"og:image:type\" content=\"image\/png\" \/>\n<meta name=\"twitter:card\" content=\"summary_large_image\" \/>\n<meta name=\"twitter:label1\" content=\"Tiempo de lectura\" \/>\n\t<meta name=\"twitter:data1\" content=\"1 minuto\" \/>\n<script type=\"application\/ld+json\" class=\"yoast-schema-graph\">{\"@context\":\"https:\/\/schema.org\",\"@graph\":[{\"@type\":\"WebPage\",\"@id\":\"https:\/\/universosrl.it\/es\/productos\/asador-a-gas\/\",\"url\":\"https:\/\/universosrl.it\/es\/productos\/asador-a-gas\/\",\"name\":\"Asador a gas - Universo Grill Srl\",\"isPartOf\":{\"@id\":\"https:\/\/universosrl.it\/es\/#website\"},\"primaryImageOfPage\":{\"@id\":\"https:\/\/universosrl.it\/es\/productos\/asador-a-gas\/#primaryimage\"},\"image\":{\"@id\":\"https:\/\/universosrl.it\/es\/productos\/asador-a-gas\/#primaryimage\"},\"thumbnailUrl\":\"https:\/\/universosrl.it\/wp-content\/uploads\/universo-Girarrosto-a-Gas.png\",\"datePublished\":\"2022-10-16T21:04:28+00:00\",\"dateModified\":\"2023-08-03T16:08:57+00:00\",\"description\":\"Creado ad hoc para tiendas de comida para llevar, y furgonetas de mercado, le permite ofrecer a sus clientes pollos, asados, carnes de caza, rollos, con una cocci\u00f3n r\u00e1pida y controlada.\",\"breadcrumb\":{\"@id\":\"https:\/\/universosrl.it\/es\/productos\/asador-a-gas\/#breadcrumb\"},\"inLanguage\":\"es\",\"potentialAction\":[{\"@type\":\"ReadAction\",\"target\":[\"https:\/\/universosrl.it\/es\/productos\/asador-a-gas\/\"]}]},{\"@type\":\"ImageObject\",\"inLanguage\":\"es\",\"@id\":\"https:\/\/universosrl.it\/es\/productos\/asador-a-gas\/#primaryimage\",\"url\":\"https:\/\/universosrl.it\/wp-content\/uploads\/universo-Girarrosto-a-Gas.png\",\"contentUrl\":\"https:\/\/universosrl.it\/wp-content\/uploads\/universo-Girarrosto-a-Gas.png\",\"width\":1440,\"height\":1440},{\"@type\":\"BreadcrumbList\",\"@id\":\"https:\/\/universosrl.it\/es\/productos\/asador-a-gas\/#breadcrumb\",\"itemListElement\":[{\"@type\":\"ListItem\",\"position\":1,\"name\":\"Home\",\"item\":\"https:\/\/universosrl.it\/es\/\"},{\"@type\":\"ListItem\",\"position\":2,\"name\":\"Productos\",\"item\":\"https:\/\/universosrl.it\/es\/productos\/\"},{\"@type\":\"ListItem\",\"position\":3,\"name\":\"Asadores\",\"item\":\"https:\/\/universosrl.it\/es\/cat_productos\/asadores\/\"},{\"@type\":\"ListItem\",\"position\":4,\"name\":\"Asador a gas\"}]},{\"@type\":\"WebSite\",\"@id\":\"https:\/\/universosrl.it\/es\/#website\",\"url\":\"https:\/\/universosrl.it\/es\/\",\"name\":\"Universo Grill Srl\",\"description\":\"Girarrosti e Griglie Professionali per Ristoranti\",\"potentialAction\":[{\"@type\":\"SearchAction\",\"target\":{\"@type\":\"EntryPoint\",\"urlTemplate\":\"https:\/\/universosrl.it\/es\/?s={search_term_string}\"},\"query-input\":{\"@type\":\"PropertyValueSpecification\",\"valueRequired\":true,\"valueName\":\"search_term_string\"}}],\"inLanguage\":\"es\"}]}<\/script>\n<!-- \/ Yoast SEO plugin. -->","yoast_head_json":{"title":"Asador a gas - Universo Grill Srl","description":"Creado ad hoc para tiendas de comida para llevar, y furgonetas de mercado, le permite ofrecer a sus clientes pollos, asados, carnes de caza, rollos, con una cocci\u00f3n r\u00e1pida y controlada.","robots":{"index":"index","follow":"follow","max-snippet":"max-snippet:-1","max-image-preview":"max-image-preview:large","max-video-preview":"max-video-preview:-1"},"canonical":"https:\/\/universosrl.it\/es\/productos\/asador-a-gas\/","og_locale":"es_ES","og_type":"article","og_title":"Asador a gas - Universo Grill Srl","og_description":"Creado ad hoc para tiendas de comida para llevar, y furgonetas de mercado, le permite ofrecer a sus clientes pollos, asados, carnes de caza, rollos, con una cocci\u00f3n r\u00e1pida y controlada.","og_url":"https:\/\/universosrl.it\/es\/productos\/asador-a-gas\/","og_site_name":"Universo Grill Srl","article_modified_time":"2023-08-03T16:08:57+00:00","og_image":[{"width":1440,"height":1440,"url":"https:\/\/universosrl.it\/wp-content\/uploads\/universo-Girarrosto-a-Gas.png","type":"image\/png"}],"twitter_card":"summary_large_image","twitter_misc":{"Tiempo de lectura":"1 minuto"},"schema":{"@context":"https:\/\/schema.org","@graph":[{"@type":"WebPage","@id":"https:\/\/universosrl.it\/es\/productos\/asador-a-gas\/","url":"https:\/\/universosrl.it\/es\/productos\/asador-a-gas\/","name":"Asador a gas - Universo Grill Srl","isPartOf":{"@id":"https:\/\/universosrl.it\/es\/#website"},"primaryImageOfPage":{"@id":"https:\/\/universosrl.it\/es\/productos\/asador-a-gas\/#primaryimage"},"image":{"@id":"https:\/\/universosrl.it\/es\/productos\/asador-a-gas\/#primaryimage"},"thumbnailUrl":"https:\/\/universosrl.it\/wp-content\/uploads\/universo-Girarrosto-a-Gas.png","datePublished":"2022-10-16T21:04:28+00:00","dateModified":"2023-08-03T16:08:57+00:00","description":"Creado ad hoc para tiendas de comida para llevar, y furgonetas de mercado, le permite ofrecer a sus clientes pollos, asados, carnes de caza, rollos, con una cocci\u00f3n r\u00e1pida y controlada.","breadcrumb":{"@id":"https:\/\/universosrl.it\/es\/productos\/asador-a-gas\/#breadcrumb"},"inLanguage":"es","potentialAction":[{"@type":"ReadAction","target":["https:\/\/universosrl.it\/es\/productos\/asador-a-gas\/"]}]},{"@type":"ImageObject","inLanguage":"es","@id":"https:\/\/universosrl.it\/es\/productos\/asador-a-gas\/#primaryimage","url":"https:\/\/universosrl.it\/wp-content\/uploads\/universo-Girarrosto-a-Gas.png","contentUrl":"https:\/\/universosrl.it\/wp-content\/uploads\/universo-Girarrosto-a-Gas.png","width":1440,"height":1440},{"@type":"BreadcrumbList","@id":"https:\/\/universosrl.it\/es\/productos\/asador-a-gas\/#breadcrumb","itemListElement":[{"@type":"ListItem","position":1,"name":"Home","item":"https:\/\/universosrl.it\/es\/"},{"@type":"ListItem","position":2,"name":"Productos","item":"https:\/\/universosrl.it\/es\/productos\/"},{"@type":"ListItem","position":3,"name":"Asadores","item":"https:\/\/universosrl.it\/es\/cat_productos\/asadores\/"},{"@type":"ListItem","position":4,"name":"Asador a gas"}]},{"@type":"WebSite","@id":"https:\/\/universosrl.it\/es\/#website","url":"https:\/\/universosrl.it\/es\/","name":"Universo Grill Srl","description":"Girarrosti e Griglie Professionali per Ristoranti","potentialAction":[{"@type":"SearchAction","target":{"@type":"EntryPoint","urlTemplate":"https:\/\/universosrl.it\/es\/?s={search_term_string}"},"query-input":{"@type":"PropertyValueSpecification","valueRequired":true,"valueName":"search_term_string"}}],"inLanguage":"es"}]}},"_links":{"self":[{"href":"https:\/\/universosrl.it\/es\/wp-json\/wp\/v2\/product\/1818","targetHints":{"allow":["GET"]}}],"collection":[{"href":"https:\/\/universosrl.it\/es\/wp-json\/wp\/v2\/product"}],"about":[{"href":"https:\/\/universosrl.it\/es\/wp-json\/wp\/v2\/types\/product"}],"wp:featuredmedia":[{"embeddable":true,"href":"https:\/\/universosrl.it\/es\/wp-json\/wp\/v2\/media\/688"}],"wp:attachment":[{"href":"https:\/\/universosrl.it\/es\/wp-json\/wp\/v2\/media?parent=1818"}],"wp:term":[{"taxonomy":"product_category","embeddable":true,"href":"https:\/\/universosrl.it\/es\/wp-json\/wp\/v2\/product_category?post=1818"}],"curies":[{"name":"wp","href":"https:\/\/api.w.org\/{rel}","templated":true}]}}