{"id":2119,"date":"2023-10-12T11:44:48","date_gmt":"2023-10-12T09:44:48","guid":{"rendered":"https:\/\/universosrl.it\/?post_type=product&#038;p=2119"},"modified":"2026-03-02T15:37:28","modified_gmt":"2026-03-02T14:37:28","slug":"ugo","status":"publish","type":"product","link":"https:\/\/universosrl.it\/de\/produkte\/ugo\/","title":{"rendered":"UGO"},"content":{"rendered":"<p>UGO, Universo Grill Oven, ist ein kompakter, einfach zu installierender professioneller Holzkohleofen, der keine komplexen Absaugsysteme ben\u00f6tigt, perfekt f\u00fcr alle Orte, die eine K\u00fcche am Grill anbieten m\u00f6chten, wie traditionelle Restaurants, Bracerie, &#8222;Risto-Metzger&#8220;, &#8222;Steakhaus&#8220;, Tapas-Bar.<\/p>\n<p><strong>Entdecken Sie UGO, den Holzkohleofen, der Speisen und nicht K\u00f6che kocht.<\/strong><\/p>\n<p><a class=\"btn btn-dark px-3 click-from-product\" href=\"https:\/\/universosrl.it\/de\/buchen-sie-ihre-vorfuehrung\/\" data-lang=\"de\">Buchen Sie hier Ihre Vorf\u00fchrung<\/a><\/p>\n","protected":false},"featured_media":2152,"menu_order":0,"template":"","product_category":[77],"class_list":["post-2119","product","type-product","status-publish","has-post-thumbnail","hentry","product_category-holzkohleoefen"],"acf":[],"yoast_head":"<!-- This site is optimized with the Yoast SEO plugin v27.2 - https:\/\/yoast.com\/product\/yoast-seo-wordpress\/ -->\n<title>UGO - Universo Grill Srl<\/title>\n<meta name=\"description\" content=\"Ugo Professioneller Holzkohleofen f\u00fcr die Gastronomie, der den Geschmack von Fleisch, Fisch und Gem\u00fcse auf dem Grill hervorhebt.\" \/>\n<meta name=\"robots\" content=\"index, follow, max-snippet:-1, max-image-preview:large, max-video-preview:-1\" \/>\n<link rel=\"canonical\" href=\"https:\/\/universosrl.it\/de\/produkte\/ugo\/\" \/>\n<meta property=\"og:locale\" content=\"de_DE\" \/>\n<meta property=\"og:type\" content=\"article\" \/>\n<meta property=\"og:title\" content=\"UGO - Universo Grill Srl\" \/>\n<meta property=\"og:description\" content=\"Ugo Professioneller Holzkohleofen f\u00fcr die Gastronomie, der den Geschmack von Fleisch, Fisch und Gem\u00fcse auf dem Grill hervorhebt.\" \/>\n<meta property=\"og:url\" content=\"https:\/\/universosrl.it\/de\/produkte\/ugo\/\" \/>\n<meta property=\"og:site_name\" content=\"Universo Grill Srl\" \/>\n<meta property=\"article:modified_time\" content=\"2026-03-02T14:37:28+00:00\" \/>\n<meta property=\"og:image\" content=\"https:\/\/universosrl.it\/wp-content\/uploads\/forno_2_griglie.png\" \/>\n\t<meta property=\"og:image:width\" content=\"1440\" \/>\n\t<meta property=\"og:image:height\" content=\"1440\" \/>\n\t<meta property=\"og:image:type\" content=\"image\/png\" \/>\n<meta name=\"twitter:card\" content=\"summary_large_image\" \/>\n<meta name=\"twitter:label1\" content=\"Gesch\u00e4tzte Lesezeit\" \/>\n\t<meta name=\"twitter:data1\" content=\"1\u00a0Minute\" \/>\n<script type=\"application\/ld+json\" class=\"yoast-schema-graph\">{\"@context\":\"https:\/\/schema.org\",\"@graph\":[{\"@type\":\"WebPage\",\"@id\":\"https:\/\/universosrl.it\/de\/produkte\/ugo\/\",\"url\":\"https:\/\/universosrl.it\/de\/produkte\/ugo\/\",\"name\":\"UGO - Universo Grill Srl\",\"isPartOf\":{\"@id\":\"https:\/\/universosrl.it\/de\/#website\"},\"primaryImageOfPage\":{\"@id\":\"https:\/\/universosrl.it\/de\/produkte\/ugo\/#primaryimage\"},\"image\":{\"@id\":\"https:\/\/universosrl.it\/de\/produkte\/ugo\/#primaryimage\"},\"thumbnailUrl\":\"https:\/\/universosrl.it\/wp-content\/uploads\/forno_2_griglie.png\",\"datePublished\":\"2023-10-12T09:44:48+00:00\",\"dateModified\":\"2026-03-02T14:37:28+00:00\",\"description\":\"Ugo Professioneller Holzkohleofen f\u00fcr die Gastronomie, der den Geschmack von Fleisch, Fisch und Gem\u00fcse auf dem Grill hervorhebt.\",\"breadcrumb\":{\"@id\":\"https:\/\/universosrl.it\/de\/produkte\/ugo\/#breadcrumb\"},\"inLanguage\":\"de\",\"potentialAction\":[{\"@type\":\"ReadAction\",\"target\":[\"https:\/\/universosrl.it\/de\/produkte\/ugo\/\"]}]},{\"@type\":\"ImageObject\",\"inLanguage\":\"de\",\"@id\":\"https:\/\/universosrl.it\/de\/produkte\/ugo\/#primaryimage\",\"url\":\"https:\/\/universosrl.it\/wp-content\/uploads\/forno_2_griglie.png\",\"contentUrl\":\"https:\/\/universosrl.it\/wp-content\/uploads\/forno_2_griglie.png\",\"width\":1440,\"height\":1440},{\"@type\":\"BreadcrumbList\",\"@id\":\"https:\/\/universosrl.it\/de\/produkte\/ugo\/#breadcrumb\",\"itemListElement\":[{\"@type\":\"ListItem\",\"position\":1,\"name\":\"Home\",\"item\":\"https:\/\/universosrl.it\/de\/\"},{\"@type\":\"ListItem\",\"position\":2,\"name\":\"Produkte\",\"item\":\"https:\/\/universosrl.it\/de\/produkte\/\"},{\"@type\":\"ListItem\",\"position\":3,\"name\":\"Holzkohle\u00f6fen\",\"item\":\"https:\/\/universosrl.it\/de\/cat_produkte\/holzkohleoefen\/\"},{\"@type\":\"ListItem\",\"position\":4,\"name\":\"UGO\"}]},{\"@type\":\"WebSite\",\"@id\":\"https:\/\/universosrl.it\/de\/#website\",\"url\":\"https:\/\/universosrl.it\/de\/\",\"name\":\"Universo Grill Srl\",\"description\":\"Girarrosti e Griglie Professionali per Ristoranti\",\"potentialAction\":[{\"@type\":\"SearchAction\",\"target\":{\"@type\":\"EntryPoint\",\"urlTemplate\":\"https:\/\/universosrl.it\/de\/?s={search_term_string}\"},\"query-input\":{\"@type\":\"PropertyValueSpecification\",\"valueRequired\":true,\"valueName\":\"search_term_string\"}}],\"inLanguage\":\"de\"}]}<\/script>\n<!-- \/ Yoast SEO plugin. -->","yoast_head_json":{"title":"UGO - Universo Grill Srl","description":"Ugo Professioneller Holzkohleofen f\u00fcr die Gastronomie, der den Geschmack von Fleisch, Fisch und Gem\u00fcse auf dem Grill hervorhebt.","robots":{"index":"index","follow":"follow","max-snippet":"max-snippet:-1","max-image-preview":"max-image-preview:large","max-video-preview":"max-video-preview:-1"},"canonical":"https:\/\/universosrl.it\/de\/produkte\/ugo\/","og_locale":"de_DE","og_type":"article","og_title":"UGO - Universo Grill Srl","og_description":"Ugo Professioneller Holzkohleofen f\u00fcr die Gastronomie, der den Geschmack von Fleisch, Fisch und Gem\u00fcse auf dem Grill hervorhebt.","og_url":"https:\/\/universosrl.it\/de\/produkte\/ugo\/","og_site_name":"Universo Grill Srl","article_modified_time":"2026-03-02T14:37:28+00:00","og_image":[{"width":1440,"height":1440,"url":"https:\/\/universosrl.it\/wp-content\/uploads\/forno_2_griglie.png","type":"image\/png"}],"twitter_card":"summary_large_image","twitter_misc":{"Gesch\u00e4tzte Lesezeit":"1\u00a0Minute"},"schema":{"@context":"https:\/\/schema.org","@graph":[{"@type":"WebPage","@id":"https:\/\/universosrl.it\/de\/produkte\/ugo\/","url":"https:\/\/universosrl.it\/de\/produkte\/ugo\/","name":"UGO - Universo Grill Srl","isPartOf":{"@id":"https:\/\/universosrl.it\/de\/#website"},"primaryImageOfPage":{"@id":"https:\/\/universosrl.it\/de\/produkte\/ugo\/#primaryimage"},"image":{"@id":"https:\/\/universosrl.it\/de\/produkte\/ugo\/#primaryimage"},"thumbnailUrl":"https:\/\/universosrl.it\/wp-content\/uploads\/forno_2_griglie.png","datePublished":"2023-10-12T09:44:48+00:00","dateModified":"2026-03-02T14:37:28+00:00","description":"Ugo Professioneller Holzkohleofen f\u00fcr die Gastronomie, der den Geschmack von Fleisch, Fisch und Gem\u00fcse auf dem Grill hervorhebt.","breadcrumb":{"@id":"https:\/\/universosrl.it\/de\/produkte\/ugo\/#breadcrumb"},"inLanguage":"de","potentialAction":[{"@type":"ReadAction","target":["https:\/\/universosrl.it\/de\/produkte\/ugo\/"]}]},{"@type":"ImageObject","inLanguage":"de","@id":"https:\/\/universosrl.it\/de\/produkte\/ugo\/#primaryimage","url":"https:\/\/universosrl.it\/wp-content\/uploads\/forno_2_griglie.png","contentUrl":"https:\/\/universosrl.it\/wp-content\/uploads\/forno_2_griglie.png","width":1440,"height":1440},{"@type":"BreadcrumbList","@id":"https:\/\/universosrl.it\/de\/produkte\/ugo\/#breadcrumb","itemListElement":[{"@type":"ListItem","position":1,"name":"Home","item":"https:\/\/universosrl.it\/de\/"},{"@type":"ListItem","position":2,"name":"Produkte","item":"https:\/\/universosrl.it\/de\/produkte\/"},{"@type":"ListItem","position":3,"name":"Holzkohle\u00f6fen","item":"https:\/\/universosrl.it\/de\/cat_produkte\/holzkohleoefen\/"},{"@type":"ListItem","position":4,"name":"UGO"}]},{"@type":"WebSite","@id":"https:\/\/universosrl.it\/de\/#website","url":"https:\/\/universosrl.it\/de\/","name":"Universo Grill Srl","description":"Girarrosti e Griglie Professionali per Ristoranti","potentialAction":[{"@type":"SearchAction","target":{"@type":"EntryPoint","urlTemplate":"https:\/\/universosrl.it\/de\/?s={search_term_string}"},"query-input":{"@type":"PropertyValueSpecification","valueRequired":true,"valueName":"search_term_string"}}],"inLanguage":"de"}]}},"_links":{"self":[{"href":"https:\/\/universosrl.it\/de\/wp-json\/wp\/v2\/product\/2119","targetHints":{"allow":["GET"]}}],"collection":[{"href":"https:\/\/universosrl.it\/de\/wp-json\/wp\/v2\/product"}],"about":[{"href":"https:\/\/universosrl.it\/de\/wp-json\/wp\/v2\/types\/product"}],"wp:featuredmedia":[{"embeddable":true,"href":"https:\/\/universosrl.it\/de\/wp-json\/wp\/v2\/media\/2152"}],"wp:attachment":[{"href":"https:\/\/universosrl.it\/de\/wp-json\/wp\/v2\/media?parent=2119"}],"wp:term":[{"taxonomy":"product_category","embeddable":true,"href":"https:\/\/universosrl.it\/de\/wp-json\/wp\/v2\/product_category?post=2119"}],"curies":[{"name":"wp","href":"https:\/\/api.w.org\/{rel}","templated":true}]}}