{"id":1592,"date":"2022-12-02T15:33:15","date_gmt":"2022-12-02T14:33:15","guid":{"rendered":"https:\/\/universosrl.it\/prodotto\/churrasco\/"},"modified":"2024-07-19T15:11:27","modified_gmt":"2024-07-19T13:11:27","slug":"churrasco","status":"publish","type":"product","link":"https:\/\/universosrl.it\/de\/produkte\/churrasco\/","title":{"rendered":"Churrasco Holzkohlegrill"},"content":{"rendered":"<p>Der Churrasco ist ein professioneller Holzkohlegrill, der sich perfekt f\u00fcr all jene Betriebe eignet, die ihren Kunden verschiedene Fleischsorten nach der typisch s\u00fcdamerikanischen Methode anbieten m\u00f6chten. Durch die Verwendung von langsam rotierenden Schwertern bleibt das Fleisch zart und saftig, mit einem leicht rauchigen Geschmack. Au\u00dferdem verhindert der fehlende Kontakt zwischen den Schwertern und dem Grill eine Verunreinigung der verschiedenen Lebensmittel<\/p>\n","protected":false},"featured_media":915,"menu_order":30,"template":"","product_category":[38],"class_list":["post-1592","product","type-product","status-publish","has-post-thumbnail","hentry","product_category-grills"],"acf":[],"yoast_head":"<!-- This site is optimized with the Yoast SEO plugin v27.2 - https:\/\/yoast.com\/product\/yoast-seo-wordpress\/ -->\n<title>Churrasco Holzkohlegrill - Universo Grill Srl<\/title>\n<meta name=\"description\" content=\"Professioneller Churrasco-Holzkohlengrill f\u00fcr die Gastronomie, mit dem Sie verschiedene Fleischsorten nach der typischen s\u00fcdamerikanischen Methode grillen k\u00f6nnen.\" \/>\n<meta name=\"robots\" content=\"index, follow, max-snippet:-1, max-image-preview:large, max-video-preview:-1\" \/>\n<link rel=\"canonical\" href=\"https:\/\/universosrl.it\/de\/produkte\/churrasco\/\" \/>\n<meta property=\"og:locale\" content=\"de_DE\" \/>\n<meta property=\"og:type\" content=\"article\" \/>\n<meta property=\"og:title\" content=\"Churrasco Holzkohlegrill - Universo Grill Srl\" \/>\n<meta property=\"og:description\" content=\"Professioneller Churrasco-Holzkohlengrill f\u00fcr die Gastronomie, mit dem Sie verschiedene Fleischsorten nach der typischen s\u00fcdamerikanischen Methode grillen k\u00f6nnen.\" \/>\n<meta property=\"og:url\" content=\"https:\/\/universosrl.it\/de\/produkte\/churrasco\/\" \/>\n<meta property=\"og:site_name\" content=\"Universo Grill Srl\" \/>\n<meta property=\"article:modified_time\" content=\"2024-07-19T13:11:27+00:00\" \/>\n<meta property=\"og:image\" content=\"https:\/\/universosrl.it\/wp-content\/uploads\/11_Churrasco.png\" \/>\n\t<meta property=\"og:image:width\" content=\"1440\" \/>\n\t<meta property=\"og:image:height\" content=\"1440\" \/>\n\t<meta property=\"og:image:type\" content=\"image\/png\" \/>\n<meta name=\"twitter:card\" content=\"summary_large_image\" \/>\n<meta name=\"twitter:label1\" content=\"Gesch\u00e4tzte Lesezeit\" \/>\n\t<meta name=\"twitter:data1\" content=\"1\u00a0Minute\" \/>\n<script type=\"application\/ld+json\" class=\"yoast-schema-graph\">{\"@context\":\"https:\/\/schema.org\",\"@graph\":[{\"@type\":\"WebPage\",\"@id\":\"https:\/\/universosrl.it\/de\/produkte\/churrasco\/\",\"url\":\"https:\/\/universosrl.it\/de\/produkte\/churrasco\/\",\"name\":\"Churrasco Holzkohlegrill - Universo Grill Srl\",\"isPartOf\":{\"@id\":\"https:\/\/universosrl.it\/de\/#website\"},\"primaryImageOfPage\":{\"@id\":\"https:\/\/universosrl.it\/de\/produkte\/churrasco\/#primaryimage\"},\"image\":{\"@id\":\"https:\/\/universosrl.it\/de\/produkte\/churrasco\/#primaryimage\"},\"thumbnailUrl\":\"https:\/\/universosrl.it\/wp-content\/uploads\/11_Churrasco.png\",\"datePublished\":\"2022-12-02T14:33:15+00:00\",\"dateModified\":\"2024-07-19T13:11:27+00:00\",\"description\":\"Professioneller Churrasco-Holzkohlengrill f\u00fcr die Gastronomie, mit dem Sie verschiedene Fleischsorten nach der typischen s\u00fcdamerikanischen Methode grillen k\u00f6nnen.\",\"breadcrumb\":{\"@id\":\"https:\/\/universosrl.it\/de\/produkte\/churrasco\/#breadcrumb\"},\"inLanguage\":\"de\",\"potentialAction\":[{\"@type\":\"ReadAction\",\"target\":[\"https:\/\/universosrl.it\/de\/produkte\/churrasco\/\"]}]},{\"@type\":\"ImageObject\",\"inLanguage\":\"de\",\"@id\":\"https:\/\/universosrl.it\/de\/produkte\/churrasco\/#primaryimage\",\"url\":\"https:\/\/universosrl.it\/wp-content\/uploads\/11_Churrasco.png\",\"contentUrl\":\"https:\/\/universosrl.it\/wp-content\/uploads\/11_Churrasco.png\",\"width\":1440,\"height\":1440},{\"@type\":\"BreadcrumbList\",\"@id\":\"https:\/\/universosrl.it\/de\/produkte\/churrasco\/#breadcrumb\",\"itemListElement\":[{\"@type\":\"ListItem\",\"position\":1,\"name\":\"Home\",\"item\":\"https:\/\/universosrl.it\/de\/\"},{\"@type\":\"ListItem\",\"position\":2,\"name\":\"Produkte\",\"item\":\"https:\/\/universosrl.it\/de\/produkte\/\"},{\"@type\":\"ListItem\",\"position\":3,\"name\":\"Grills\",\"item\":\"https:\/\/universosrl.it\/de\/cat_produkte\/grills\/\"},{\"@type\":\"ListItem\",\"position\":4,\"name\":\"Churrasco Holzkohlegrill\"}]},{\"@type\":\"WebSite\",\"@id\":\"https:\/\/universosrl.it\/de\/#website\",\"url\":\"https:\/\/universosrl.it\/de\/\",\"name\":\"Universo Grill Srl\",\"description\":\"Girarrosti e Griglie Professionali per Ristoranti\",\"potentialAction\":[{\"@type\":\"SearchAction\",\"target\":{\"@type\":\"EntryPoint\",\"urlTemplate\":\"https:\/\/universosrl.it\/de\/?s={search_term_string}\"},\"query-input\":{\"@type\":\"PropertyValueSpecification\",\"valueRequired\":true,\"valueName\":\"search_term_string\"}}],\"inLanguage\":\"de\"}]}<\/script>\n<!-- \/ Yoast SEO plugin. -->","yoast_head_json":{"title":"Churrasco Holzkohlegrill - Universo Grill Srl","description":"Professioneller Churrasco-Holzkohlengrill f\u00fcr die Gastronomie, mit dem Sie verschiedene Fleischsorten nach der typischen s\u00fcdamerikanischen Methode grillen k\u00f6nnen.","robots":{"index":"index","follow":"follow","max-snippet":"max-snippet:-1","max-image-preview":"max-image-preview:large","max-video-preview":"max-video-preview:-1"},"canonical":"https:\/\/universosrl.it\/de\/produkte\/churrasco\/","og_locale":"de_DE","og_type":"article","og_title":"Churrasco Holzkohlegrill - Universo Grill Srl","og_description":"Professioneller Churrasco-Holzkohlengrill f\u00fcr die Gastronomie, mit dem Sie verschiedene Fleischsorten nach der typischen s\u00fcdamerikanischen Methode grillen k\u00f6nnen.","og_url":"https:\/\/universosrl.it\/de\/produkte\/churrasco\/","og_site_name":"Universo Grill Srl","article_modified_time":"2024-07-19T13:11:27+00:00","og_image":[{"width":1440,"height":1440,"url":"https:\/\/universosrl.it\/wp-content\/uploads\/11_Churrasco.png","type":"image\/png"}],"twitter_card":"summary_large_image","twitter_misc":{"Gesch\u00e4tzte Lesezeit":"1\u00a0Minute"},"schema":{"@context":"https:\/\/schema.org","@graph":[{"@type":"WebPage","@id":"https:\/\/universosrl.it\/de\/produkte\/churrasco\/","url":"https:\/\/universosrl.it\/de\/produkte\/churrasco\/","name":"Churrasco Holzkohlegrill - Universo Grill Srl","isPartOf":{"@id":"https:\/\/universosrl.it\/de\/#website"},"primaryImageOfPage":{"@id":"https:\/\/universosrl.it\/de\/produkte\/churrasco\/#primaryimage"},"image":{"@id":"https:\/\/universosrl.it\/de\/produkte\/churrasco\/#primaryimage"},"thumbnailUrl":"https:\/\/universosrl.it\/wp-content\/uploads\/11_Churrasco.png","datePublished":"2022-12-02T14:33:15+00:00","dateModified":"2024-07-19T13:11:27+00:00","description":"Professioneller Churrasco-Holzkohlengrill f\u00fcr die Gastronomie, mit dem Sie verschiedene Fleischsorten nach der typischen s\u00fcdamerikanischen Methode grillen k\u00f6nnen.","breadcrumb":{"@id":"https:\/\/universosrl.it\/de\/produkte\/churrasco\/#breadcrumb"},"inLanguage":"de","potentialAction":[{"@type":"ReadAction","target":["https:\/\/universosrl.it\/de\/produkte\/churrasco\/"]}]},{"@type":"ImageObject","inLanguage":"de","@id":"https:\/\/universosrl.it\/de\/produkte\/churrasco\/#primaryimage","url":"https:\/\/universosrl.it\/wp-content\/uploads\/11_Churrasco.png","contentUrl":"https:\/\/universosrl.it\/wp-content\/uploads\/11_Churrasco.png","width":1440,"height":1440},{"@type":"BreadcrumbList","@id":"https:\/\/universosrl.it\/de\/produkte\/churrasco\/#breadcrumb","itemListElement":[{"@type":"ListItem","position":1,"name":"Home","item":"https:\/\/universosrl.it\/de\/"},{"@type":"ListItem","position":2,"name":"Produkte","item":"https:\/\/universosrl.it\/de\/produkte\/"},{"@type":"ListItem","position":3,"name":"Grills","item":"https:\/\/universosrl.it\/de\/cat_produkte\/grills\/"},{"@type":"ListItem","position":4,"name":"Churrasco Holzkohlegrill"}]},{"@type":"WebSite","@id":"https:\/\/universosrl.it\/de\/#website","url":"https:\/\/universosrl.it\/de\/","name":"Universo Grill Srl","description":"Girarrosti e Griglie Professionali per Ristoranti","potentialAction":[{"@type":"SearchAction","target":{"@type":"EntryPoint","urlTemplate":"https:\/\/universosrl.it\/de\/?s={search_term_string}"},"query-input":{"@type":"PropertyValueSpecification","valueRequired":true,"valueName":"search_term_string"}}],"inLanguage":"de"}]}},"_links":{"self":[{"href":"https:\/\/universosrl.it\/de\/wp-json\/wp\/v2\/product\/1592","targetHints":{"allow":["GET"]}}],"collection":[{"href":"https:\/\/universosrl.it\/de\/wp-json\/wp\/v2\/product"}],"about":[{"href":"https:\/\/universosrl.it\/de\/wp-json\/wp\/v2\/types\/product"}],"wp:featuredmedia":[{"embeddable":true,"href":"https:\/\/universosrl.it\/de\/wp-json\/wp\/v2\/media\/915"}],"wp:attachment":[{"href":"https:\/\/universosrl.it\/de\/wp-json\/wp\/v2\/media?parent=1592"}],"wp:term":[{"taxonomy":"product_category","embeddable":true,"href":"https:\/\/universosrl.it\/de\/wp-json\/wp\/v2\/product_category?post=1592"}],"curies":[{"name":"wp","href":"https:\/\/api.w.org\/{rel}","templated":true}]}}