{"id":1591,"date":"2022-10-16T23:24:34","date_gmt":"2022-10-16T21:24:34","guid":{"rendered":"https:\/\/universosrl.it\/prodotto\/camino-elettrico\/"},"modified":"2024-07-19T15:06:09","modified_gmt":"2024-07-19T13:06:09","slug":"elektrischer-drehspiesser-kamin","status":"publish","type":"product","link":"https:\/\/universosrl.it\/de\/produkte\/elektrischer-drehspiesser-kamin\/","title":{"rendered":"Elektrischer Drehspie\u00dfer-Kamin"},"content":{"rendered":"<p>Der professionelle elektrische Drehspie\u00dfer-Kamin wurde f\u00fcr all jene Orte wie Rotisserien, Gefl\u00fcgelgesch\u00e4fte, Superm\u00e4rkte entwickelt, die ihren Kunden H\u00e4hnchen, H\u00fchnchen, Braten, Wild, Lebern, Haxen, Rouladen, Schweinefleisch und Kartoffeln mit einem schnellen und kontrollierten Garen anbieten m\u00f6chten<\/p>\n","protected":false},"featured_media":747,"menu_order":30,"template":"","product_category":[41],"class_list":["post-1591","product","type-product","status-publish","has-post-thumbnail","hentry","product_category-kamine"],"acf":[],"yoast_head":"<!-- This site is optimized with the Yoast SEO plugin v27.2 - https:\/\/yoast.com\/product\/yoast-seo-wordpress\/ -->\n<title>Elektrischer Drehspie\u00dfer-Kamin - Universo Grill Srl<\/title>\n<meta name=\"description\" content=\"Es wurde ad hoc f\u00fcr Rotisserien und Superm\u00e4rkte hergestellt und erm\u00f6glicht es, den Kunden H\u00e4hnchen, Braten, Wild und Rouladen mit einem schnellen und kontrollierten Garen anzubieten.\" \/>\n<meta name=\"robots\" content=\"index, follow, max-snippet:-1, max-image-preview:large, max-video-preview:-1\" \/>\n<link rel=\"canonical\" href=\"https:\/\/universosrl.it\/de\/produkte\/elektrischer-drehspiesser-kamin\/\" \/>\n<meta property=\"og:locale\" content=\"de_DE\" \/>\n<meta property=\"og:type\" content=\"article\" \/>\n<meta property=\"og:title\" content=\"Elektrischer Drehspie\u00dfer-Kamin - Universo Grill Srl\" \/>\n<meta property=\"og:description\" content=\"Es wurde ad hoc f\u00fcr Rotisserien und Superm\u00e4rkte hergestellt und erm\u00f6glicht es, den Kunden H\u00e4hnchen, Braten, Wild und Rouladen mit einem schnellen und kontrollierten Garen anzubieten.\" \/>\n<meta property=\"og:url\" content=\"https:\/\/universosrl.it\/de\/produkte\/elektrischer-drehspiesser-kamin\/\" \/>\n<meta property=\"og:site_name\" content=\"Universo Grill Srl\" \/>\n<meta property=\"article:modified_time\" content=\"2024-07-19T13:06:09+00:00\" \/>\n<meta property=\"og:image\" content=\"https:\/\/universosrl.it\/wp-content\/uploads\/9-Camino-Elettrico.png\" \/>\n\t<meta property=\"og:image:width\" content=\"1440\" \/>\n\t<meta property=\"og:image:height\" content=\"1440\" \/>\n\t<meta property=\"og:image:type\" content=\"image\/png\" \/>\n<meta name=\"twitter:card\" content=\"summary_large_image\" \/>\n<meta name=\"twitter:label1\" content=\"Gesch\u00e4tzte Lesezeit\" \/>\n\t<meta name=\"twitter:data1\" content=\"1\u00a0Minute\" \/>\n<script type=\"application\/ld+json\" class=\"yoast-schema-graph\">{\"@context\":\"https:\/\/schema.org\",\"@graph\":[{\"@type\":\"WebPage\",\"@id\":\"https:\/\/universosrl.it\/de\/produkte\/elektrischer-drehspiesser-kamin\/\",\"url\":\"https:\/\/universosrl.it\/de\/produkte\/elektrischer-drehspiesser-kamin\/\",\"name\":\"Elektrischer Drehspie\u00dfer-Kamin - Universo Grill Srl\",\"isPartOf\":{\"@id\":\"https:\/\/universosrl.it\/de\/#website\"},\"primaryImageOfPage\":{\"@id\":\"https:\/\/universosrl.it\/de\/produkte\/elektrischer-drehspiesser-kamin\/#primaryimage\"},\"image\":{\"@id\":\"https:\/\/universosrl.it\/de\/produkte\/elektrischer-drehspiesser-kamin\/#primaryimage\"},\"thumbnailUrl\":\"https:\/\/universosrl.it\/wp-content\/uploads\/9-Camino-Elettrico.png\",\"datePublished\":\"2022-10-16T21:24:34+00:00\",\"dateModified\":\"2024-07-19T13:06:09+00:00\",\"description\":\"Es wurde ad hoc f\u00fcr Rotisserien und Superm\u00e4rkte hergestellt und erm\u00f6glicht es, den Kunden H\u00e4hnchen, Braten, Wild und Rouladen mit einem schnellen und kontrollierten Garen anzubieten.\",\"breadcrumb\":{\"@id\":\"https:\/\/universosrl.it\/de\/produkte\/elektrischer-drehspiesser-kamin\/#breadcrumb\"},\"inLanguage\":\"de\",\"potentialAction\":[{\"@type\":\"ReadAction\",\"target\":[\"https:\/\/universosrl.it\/de\/produkte\/elektrischer-drehspiesser-kamin\/\"]}]},{\"@type\":\"ImageObject\",\"inLanguage\":\"de\",\"@id\":\"https:\/\/universosrl.it\/de\/produkte\/elektrischer-drehspiesser-kamin\/#primaryimage\",\"url\":\"https:\/\/universosrl.it\/wp-content\/uploads\/9-Camino-Elettrico.png\",\"contentUrl\":\"https:\/\/universosrl.it\/wp-content\/uploads\/9-Camino-Elettrico.png\",\"width\":1440,\"height\":1440},{\"@type\":\"BreadcrumbList\",\"@id\":\"https:\/\/universosrl.it\/de\/produkte\/elektrischer-drehspiesser-kamin\/#breadcrumb\",\"itemListElement\":[{\"@type\":\"ListItem\",\"position\":1,\"name\":\"Home\",\"item\":\"https:\/\/universosrl.it\/de\/\"},{\"@type\":\"ListItem\",\"position\":2,\"name\":\"Produkte\",\"item\":\"https:\/\/universosrl.it\/de\/produkte\/\"},{\"@type\":\"ListItem\",\"position\":3,\"name\":\"Kamine\",\"item\":\"https:\/\/universosrl.it\/de\/cat_produkte\/kamine\/\"},{\"@type\":\"ListItem\",\"position\":4,\"name\":\"Elektrischer Drehspie\u00dfer-Kamin\"}]},{\"@type\":\"WebSite\",\"@id\":\"https:\/\/universosrl.it\/de\/#website\",\"url\":\"https:\/\/universosrl.it\/de\/\",\"name\":\"Universo Grill Srl\",\"description\":\"Girarrosti e Griglie Professionali per Ristoranti\",\"potentialAction\":[{\"@type\":\"SearchAction\",\"target\":{\"@type\":\"EntryPoint\",\"urlTemplate\":\"https:\/\/universosrl.it\/de\/?s={search_term_string}\"},\"query-input\":{\"@type\":\"PropertyValueSpecification\",\"valueRequired\":true,\"valueName\":\"search_term_string\"}}],\"inLanguage\":\"de\"}]}<\/script>\n<!-- \/ Yoast SEO plugin. -->","yoast_head_json":{"title":"Elektrischer Drehspie\u00dfer-Kamin - Universo Grill Srl","description":"Es wurde ad hoc f\u00fcr Rotisserien und Superm\u00e4rkte hergestellt und erm\u00f6glicht es, den Kunden H\u00e4hnchen, Braten, Wild und Rouladen mit einem schnellen und kontrollierten Garen anzubieten.","robots":{"index":"index","follow":"follow","max-snippet":"max-snippet:-1","max-image-preview":"max-image-preview:large","max-video-preview":"max-video-preview:-1"},"canonical":"https:\/\/universosrl.it\/de\/produkte\/elektrischer-drehspiesser-kamin\/","og_locale":"de_DE","og_type":"article","og_title":"Elektrischer Drehspie\u00dfer-Kamin - Universo Grill Srl","og_description":"Es wurde ad hoc f\u00fcr Rotisserien und Superm\u00e4rkte hergestellt und erm\u00f6glicht es, den Kunden H\u00e4hnchen, Braten, Wild und Rouladen mit einem schnellen und kontrollierten Garen anzubieten.","og_url":"https:\/\/universosrl.it\/de\/produkte\/elektrischer-drehspiesser-kamin\/","og_site_name":"Universo Grill Srl","article_modified_time":"2024-07-19T13:06:09+00:00","og_image":[{"width":1440,"height":1440,"url":"https:\/\/universosrl.it\/wp-content\/uploads\/9-Camino-Elettrico.png","type":"image\/png"}],"twitter_card":"summary_large_image","twitter_misc":{"Gesch\u00e4tzte Lesezeit":"1\u00a0Minute"},"schema":{"@context":"https:\/\/schema.org","@graph":[{"@type":"WebPage","@id":"https:\/\/universosrl.it\/de\/produkte\/elektrischer-drehspiesser-kamin\/","url":"https:\/\/universosrl.it\/de\/produkte\/elektrischer-drehspiesser-kamin\/","name":"Elektrischer Drehspie\u00dfer-Kamin - Universo Grill Srl","isPartOf":{"@id":"https:\/\/universosrl.it\/de\/#website"},"primaryImageOfPage":{"@id":"https:\/\/universosrl.it\/de\/produkte\/elektrischer-drehspiesser-kamin\/#primaryimage"},"image":{"@id":"https:\/\/universosrl.it\/de\/produkte\/elektrischer-drehspiesser-kamin\/#primaryimage"},"thumbnailUrl":"https:\/\/universosrl.it\/wp-content\/uploads\/9-Camino-Elettrico.png","datePublished":"2022-10-16T21:24:34+00:00","dateModified":"2024-07-19T13:06:09+00:00","description":"Es wurde ad hoc f\u00fcr Rotisserien und Superm\u00e4rkte hergestellt und erm\u00f6glicht es, den Kunden H\u00e4hnchen, Braten, Wild und Rouladen mit einem schnellen und kontrollierten Garen anzubieten.","breadcrumb":{"@id":"https:\/\/universosrl.it\/de\/produkte\/elektrischer-drehspiesser-kamin\/#breadcrumb"},"inLanguage":"de","potentialAction":[{"@type":"ReadAction","target":["https:\/\/universosrl.it\/de\/produkte\/elektrischer-drehspiesser-kamin\/"]}]},{"@type":"ImageObject","inLanguage":"de","@id":"https:\/\/universosrl.it\/de\/produkte\/elektrischer-drehspiesser-kamin\/#primaryimage","url":"https:\/\/universosrl.it\/wp-content\/uploads\/9-Camino-Elettrico.png","contentUrl":"https:\/\/universosrl.it\/wp-content\/uploads\/9-Camino-Elettrico.png","width":1440,"height":1440},{"@type":"BreadcrumbList","@id":"https:\/\/universosrl.it\/de\/produkte\/elektrischer-drehspiesser-kamin\/#breadcrumb","itemListElement":[{"@type":"ListItem","position":1,"name":"Home","item":"https:\/\/universosrl.it\/de\/"},{"@type":"ListItem","position":2,"name":"Produkte","item":"https:\/\/universosrl.it\/de\/produkte\/"},{"@type":"ListItem","position":3,"name":"Kamine","item":"https:\/\/universosrl.it\/de\/cat_produkte\/kamine\/"},{"@type":"ListItem","position":4,"name":"Elektrischer Drehspie\u00dfer-Kamin"}]},{"@type":"WebSite","@id":"https:\/\/universosrl.it\/de\/#website","url":"https:\/\/universosrl.it\/de\/","name":"Universo Grill Srl","description":"Girarrosti e Griglie Professionali per Ristoranti","potentialAction":[{"@type":"SearchAction","target":{"@type":"EntryPoint","urlTemplate":"https:\/\/universosrl.it\/de\/?s={search_term_string}"},"query-input":{"@type":"PropertyValueSpecification","valueRequired":true,"valueName":"search_term_string"}}],"inLanguage":"de"}]}},"_links":{"self":[{"href":"https:\/\/universosrl.it\/de\/wp-json\/wp\/v2\/product\/1591","targetHints":{"allow":["GET"]}}],"collection":[{"href":"https:\/\/universosrl.it\/de\/wp-json\/wp\/v2\/product"}],"about":[{"href":"https:\/\/universosrl.it\/de\/wp-json\/wp\/v2\/types\/product"}],"wp:featuredmedia":[{"embeddable":true,"href":"https:\/\/universosrl.it\/de\/wp-json\/wp\/v2\/media\/747"}],"wp:attachment":[{"href":"https:\/\/universosrl.it\/de\/wp-json\/wp\/v2\/media?parent=1591"}],"wp:term":[{"taxonomy":"product_category","embeddable":true,"href":"https:\/\/universosrl.it\/de\/wp-json\/wp\/v2\/product_category?post=1591"}],"curies":[{"name":"wp","href":"https:\/\/api.w.org\/{rel}","templated":true}]}}