{"id":1589,"date":"2022-10-16T23:19:12","date_gmt":"2022-10-16T21:19:12","guid":{"rendered":"https:\/\/universosrl.it\/prodotto\/camino-a-legna\/"},"modified":"2025-12-16T10:46:07","modified_gmt":"2025-12-16T09:46:07","slug":"holzbefeuerter-kamin","status":"publish","type":"product","link":"https:\/\/universosrl.it\/de\/produkte\/holzbefeuerter-kamin\/","title":{"rendered":"Holzbefeuerter Kamin"},"content":{"rendered":"<p>Unser Sortiment an professionellen Kaminen f\u00fcr holzbefeuerte Drehspie\u00dfer und Grills wurde f\u00fcr all jene Orte geschaffen, die eine professionelle Struktur ben\u00f6tigen, in der unsere holzbefeuerten Drehspie\u00dfer und unsere Holzkohlegrills verwendet werden k\u00f6nnen.<\/p>\n","protected":false},"featured_media":1219,"menu_order":10,"template":"","product_category":[41],"class_list":["post-1589","product","type-product","status-publish","has-post-thumbnail","hentry","product_category-kamine"],"acf":[],"yoast_head":"<!-- This site is optimized with the Yoast SEO plugin v27.2 - https:\/\/yoast.com\/product\/yoast-seo-wordpress\/ -->\n<title>Holzbefeuerter Kamin - Universo Grill Srl<\/title>\n<meta name=\"description\" content=\"Professionelle Kamine f\u00fcr R\u00e4umlichkeiten, die eine Struktur ben\u00f6tigen, in der unsere holzbefeuerten Drehspie\u00dfer und unsere Holzkohlegrills verwendet werden k\u00f6nnen.\" \/>\n<meta name=\"robots\" content=\"index, follow, max-snippet:-1, max-image-preview:large, max-video-preview:-1\" \/>\n<link rel=\"canonical\" href=\"https:\/\/universosrl.it\/de\/produkte\/holzbefeuerter-kamin\/\" \/>\n<meta property=\"og:locale\" content=\"de_DE\" \/>\n<meta property=\"og:type\" content=\"article\" \/>\n<meta property=\"og:title\" content=\"Holzbefeuerter Kamin - Universo Grill Srl\" \/>\n<meta property=\"og:description\" content=\"Professionelle Kamine f\u00fcr R\u00e4umlichkeiten, die eine Struktur ben\u00f6tigen, in der unsere holzbefeuerten Drehspie\u00dfer und unsere Holzkohlegrills verwendet werden k\u00f6nnen.\" \/>\n<meta property=\"og:url\" content=\"https:\/\/universosrl.it\/de\/produkte\/holzbefeuerter-kamin\/\" \/>\n<meta property=\"og:site_name\" content=\"Universo Grill Srl\" \/>\n<meta property=\"article:modified_time\" content=\"2025-12-16T09:46:07+00:00\" \/>\n<meta property=\"og:image\" content=\"https:\/\/universosrl.it\/wp-content\/uploads\/Camino_Legna_2023.png\" \/>\n\t<meta property=\"og:image:width\" content=\"1440\" \/>\n\t<meta property=\"og:image:height\" content=\"1440\" \/>\n\t<meta property=\"og:image:type\" content=\"image\/png\" \/>\n<meta name=\"twitter:card\" content=\"summary_large_image\" \/>\n<meta name=\"twitter:label1\" content=\"Gesch\u00e4tzte Lesezeit\" \/>\n\t<meta name=\"twitter:data1\" content=\"1\u00a0Minute\" \/>\n<script type=\"application\/ld+json\" class=\"yoast-schema-graph\">{\"@context\":\"https:\/\/schema.org\",\"@graph\":[{\"@type\":\"WebPage\",\"@id\":\"https:\/\/universosrl.it\/de\/produkte\/holzbefeuerter-kamin\/\",\"url\":\"https:\/\/universosrl.it\/de\/produkte\/holzbefeuerter-kamin\/\",\"name\":\"Holzbefeuerter Kamin - Universo Grill Srl\",\"isPartOf\":{\"@id\":\"https:\/\/universosrl.it\/de\/#website\"},\"primaryImageOfPage\":{\"@id\":\"https:\/\/universosrl.it\/de\/produkte\/holzbefeuerter-kamin\/#primaryimage\"},\"image\":{\"@id\":\"https:\/\/universosrl.it\/de\/produkte\/holzbefeuerter-kamin\/#primaryimage\"},\"thumbnailUrl\":\"https:\/\/universosrl.it\/wp-content\/uploads\/Camino_Legna_2023.png\",\"datePublished\":\"2022-10-16T21:19:12+00:00\",\"dateModified\":\"2025-12-16T09:46:07+00:00\",\"description\":\"Professionelle Kamine f\u00fcr R\u00e4umlichkeiten, die eine Struktur ben\u00f6tigen, in der unsere holzbefeuerten Drehspie\u00dfer und unsere Holzkohlegrills verwendet werden k\u00f6nnen.\",\"breadcrumb\":{\"@id\":\"https:\/\/universosrl.it\/de\/produkte\/holzbefeuerter-kamin\/#breadcrumb\"},\"inLanguage\":\"de\",\"potentialAction\":[{\"@type\":\"ReadAction\",\"target\":[\"https:\/\/universosrl.it\/de\/produkte\/holzbefeuerter-kamin\/\"]}]},{\"@type\":\"ImageObject\",\"inLanguage\":\"de\",\"@id\":\"https:\/\/universosrl.it\/de\/produkte\/holzbefeuerter-kamin\/#primaryimage\",\"url\":\"https:\/\/universosrl.it\/wp-content\/uploads\/Camino_Legna_2023.png\",\"contentUrl\":\"https:\/\/universosrl.it\/wp-content\/uploads\/Camino_Legna_2023.png\",\"width\":1440,\"height\":1440},{\"@type\":\"BreadcrumbList\",\"@id\":\"https:\/\/universosrl.it\/de\/produkte\/holzbefeuerter-kamin\/#breadcrumb\",\"itemListElement\":[{\"@type\":\"ListItem\",\"position\":1,\"name\":\"Home\",\"item\":\"https:\/\/universosrl.it\/de\/\"},{\"@type\":\"ListItem\",\"position\":2,\"name\":\"Produkte\",\"item\":\"https:\/\/universosrl.it\/de\/produkte\/\"},{\"@type\":\"ListItem\",\"position\":3,\"name\":\"Kamine\",\"item\":\"https:\/\/universosrl.it\/de\/cat_produkte\/kamine\/\"},{\"@type\":\"ListItem\",\"position\":4,\"name\":\"Holzbefeuerter Kamin\"}]},{\"@type\":\"WebSite\",\"@id\":\"https:\/\/universosrl.it\/de\/#website\",\"url\":\"https:\/\/universosrl.it\/de\/\",\"name\":\"Universo Grill Srl\",\"description\":\"Girarrosti e Griglie Professionali per Ristoranti\",\"potentialAction\":[{\"@type\":\"SearchAction\",\"target\":{\"@type\":\"EntryPoint\",\"urlTemplate\":\"https:\/\/universosrl.it\/de\/?s={search_term_string}\"},\"query-input\":{\"@type\":\"PropertyValueSpecification\",\"valueRequired\":true,\"valueName\":\"search_term_string\"}}],\"inLanguage\":\"de\"}]}<\/script>\n<!-- \/ Yoast SEO plugin. -->","yoast_head_json":{"title":"Holzbefeuerter Kamin - Universo Grill Srl","description":"Professionelle Kamine f\u00fcr R\u00e4umlichkeiten, die eine Struktur ben\u00f6tigen, in der unsere holzbefeuerten Drehspie\u00dfer und unsere Holzkohlegrills verwendet werden k\u00f6nnen.","robots":{"index":"index","follow":"follow","max-snippet":"max-snippet:-1","max-image-preview":"max-image-preview:large","max-video-preview":"max-video-preview:-1"},"canonical":"https:\/\/universosrl.it\/de\/produkte\/holzbefeuerter-kamin\/","og_locale":"de_DE","og_type":"article","og_title":"Holzbefeuerter Kamin - Universo Grill Srl","og_description":"Professionelle Kamine f\u00fcr R\u00e4umlichkeiten, die eine Struktur ben\u00f6tigen, in der unsere holzbefeuerten Drehspie\u00dfer und unsere Holzkohlegrills verwendet werden k\u00f6nnen.","og_url":"https:\/\/universosrl.it\/de\/produkte\/holzbefeuerter-kamin\/","og_site_name":"Universo Grill Srl","article_modified_time":"2025-12-16T09:46:07+00:00","og_image":[{"width":1440,"height":1440,"url":"https:\/\/universosrl.it\/wp-content\/uploads\/Camino_Legna_2023.png","type":"image\/png"}],"twitter_card":"summary_large_image","twitter_misc":{"Gesch\u00e4tzte Lesezeit":"1\u00a0Minute"},"schema":{"@context":"https:\/\/schema.org","@graph":[{"@type":"WebPage","@id":"https:\/\/universosrl.it\/de\/produkte\/holzbefeuerter-kamin\/","url":"https:\/\/universosrl.it\/de\/produkte\/holzbefeuerter-kamin\/","name":"Holzbefeuerter Kamin - Universo Grill Srl","isPartOf":{"@id":"https:\/\/universosrl.it\/de\/#website"},"primaryImageOfPage":{"@id":"https:\/\/universosrl.it\/de\/produkte\/holzbefeuerter-kamin\/#primaryimage"},"image":{"@id":"https:\/\/universosrl.it\/de\/produkte\/holzbefeuerter-kamin\/#primaryimage"},"thumbnailUrl":"https:\/\/universosrl.it\/wp-content\/uploads\/Camino_Legna_2023.png","datePublished":"2022-10-16T21:19:12+00:00","dateModified":"2025-12-16T09:46:07+00:00","description":"Professionelle Kamine f\u00fcr R\u00e4umlichkeiten, die eine Struktur ben\u00f6tigen, in der unsere holzbefeuerten Drehspie\u00dfer und unsere Holzkohlegrills verwendet werden k\u00f6nnen.","breadcrumb":{"@id":"https:\/\/universosrl.it\/de\/produkte\/holzbefeuerter-kamin\/#breadcrumb"},"inLanguage":"de","potentialAction":[{"@type":"ReadAction","target":["https:\/\/universosrl.it\/de\/produkte\/holzbefeuerter-kamin\/"]}]},{"@type":"ImageObject","inLanguage":"de","@id":"https:\/\/universosrl.it\/de\/produkte\/holzbefeuerter-kamin\/#primaryimage","url":"https:\/\/universosrl.it\/wp-content\/uploads\/Camino_Legna_2023.png","contentUrl":"https:\/\/universosrl.it\/wp-content\/uploads\/Camino_Legna_2023.png","width":1440,"height":1440},{"@type":"BreadcrumbList","@id":"https:\/\/universosrl.it\/de\/produkte\/holzbefeuerter-kamin\/#breadcrumb","itemListElement":[{"@type":"ListItem","position":1,"name":"Home","item":"https:\/\/universosrl.it\/de\/"},{"@type":"ListItem","position":2,"name":"Produkte","item":"https:\/\/universosrl.it\/de\/produkte\/"},{"@type":"ListItem","position":3,"name":"Kamine","item":"https:\/\/universosrl.it\/de\/cat_produkte\/kamine\/"},{"@type":"ListItem","position":4,"name":"Holzbefeuerter Kamin"}]},{"@type":"WebSite","@id":"https:\/\/universosrl.it\/de\/#website","url":"https:\/\/universosrl.it\/de\/","name":"Universo Grill Srl","description":"Girarrosti e Griglie Professionali per Ristoranti","potentialAction":[{"@type":"SearchAction","target":{"@type":"EntryPoint","urlTemplate":"https:\/\/universosrl.it\/de\/?s={search_term_string}"},"query-input":{"@type":"PropertyValueSpecification","valueRequired":true,"valueName":"search_term_string"}}],"inLanguage":"de"}]}},"_links":{"self":[{"href":"https:\/\/universosrl.it\/de\/wp-json\/wp\/v2\/product\/1589","targetHints":{"allow":["GET"]}}],"collection":[{"href":"https:\/\/universosrl.it\/de\/wp-json\/wp\/v2\/product"}],"about":[{"href":"https:\/\/universosrl.it\/de\/wp-json\/wp\/v2\/types\/product"}],"wp:featuredmedia":[{"embeddable":true,"href":"https:\/\/universosrl.it\/de\/wp-json\/wp\/v2\/media\/1219"}],"wp:attachment":[{"href":"https:\/\/universosrl.it\/de\/wp-json\/wp\/v2\/media?parent=1589"}],"wp:term":[{"taxonomy":"product_category","embeddable":true,"href":"https:\/\/universosrl.it\/de\/wp-json\/wp\/v2\/product_category?post=1589"}],"curies":[{"name":"wp","href":"https:\/\/api.w.org\/{rel}","templated":true}]}}