{"id":1588,"date":"2022-10-16T23:25:01","date_gmt":"2022-10-16T21:25:01","guid":{"rendered":"https:\/\/universosrl.it\/prodotto\/griglia-da-incasso\/"},"modified":"2023-10-22T18:47:07","modified_gmt":"2023-10-22T16:47:07","slug":"eingebauter-holzkohlegrill","status":"publish","type":"product","link":"https:\/\/universosrl.it\/de\/produkte\/eingebauter-holzkohlegrill\/","title":{"rendered":"Eingebauter Holzkohlegrill"},"content":{"rendered":"<p>Das Sortiment an Einbau-Holzkohlegrills ist perfekt f\u00fcr all jene Orte, die \u00fcber eine Feuerstelle oder eine gemauerte Struktur verf\u00fcgen und einen Grill anbieten m\u00f6chten,wie traditionelle Restaurants, Wirtsh\u00e4user, Gasth\u00e4user, Steakh\u00e4user, &#8222;Risto-Metzger&#8220;, &#8222;Steakh\u00e4user&#8220; und teilweise sogar f\u00fcr Privatkunden.<\/p>\n","protected":false},"featured_media":801,"menu_order":50,"template":"","product_category":[38],"class_list":["post-1588","product","type-product","status-publish","has-post-thumbnail","hentry","product_category-grills"],"acf":[],"yoast_head":"<!-- This site is optimized with the Yoast SEO plugin v27.2 - https:\/\/yoast.com\/product\/yoast-seo-wordpress\/ -->\n<title>Eingebauter Holzkohlegrill - Universo Grill Srl<\/title>\n<meta name=\"description\" content=\"Professioneller Grill f\u00fcr die Gastronomie, der es erm\u00f6glicht, den Geschmack vom auf dem Grill zubereiteten Fleisch, Fisch und Gem\u00fcse zu erh\u00f6hen.\" \/>\n<meta name=\"robots\" content=\"index, follow, max-snippet:-1, max-image-preview:large, max-video-preview:-1\" \/>\n<link rel=\"canonical\" href=\"https:\/\/universosrl.it\/de\/produkte\/eingebauter-holzkohlegrill\/\" \/>\n<meta property=\"og:locale\" content=\"de_DE\" \/>\n<meta property=\"og:type\" content=\"article\" \/>\n<meta property=\"og:title\" content=\"Eingebauter Holzkohlegrill - Universo Grill Srl\" \/>\n<meta property=\"og:description\" content=\"Professioneller Grill f\u00fcr die Gastronomie, der es erm\u00f6glicht, den Geschmack vom auf dem Grill zubereiteten Fleisch, Fisch und Gem\u00fcse zu erh\u00f6hen.\" \/>\n<meta property=\"og:url\" content=\"https:\/\/universosrl.it\/de\/produkte\/eingebauter-holzkohlegrill\/\" \/>\n<meta property=\"og:site_name\" content=\"Universo Grill Srl\" \/>\n<meta property=\"article:modified_time\" content=\"2023-10-22T16:47:07+00:00\" \/>\n<meta property=\"og:image\" content=\"https:\/\/universosrl.it\/wp-content\/uploads\/10_GrigliaIncasso.png\" \/>\n\t<meta property=\"og:image:width\" content=\"1440\" \/>\n\t<meta property=\"og:image:height\" content=\"1440\" \/>\n\t<meta property=\"og:image:type\" content=\"image\/png\" \/>\n<meta name=\"twitter:card\" content=\"summary_large_image\" \/>\n<meta name=\"twitter:label1\" content=\"Gesch\u00e4tzte Lesezeit\" \/>\n\t<meta name=\"twitter:data1\" content=\"1\u00a0Minute\" \/>\n<script type=\"application\/ld+json\" class=\"yoast-schema-graph\">{\"@context\":\"https:\/\/schema.org\",\"@graph\":[{\"@type\":\"WebPage\",\"@id\":\"https:\/\/universosrl.it\/de\/produkte\/eingebauter-holzkohlegrill\/\",\"url\":\"https:\/\/universosrl.it\/de\/produkte\/eingebauter-holzkohlegrill\/\",\"name\":\"Eingebauter Holzkohlegrill - Universo Grill Srl\",\"isPartOf\":{\"@id\":\"https:\/\/universosrl.it\/de\/#website\"},\"primaryImageOfPage\":{\"@id\":\"https:\/\/universosrl.it\/de\/produkte\/eingebauter-holzkohlegrill\/#primaryimage\"},\"image\":{\"@id\":\"https:\/\/universosrl.it\/de\/produkte\/eingebauter-holzkohlegrill\/#primaryimage\"},\"thumbnailUrl\":\"https:\/\/universosrl.it\/wp-content\/uploads\/10_GrigliaIncasso.png\",\"datePublished\":\"2022-10-16T21:25:01+00:00\",\"dateModified\":\"2023-10-22T16:47:07+00:00\",\"description\":\"Professioneller Grill f\u00fcr die Gastronomie, der es erm\u00f6glicht, den Geschmack vom auf dem Grill zubereiteten Fleisch, Fisch und Gem\u00fcse zu erh\u00f6hen.\",\"breadcrumb\":{\"@id\":\"https:\/\/universosrl.it\/de\/produkte\/eingebauter-holzkohlegrill\/#breadcrumb\"},\"inLanguage\":\"de\",\"potentialAction\":[{\"@type\":\"ReadAction\",\"target\":[\"https:\/\/universosrl.it\/de\/produkte\/eingebauter-holzkohlegrill\/\"]}]},{\"@type\":\"ImageObject\",\"inLanguage\":\"de\",\"@id\":\"https:\/\/universosrl.it\/de\/produkte\/eingebauter-holzkohlegrill\/#primaryimage\",\"url\":\"https:\/\/universosrl.it\/wp-content\/uploads\/10_GrigliaIncasso.png\",\"contentUrl\":\"https:\/\/universosrl.it\/wp-content\/uploads\/10_GrigliaIncasso.png\",\"width\":1440,\"height\":1440},{\"@type\":\"BreadcrumbList\",\"@id\":\"https:\/\/universosrl.it\/de\/produkte\/eingebauter-holzkohlegrill\/#breadcrumb\",\"itemListElement\":[{\"@type\":\"ListItem\",\"position\":1,\"name\":\"Home\",\"item\":\"https:\/\/universosrl.it\/de\/\"},{\"@type\":\"ListItem\",\"position\":2,\"name\":\"Produkte\",\"item\":\"https:\/\/universosrl.it\/de\/produkte\/\"},{\"@type\":\"ListItem\",\"position\":3,\"name\":\"Grills\",\"item\":\"https:\/\/universosrl.it\/de\/cat_produkte\/grills\/\"},{\"@type\":\"ListItem\",\"position\":4,\"name\":\"Eingebauter Holzkohlegrill\"}]},{\"@type\":\"WebSite\",\"@id\":\"https:\/\/universosrl.it\/de\/#website\",\"url\":\"https:\/\/universosrl.it\/de\/\",\"name\":\"Universo Grill Srl\",\"description\":\"Girarrosti e Griglie Professionali per Ristoranti\",\"potentialAction\":[{\"@type\":\"SearchAction\",\"target\":{\"@type\":\"EntryPoint\",\"urlTemplate\":\"https:\/\/universosrl.it\/de\/?s={search_term_string}\"},\"query-input\":{\"@type\":\"PropertyValueSpecification\",\"valueRequired\":true,\"valueName\":\"search_term_string\"}}],\"inLanguage\":\"de\"}]}<\/script>\n<!-- \/ Yoast SEO plugin. -->","yoast_head_json":{"title":"Eingebauter Holzkohlegrill - Universo Grill Srl","description":"Professioneller Grill f\u00fcr die Gastronomie, der es erm\u00f6glicht, den Geschmack vom auf dem Grill zubereiteten Fleisch, Fisch und Gem\u00fcse zu erh\u00f6hen.","robots":{"index":"index","follow":"follow","max-snippet":"max-snippet:-1","max-image-preview":"max-image-preview:large","max-video-preview":"max-video-preview:-1"},"canonical":"https:\/\/universosrl.it\/de\/produkte\/eingebauter-holzkohlegrill\/","og_locale":"de_DE","og_type":"article","og_title":"Eingebauter Holzkohlegrill - Universo Grill Srl","og_description":"Professioneller Grill f\u00fcr die Gastronomie, der es erm\u00f6glicht, den Geschmack vom auf dem Grill zubereiteten Fleisch, Fisch und Gem\u00fcse zu erh\u00f6hen.","og_url":"https:\/\/universosrl.it\/de\/produkte\/eingebauter-holzkohlegrill\/","og_site_name":"Universo Grill Srl","article_modified_time":"2023-10-22T16:47:07+00:00","og_image":[{"width":1440,"height":1440,"url":"https:\/\/universosrl.it\/wp-content\/uploads\/10_GrigliaIncasso.png","type":"image\/png"}],"twitter_card":"summary_large_image","twitter_misc":{"Gesch\u00e4tzte Lesezeit":"1\u00a0Minute"},"schema":{"@context":"https:\/\/schema.org","@graph":[{"@type":"WebPage","@id":"https:\/\/universosrl.it\/de\/produkte\/eingebauter-holzkohlegrill\/","url":"https:\/\/universosrl.it\/de\/produkte\/eingebauter-holzkohlegrill\/","name":"Eingebauter Holzkohlegrill - Universo Grill Srl","isPartOf":{"@id":"https:\/\/universosrl.it\/de\/#website"},"primaryImageOfPage":{"@id":"https:\/\/universosrl.it\/de\/produkte\/eingebauter-holzkohlegrill\/#primaryimage"},"image":{"@id":"https:\/\/universosrl.it\/de\/produkte\/eingebauter-holzkohlegrill\/#primaryimage"},"thumbnailUrl":"https:\/\/universosrl.it\/wp-content\/uploads\/10_GrigliaIncasso.png","datePublished":"2022-10-16T21:25:01+00:00","dateModified":"2023-10-22T16:47:07+00:00","description":"Professioneller Grill f\u00fcr die Gastronomie, der es erm\u00f6glicht, den Geschmack vom auf dem Grill zubereiteten Fleisch, Fisch und Gem\u00fcse zu erh\u00f6hen.","breadcrumb":{"@id":"https:\/\/universosrl.it\/de\/produkte\/eingebauter-holzkohlegrill\/#breadcrumb"},"inLanguage":"de","potentialAction":[{"@type":"ReadAction","target":["https:\/\/universosrl.it\/de\/produkte\/eingebauter-holzkohlegrill\/"]}]},{"@type":"ImageObject","inLanguage":"de","@id":"https:\/\/universosrl.it\/de\/produkte\/eingebauter-holzkohlegrill\/#primaryimage","url":"https:\/\/universosrl.it\/wp-content\/uploads\/10_GrigliaIncasso.png","contentUrl":"https:\/\/universosrl.it\/wp-content\/uploads\/10_GrigliaIncasso.png","width":1440,"height":1440},{"@type":"BreadcrumbList","@id":"https:\/\/universosrl.it\/de\/produkte\/eingebauter-holzkohlegrill\/#breadcrumb","itemListElement":[{"@type":"ListItem","position":1,"name":"Home","item":"https:\/\/universosrl.it\/de\/"},{"@type":"ListItem","position":2,"name":"Produkte","item":"https:\/\/universosrl.it\/de\/produkte\/"},{"@type":"ListItem","position":3,"name":"Grills","item":"https:\/\/universosrl.it\/de\/cat_produkte\/grills\/"},{"@type":"ListItem","position":4,"name":"Eingebauter Holzkohlegrill"}]},{"@type":"WebSite","@id":"https:\/\/universosrl.it\/de\/#website","url":"https:\/\/universosrl.it\/de\/","name":"Universo Grill Srl","description":"Girarrosti e Griglie Professionali per Ristoranti","potentialAction":[{"@type":"SearchAction","target":{"@type":"EntryPoint","urlTemplate":"https:\/\/universosrl.it\/de\/?s={search_term_string}"},"query-input":{"@type":"PropertyValueSpecification","valueRequired":true,"valueName":"search_term_string"}}],"inLanguage":"de"}]}},"_links":{"self":[{"href":"https:\/\/universosrl.it\/de\/wp-json\/wp\/v2\/product\/1588","targetHints":{"allow":["GET"]}}],"collection":[{"href":"https:\/\/universosrl.it\/de\/wp-json\/wp\/v2\/product"}],"about":[{"href":"https:\/\/universosrl.it\/de\/wp-json\/wp\/v2\/types\/product"}],"wp:featuredmedia":[{"embeddable":true,"href":"https:\/\/universosrl.it\/de\/wp-json\/wp\/v2\/media\/801"}],"wp:attachment":[{"href":"https:\/\/universosrl.it\/de\/wp-json\/wp\/v2\/media?parent=1588"}],"wp:term":[{"taxonomy":"product_category","embeddable":true,"href":"https:\/\/universosrl.it\/de\/wp-json\/wp\/v2\/product_category?post=1588"}],"curies":[{"name":"wp","href":"https:\/\/api.w.org\/{rel}","templated":true}]}}