{"id":1587,"date":"2022-07-03T15:52:19","date_gmt":"2022-07-03T13:52:19","guid":{"rendered":"https:\/\/universosrl.it\/prodotto\/tuscany-w\/"},"modified":"2024-10-27T11:50:52","modified_gmt":"2024-10-27T10:50:52","slug":"tuscany-w","status":"publish","type":"product","link":"https:\/\/universosrl.it\/de\/produkte\/tuscany-w\/","title":{"rendered":"Holzfeuergrill Tuscany W"},"content":{"rendered":"<p>Der Tuscany W wurde speziell f\u00fcr die Gastronomie entwickelt und ist ein professioneller Grill, der es dem K\u00fcchenchef erm\u00f6glicht, die K\u00fcche mit dem besten Fleisch, Fisch und Gem\u00fcse zu bereichern.<\/p>\n<p>Entworfen f\u00fcr alle Liebhaber des Geschmacks, schafft er es, eine magische Atmosph\u00e4re in den R\u00e4umen zu kreiern, in denen es mit Blick auf die G\u00e4ste aufgestellt wird, und wird so zu einem Objekt, das Design und Glaubw\u00fcrdigkeit verbindet.<br \/>\nDer Tuscany empfiehlt sich f\u00fcr all jene Orte, die Grillk\u00fcche anbieten m\u00f6chten, wie z. B. traditionelle Restaurants, Tavernen, Wirtsh\u00e4user, Steakh\u00e4user, &#8222;Risto-Metzger&#8220; und &#8222;Steakh\u00e4user&#8220;.<\/p>\n","protected":false},"featured_media":702,"menu_order":10,"template":"","product_category":[38],"class_list":["post-1587","product","type-product","status-publish","has-post-thumbnail","hentry","product_category-grills"],"acf":[],"yoast_head":"<!-- This site is optimized with the Yoast SEO plugin v27.2 - https:\/\/yoast.com\/product\/yoast-seo-wordpress\/ -->\n<title>Holzfeuergrill Tuscany W - Universo Grill Srl<\/title>\n<meta name=\"description\" content=\"Der Tuscany W- Professioneller Grill f\u00fcr Restaurants, der es erm\u00f6glicht, den Geschmack vom auf dem Grill zubereiteten Fleisch, Fisch und Gem\u00fcse zu erh\u00f6hen.\" \/>\n<meta name=\"robots\" content=\"index, follow, max-snippet:-1, max-image-preview:large, max-video-preview:-1\" \/>\n<link rel=\"canonical\" href=\"https:\/\/universosrl.it\/de\/produkte\/tuscany-w\/\" \/>\n<meta property=\"og:locale\" content=\"de_DE\" \/>\n<meta property=\"og:type\" content=\"article\" \/>\n<meta property=\"og:title\" content=\"Holzfeuergrill Tuscany W - Universo Grill Srl\" \/>\n<meta property=\"og:description\" content=\"Der Tuscany W- Professioneller Grill f\u00fcr Restaurants, der es erm\u00f6glicht, den Geschmack vom auf dem Grill zubereiteten Fleisch, Fisch und Gem\u00fcse zu erh\u00f6hen.\" \/>\n<meta property=\"og:url\" content=\"https:\/\/universosrl.it\/de\/produkte\/tuscany-w\/\" \/>\n<meta property=\"og:site_name\" content=\"Universo Grill Srl\" \/>\n<meta property=\"article:modified_time\" content=\"2024-10-27T10:50:52+00:00\" \/>\n<meta property=\"og:image\" content=\"https:\/\/universosrl.it\/wp-content\/uploads\/universo-Tuscany.png\" \/>\n\t<meta property=\"og:image:width\" content=\"1440\" \/>\n\t<meta property=\"og:image:height\" content=\"1440\" \/>\n\t<meta property=\"og:image:type\" content=\"image\/png\" \/>\n<meta name=\"twitter:card\" content=\"summary_large_image\" \/>\n<meta name=\"twitter:label1\" content=\"Gesch\u00e4tzte Lesezeit\" \/>\n\t<meta name=\"twitter:data1\" content=\"1\u00a0Minute\" \/>\n<script type=\"application\/ld+json\" class=\"yoast-schema-graph\">{\"@context\":\"https:\/\/schema.org\",\"@graph\":[{\"@type\":\"WebPage\",\"@id\":\"https:\/\/universosrl.it\/de\/produkte\/tuscany-w\/\",\"url\":\"https:\/\/universosrl.it\/de\/produkte\/tuscany-w\/\",\"name\":\"Holzfeuergrill Tuscany W - Universo Grill Srl\",\"isPartOf\":{\"@id\":\"https:\/\/universosrl.it\/de\/#website\"},\"primaryImageOfPage\":{\"@id\":\"https:\/\/universosrl.it\/de\/produkte\/tuscany-w\/#primaryimage\"},\"image\":{\"@id\":\"https:\/\/universosrl.it\/de\/produkte\/tuscany-w\/#primaryimage\"},\"thumbnailUrl\":\"https:\/\/universosrl.it\/wp-content\/uploads\/universo-Tuscany.png\",\"datePublished\":\"2022-07-03T13:52:19+00:00\",\"dateModified\":\"2024-10-27T10:50:52+00:00\",\"description\":\"Der Tuscany W- Professioneller Grill f\u00fcr Restaurants, der es erm\u00f6glicht, den Geschmack vom auf dem Grill zubereiteten Fleisch, Fisch und Gem\u00fcse zu erh\u00f6hen.\",\"breadcrumb\":{\"@id\":\"https:\/\/universosrl.it\/de\/produkte\/tuscany-w\/#breadcrumb\"},\"inLanguage\":\"de\",\"potentialAction\":[{\"@type\":\"ReadAction\",\"target\":[\"https:\/\/universosrl.it\/de\/produkte\/tuscany-w\/\"]}]},{\"@type\":\"ImageObject\",\"inLanguage\":\"de\",\"@id\":\"https:\/\/universosrl.it\/de\/produkte\/tuscany-w\/#primaryimage\",\"url\":\"https:\/\/universosrl.it\/wp-content\/uploads\/universo-Tuscany.png\",\"contentUrl\":\"https:\/\/universosrl.it\/wp-content\/uploads\/universo-Tuscany.png\",\"width\":1440,\"height\":1440},{\"@type\":\"BreadcrumbList\",\"@id\":\"https:\/\/universosrl.it\/de\/produkte\/tuscany-w\/#breadcrumb\",\"itemListElement\":[{\"@type\":\"ListItem\",\"position\":1,\"name\":\"Home\",\"item\":\"https:\/\/universosrl.it\/de\/\"},{\"@type\":\"ListItem\",\"position\":2,\"name\":\"Produkte\",\"item\":\"https:\/\/universosrl.it\/de\/produkte\/\"},{\"@type\":\"ListItem\",\"position\":3,\"name\":\"Grills\",\"item\":\"https:\/\/universosrl.it\/de\/cat_produkte\/grills\/\"},{\"@type\":\"ListItem\",\"position\":4,\"name\":\"Holzfeuergrill Tuscany W\"}]},{\"@type\":\"WebSite\",\"@id\":\"https:\/\/universosrl.it\/de\/#website\",\"url\":\"https:\/\/universosrl.it\/de\/\",\"name\":\"Universo Grill Srl\",\"description\":\"Girarrosti e Griglie Professionali per Ristoranti\",\"potentialAction\":[{\"@type\":\"SearchAction\",\"target\":{\"@type\":\"EntryPoint\",\"urlTemplate\":\"https:\/\/universosrl.it\/de\/?s={search_term_string}\"},\"query-input\":{\"@type\":\"PropertyValueSpecification\",\"valueRequired\":true,\"valueName\":\"search_term_string\"}}],\"inLanguage\":\"de\"}]}<\/script>\n<!-- \/ Yoast SEO plugin. -->","yoast_head_json":{"title":"Holzfeuergrill Tuscany W - Universo Grill Srl","description":"Der Tuscany W- Professioneller Grill f\u00fcr Restaurants, der es erm\u00f6glicht, den Geschmack vom auf dem Grill zubereiteten Fleisch, Fisch und Gem\u00fcse zu erh\u00f6hen.","robots":{"index":"index","follow":"follow","max-snippet":"max-snippet:-1","max-image-preview":"max-image-preview:large","max-video-preview":"max-video-preview:-1"},"canonical":"https:\/\/universosrl.it\/de\/produkte\/tuscany-w\/","og_locale":"de_DE","og_type":"article","og_title":"Holzfeuergrill Tuscany W - Universo Grill Srl","og_description":"Der Tuscany W- Professioneller Grill f\u00fcr Restaurants, der es erm\u00f6glicht, den Geschmack vom auf dem Grill zubereiteten Fleisch, Fisch und Gem\u00fcse zu erh\u00f6hen.","og_url":"https:\/\/universosrl.it\/de\/produkte\/tuscany-w\/","og_site_name":"Universo Grill Srl","article_modified_time":"2024-10-27T10:50:52+00:00","og_image":[{"width":1440,"height":1440,"url":"https:\/\/universosrl.it\/wp-content\/uploads\/universo-Tuscany.png","type":"image\/png"}],"twitter_card":"summary_large_image","twitter_misc":{"Gesch\u00e4tzte Lesezeit":"1\u00a0Minute"},"schema":{"@context":"https:\/\/schema.org","@graph":[{"@type":"WebPage","@id":"https:\/\/universosrl.it\/de\/produkte\/tuscany-w\/","url":"https:\/\/universosrl.it\/de\/produkte\/tuscany-w\/","name":"Holzfeuergrill Tuscany W - Universo Grill Srl","isPartOf":{"@id":"https:\/\/universosrl.it\/de\/#website"},"primaryImageOfPage":{"@id":"https:\/\/universosrl.it\/de\/produkte\/tuscany-w\/#primaryimage"},"image":{"@id":"https:\/\/universosrl.it\/de\/produkte\/tuscany-w\/#primaryimage"},"thumbnailUrl":"https:\/\/universosrl.it\/wp-content\/uploads\/universo-Tuscany.png","datePublished":"2022-07-03T13:52:19+00:00","dateModified":"2024-10-27T10:50:52+00:00","description":"Der Tuscany W- Professioneller Grill f\u00fcr Restaurants, der es erm\u00f6glicht, den Geschmack vom auf dem Grill zubereiteten Fleisch, Fisch und Gem\u00fcse zu erh\u00f6hen.","breadcrumb":{"@id":"https:\/\/universosrl.it\/de\/produkte\/tuscany-w\/#breadcrumb"},"inLanguage":"de","potentialAction":[{"@type":"ReadAction","target":["https:\/\/universosrl.it\/de\/produkte\/tuscany-w\/"]}]},{"@type":"ImageObject","inLanguage":"de","@id":"https:\/\/universosrl.it\/de\/produkte\/tuscany-w\/#primaryimage","url":"https:\/\/universosrl.it\/wp-content\/uploads\/universo-Tuscany.png","contentUrl":"https:\/\/universosrl.it\/wp-content\/uploads\/universo-Tuscany.png","width":1440,"height":1440},{"@type":"BreadcrumbList","@id":"https:\/\/universosrl.it\/de\/produkte\/tuscany-w\/#breadcrumb","itemListElement":[{"@type":"ListItem","position":1,"name":"Home","item":"https:\/\/universosrl.it\/de\/"},{"@type":"ListItem","position":2,"name":"Produkte","item":"https:\/\/universosrl.it\/de\/produkte\/"},{"@type":"ListItem","position":3,"name":"Grills","item":"https:\/\/universosrl.it\/de\/cat_produkte\/grills\/"},{"@type":"ListItem","position":4,"name":"Holzfeuergrill Tuscany W"}]},{"@type":"WebSite","@id":"https:\/\/universosrl.it\/de\/#website","url":"https:\/\/universosrl.it\/de\/","name":"Universo Grill Srl","description":"Girarrosti e Griglie Professionali per Ristoranti","potentialAction":[{"@type":"SearchAction","target":{"@type":"EntryPoint","urlTemplate":"https:\/\/universosrl.it\/de\/?s={search_term_string}"},"query-input":{"@type":"PropertyValueSpecification","valueRequired":true,"valueName":"search_term_string"}}],"inLanguage":"de"}]}},"_links":{"self":[{"href":"https:\/\/universosrl.it\/de\/wp-json\/wp\/v2\/product\/1587","targetHints":{"allow":["GET"]}}],"collection":[{"href":"https:\/\/universosrl.it\/de\/wp-json\/wp\/v2\/product"}],"about":[{"href":"https:\/\/universosrl.it\/de\/wp-json\/wp\/v2\/types\/product"}],"wp:featuredmedia":[{"embeddable":true,"href":"https:\/\/universosrl.it\/de\/wp-json\/wp\/v2\/media\/702"}],"wp:attachment":[{"href":"https:\/\/universosrl.it\/de\/wp-json\/wp\/v2\/media?parent=1587"}],"wp:term":[{"taxonomy":"product_category","embeddable":true,"href":"https:\/\/universosrl.it\/de\/wp-json\/wp\/v2\/product_category?post=1587"}],"curies":[{"name":"wp","href":"https:\/\/api.w.org\/{rel}","templated":true}]}}