{"id":1585,"date":"2022-07-05T15:29:35","date_gmt":"2022-07-05T13:29:35","guid":{"rendered":"https:\/\/universosrl.it\/prodotto\/griglia-pietra-lavica\/"},"modified":"2025-12-16T11:24:34","modified_gmt":"2025-12-16T10:24:34","slug":"lavastein-grill","status":"publish","type":"product","link":"https:\/\/universosrl.it\/de\/produkte\/lavastein-grill\/","title":{"rendered":"Lavastein Grill"},"content":{"rendered":"<p>Der professionelle Lavasteingrill ist perfekt f\u00fcr alle Restaurants, die schnelles Garen ben\u00f6tigen; er ist einfach zu bedienen und ist in der Lage, eine konstante Temperatur f\u00fcr lange Zeit aufrechtzuerhalten und ein breites und homogenes Garen der Speisen zu gew\u00e4hrleisten, sei es Fleisch, Gem\u00fcse, Fisch oder anderes Essen.<\/p>\n","protected":false},"featured_media":1052,"menu_order":40,"template":"","product_category":[38],"class_list":["post-1585","product","type-product","status-publish","has-post-thumbnail","hentry","product_category-grills"],"acf":[],"yoast_head":"<!-- This site is optimized with the Yoast SEO plugin v27.2 - https:\/\/yoast.com\/product\/yoast-seo-wordpress\/ -->\n<title>Lavastein Grill - Universo Grill Srl<\/title>\n<meta name=\"description\" content=\"Speziell f\u00fcr die Gastronomie entwickelt, bietet es ein schnelles Garen mit konstanter Temperatur f\u00fcr ein homogenes Garen von Speisen.\" \/>\n<meta name=\"robots\" content=\"index, follow, max-snippet:-1, max-image-preview:large, max-video-preview:-1\" \/>\n<link rel=\"canonical\" href=\"https:\/\/universosrl.it\/de\/produkte\/lavastein-grill\/\" \/>\n<meta property=\"og:locale\" content=\"de_DE\" \/>\n<meta property=\"og:type\" content=\"article\" \/>\n<meta property=\"og:title\" content=\"Lavastein Grill - Universo Grill Srl\" \/>\n<meta property=\"og:description\" content=\"Speziell f\u00fcr die Gastronomie entwickelt, bietet es ein schnelles Garen mit konstanter Temperatur f\u00fcr ein homogenes Garen von Speisen.\" \/>\n<meta property=\"og:url\" content=\"https:\/\/universosrl.it\/de\/produkte\/lavastein-grill\/\" \/>\n<meta property=\"og:site_name\" content=\"Universo Grill Srl\" \/>\n<meta property=\"article:modified_time\" content=\"2025-12-16T10:24:34+00:00\" \/>\n<meta property=\"og:image\" content=\"https:\/\/universosrl.it\/wp-content\/uploads\/1440_G6A0507-1.png\" \/>\n\t<meta property=\"og:image:width\" content=\"1440\" \/>\n\t<meta property=\"og:image:height\" content=\"1440\" \/>\n\t<meta property=\"og:image:type\" content=\"image\/png\" \/>\n<meta name=\"twitter:card\" content=\"summary_large_image\" \/>\n<meta name=\"twitter:label1\" content=\"Gesch\u00e4tzte Lesezeit\" \/>\n\t<meta name=\"twitter:data1\" content=\"1\u00a0Minute\" \/>\n<script type=\"application\/ld+json\" class=\"yoast-schema-graph\">{\"@context\":\"https:\/\/schema.org\",\"@graph\":[{\"@type\":\"WebPage\",\"@id\":\"https:\/\/universosrl.it\/de\/produkte\/lavastein-grill\/\",\"url\":\"https:\/\/universosrl.it\/de\/produkte\/lavastein-grill\/\",\"name\":\"Lavastein Grill - Universo Grill Srl\",\"isPartOf\":{\"@id\":\"https:\/\/universosrl.it\/de\/#website\"},\"primaryImageOfPage\":{\"@id\":\"https:\/\/universosrl.it\/de\/produkte\/lavastein-grill\/#primaryimage\"},\"image\":{\"@id\":\"https:\/\/universosrl.it\/de\/produkte\/lavastein-grill\/#primaryimage\"},\"thumbnailUrl\":\"https:\/\/universosrl.it\/wp-content\/uploads\/1440_G6A0507-1.png\",\"datePublished\":\"2022-07-05T13:29:35+00:00\",\"dateModified\":\"2025-12-16T10:24:34+00:00\",\"description\":\"Speziell f\u00fcr die Gastronomie entwickelt, bietet es ein schnelles Garen mit konstanter Temperatur f\u00fcr ein homogenes Garen von Speisen.\",\"breadcrumb\":{\"@id\":\"https:\/\/universosrl.it\/de\/produkte\/lavastein-grill\/#breadcrumb\"},\"inLanguage\":\"de\",\"potentialAction\":[{\"@type\":\"ReadAction\",\"target\":[\"https:\/\/universosrl.it\/de\/produkte\/lavastein-grill\/\"]}]},{\"@type\":\"ImageObject\",\"inLanguage\":\"de\",\"@id\":\"https:\/\/universosrl.it\/de\/produkte\/lavastein-grill\/#primaryimage\",\"url\":\"https:\/\/universosrl.it\/wp-content\/uploads\/1440_G6A0507-1.png\",\"contentUrl\":\"https:\/\/universosrl.it\/wp-content\/uploads\/1440_G6A0507-1.png\",\"width\":1440,\"height\":1440},{\"@type\":\"BreadcrumbList\",\"@id\":\"https:\/\/universosrl.it\/de\/produkte\/lavastein-grill\/#breadcrumb\",\"itemListElement\":[{\"@type\":\"ListItem\",\"position\":1,\"name\":\"Home\",\"item\":\"https:\/\/universosrl.it\/de\/\"},{\"@type\":\"ListItem\",\"position\":2,\"name\":\"Produkte\",\"item\":\"https:\/\/universosrl.it\/de\/produkte\/\"},{\"@type\":\"ListItem\",\"position\":3,\"name\":\"Grills\",\"item\":\"https:\/\/universosrl.it\/de\/cat_produkte\/grills\/\"},{\"@type\":\"ListItem\",\"position\":4,\"name\":\"Lavastein Grill\"}]},{\"@type\":\"WebSite\",\"@id\":\"https:\/\/universosrl.it\/de\/#website\",\"url\":\"https:\/\/universosrl.it\/de\/\",\"name\":\"Universo Grill Srl\",\"description\":\"Girarrosti e Griglie Professionali per Ristoranti\",\"potentialAction\":[{\"@type\":\"SearchAction\",\"target\":{\"@type\":\"EntryPoint\",\"urlTemplate\":\"https:\/\/universosrl.it\/de\/?s={search_term_string}\"},\"query-input\":{\"@type\":\"PropertyValueSpecification\",\"valueRequired\":true,\"valueName\":\"search_term_string\"}}],\"inLanguage\":\"de\"}]}<\/script>\n<!-- \/ Yoast SEO plugin. -->","yoast_head_json":{"title":"Lavastein Grill - Universo Grill Srl","description":"Speziell f\u00fcr die Gastronomie entwickelt, bietet es ein schnelles Garen mit konstanter Temperatur f\u00fcr ein homogenes Garen von Speisen.","robots":{"index":"index","follow":"follow","max-snippet":"max-snippet:-1","max-image-preview":"max-image-preview:large","max-video-preview":"max-video-preview:-1"},"canonical":"https:\/\/universosrl.it\/de\/produkte\/lavastein-grill\/","og_locale":"de_DE","og_type":"article","og_title":"Lavastein Grill - Universo Grill Srl","og_description":"Speziell f\u00fcr die Gastronomie entwickelt, bietet es ein schnelles Garen mit konstanter Temperatur f\u00fcr ein homogenes Garen von Speisen.","og_url":"https:\/\/universosrl.it\/de\/produkte\/lavastein-grill\/","og_site_name":"Universo Grill Srl","article_modified_time":"2025-12-16T10:24:34+00:00","og_image":[{"width":1440,"height":1440,"url":"https:\/\/universosrl.it\/wp-content\/uploads\/1440_G6A0507-1.png","type":"image\/png"}],"twitter_card":"summary_large_image","twitter_misc":{"Gesch\u00e4tzte Lesezeit":"1\u00a0Minute"},"schema":{"@context":"https:\/\/schema.org","@graph":[{"@type":"WebPage","@id":"https:\/\/universosrl.it\/de\/produkte\/lavastein-grill\/","url":"https:\/\/universosrl.it\/de\/produkte\/lavastein-grill\/","name":"Lavastein Grill - Universo Grill Srl","isPartOf":{"@id":"https:\/\/universosrl.it\/de\/#website"},"primaryImageOfPage":{"@id":"https:\/\/universosrl.it\/de\/produkte\/lavastein-grill\/#primaryimage"},"image":{"@id":"https:\/\/universosrl.it\/de\/produkte\/lavastein-grill\/#primaryimage"},"thumbnailUrl":"https:\/\/universosrl.it\/wp-content\/uploads\/1440_G6A0507-1.png","datePublished":"2022-07-05T13:29:35+00:00","dateModified":"2025-12-16T10:24:34+00:00","description":"Speziell f\u00fcr die Gastronomie entwickelt, bietet es ein schnelles Garen mit konstanter Temperatur f\u00fcr ein homogenes Garen von Speisen.","breadcrumb":{"@id":"https:\/\/universosrl.it\/de\/produkte\/lavastein-grill\/#breadcrumb"},"inLanguage":"de","potentialAction":[{"@type":"ReadAction","target":["https:\/\/universosrl.it\/de\/produkte\/lavastein-grill\/"]}]},{"@type":"ImageObject","inLanguage":"de","@id":"https:\/\/universosrl.it\/de\/produkte\/lavastein-grill\/#primaryimage","url":"https:\/\/universosrl.it\/wp-content\/uploads\/1440_G6A0507-1.png","contentUrl":"https:\/\/universosrl.it\/wp-content\/uploads\/1440_G6A0507-1.png","width":1440,"height":1440},{"@type":"BreadcrumbList","@id":"https:\/\/universosrl.it\/de\/produkte\/lavastein-grill\/#breadcrumb","itemListElement":[{"@type":"ListItem","position":1,"name":"Home","item":"https:\/\/universosrl.it\/de\/"},{"@type":"ListItem","position":2,"name":"Produkte","item":"https:\/\/universosrl.it\/de\/produkte\/"},{"@type":"ListItem","position":3,"name":"Grills","item":"https:\/\/universosrl.it\/de\/cat_produkte\/grills\/"},{"@type":"ListItem","position":4,"name":"Lavastein Grill"}]},{"@type":"WebSite","@id":"https:\/\/universosrl.it\/de\/#website","url":"https:\/\/universosrl.it\/de\/","name":"Universo Grill Srl","description":"Girarrosti e Griglie Professionali per Ristoranti","potentialAction":[{"@type":"SearchAction","target":{"@type":"EntryPoint","urlTemplate":"https:\/\/universosrl.it\/de\/?s={search_term_string}"},"query-input":{"@type":"PropertyValueSpecification","valueRequired":true,"valueName":"search_term_string"}}],"inLanguage":"de"}]}},"_links":{"self":[{"href":"https:\/\/universosrl.it\/de\/wp-json\/wp\/v2\/product\/1585","targetHints":{"allow":["GET"]}}],"collection":[{"href":"https:\/\/universosrl.it\/de\/wp-json\/wp\/v2\/product"}],"about":[{"href":"https:\/\/universosrl.it\/de\/wp-json\/wp\/v2\/types\/product"}],"wp:featuredmedia":[{"embeddable":true,"href":"https:\/\/universosrl.it\/de\/wp-json\/wp\/v2\/media\/1052"}],"wp:attachment":[{"href":"https:\/\/universosrl.it\/de\/wp-json\/wp\/v2\/media?parent=1585"}],"wp:term":[{"taxonomy":"product_category","embeddable":true,"href":"https:\/\/universosrl.it\/de\/wp-json\/wp\/v2\/product_category?post=1585"}],"curies":[{"name":"wp","href":"https:\/\/api.w.org\/{rel}","templated":true}]}}