{"id":1583,"date":"2022-10-16T23:04:28","date_gmt":"2022-10-16T21:04:28","guid":{"rendered":"https:\/\/universosrl.it\/prodotto\/girarrosto-a-gas\/"},"modified":"2023-10-22T18:50:13","modified_gmt":"2023-10-22T16:50:13","slug":"gas-drehspiess","status":"publish","type":"product","link":"https:\/\/universosrl.it\/de\/produkte\/gas-drehspiess\/","title":{"rendered":"Gas-Drehspie\u00df"},"content":{"rendered":"<p>Der professionelle Gas-Drehspie\u00df ist f\u00fcr all jene Orte wie Rotisserien, Gefl\u00fcgelgesch\u00e4fte, Lieferwagen f\u00fcr den Markt geschaffen worden, die ihren Kunden H\u00e4hnchen, H\u00fchnchen, Braten, Wild, Lebern, Haxen, Rouladen und Kartoffeln mit schnellem und kontrolliertem Brenngrad anbieten m\u00f6chten .<\/p>\n","protected":false},"featured_media":687,"menu_order":20,"template":"","product_category":[35],"class_list":["post-1583","product","type-product","status-publish","has-post-thumbnail","hentry","product_category-drehspiesser"],"acf":[],"yoast_head":"<!-- This site is optimized with the Yoast SEO plugin v27.2 - https:\/\/yoast.com\/product\/yoast-seo-wordpress\/ -->\n<title>Gas-Drehspie\u00df - Universo Grill Srl<\/title>\n<meta name=\"description\" content=\"Ad hoc f\u00fcr Rotisserien und Lieferwagen f\u00fcr den Markt hergestellt, er erm\u00f6glicht es, den Kunden H\u00e4hnchen, Braten, Wild, Rouladen mit schnellem und kontrolliertem Brenngrad anzubieten.\" \/>\n<meta name=\"robots\" content=\"index, follow, max-snippet:-1, max-image-preview:large, max-video-preview:-1\" \/>\n<link rel=\"canonical\" href=\"https:\/\/universosrl.it\/de\/produkte\/gas-drehspiess\/\" \/>\n<meta property=\"og:locale\" content=\"de_DE\" \/>\n<meta property=\"og:type\" content=\"article\" \/>\n<meta property=\"og:title\" content=\"Gas-Drehspie\u00df - Universo Grill Srl\" \/>\n<meta property=\"og:description\" content=\"Ad hoc f\u00fcr Rotisserien und Lieferwagen f\u00fcr den Markt hergestellt, er erm\u00f6glicht es, den Kunden H\u00e4hnchen, Braten, Wild, Rouladen mit schnellem und kontrolliertem Brenngrad anzubieten.\" \/>\n<meta property=\"og:url\" content=\"https:\/\/universosrl.it\/de\/produkte\/gas-drehspiess\/\" \/>\n<meta property=\"og:site_name\" content=\"Universo Grill Srl\" \/>\n<meta property=\"article:modified_time\" content=\"2023-10-22T16:50:13+00:00\" \/>\n<meta property=\"og:image\" content=\"https:\/\/universosrl.it\/wp-content\/uploads\/universo-Girarrosto-a-Gas.png\" \/>\n\t<meta property=\"og:image:width\" content=\"1440\" \/>\n\t<meta property=\"og:image:height\" content=\"1440\" \/>\n\t<meta property=\"og:image:type\" content=\"image\/png\" \/>\n<meta name=\"twitter:card\" content=\"summary_large_image\" \/>\n<meta name=\"twitter:label1\" content=\"Gesch\u00e4tzte Lesezeit\" \/>\n\t<meta name=\"twitter:data1\" content=\"1\u00a0Minute\" \/>\n<script type=\"application\/ld+json\" class=\"yoast-schema-graph\">{\"@context\":\"https:\/\/schema.org\",\"@graph\":[{\"@type\":\"WebPage\",\"@id\":\"https:\/\/universosrl.it\/de\/produkte\/gas-drehspiess\/\",\"url\":\"https:\/\/universosrl.it\/de\/produkte\/gas-drehspiess\/\",\"name\":\"Gas-Drehspie\u00df - Universo Grill Srl\",\"isPartOf\":{\"@id\":\"https:\/\/universosrl.it\/de\/#website\"},\"primaryImageOfPage\":{\"@id\":\"https:\/\/universosrl.it\/de\/produkte\/gas-drehspiess\/#primaryimage\"},\"image\":{\"@id\":\"https:\/\/universosrl.it\/de\/produkte\/gas-drehspiess\/#primaryimage\"},\"thumbnailUrl\":\"https:\/\/universosrl.it\/wp-content\/uploads\/universo-Girarrosto-a-Gas.png\",\"datePublished\":\"2022-10-16T21:04:28+00:00\",\"dateModified\":\"2023-10-22T16:50:13+00:00\",\"description\":\"Ad hoc f\u00fcr Rotisserien und Lieferwagen f\u00fcr den Markt hergestellt, er erm\u00f6glicht es, den Kunden H\u00e4hnchen, Braten, Wild, Rouladen mit schnellem und kontrolliertem Brenngrad anzubieten.\",\"breadcrumb\":{\"@id\":\"https:\/\/universosrl.it\/de\/produkte\/gas-drehspiess\/#breadcrumb\"},\"inLanguage\":\"de\",\"potentialAction\":[{\"@type\":\"ReadAction\",\"target\":[\"https:\/\/universosrl.it\/de\/produkte\/gas-drehspiess\/\"]}]},{\"@type\":\"ImageObject\",\"inLanguage\":\"de\",\"@id\":\"https:\/\/universosrl.it\/de\/produkte\/gas-drehspiess\/#primaryimage\",\"url\":\"https:\/\/universosrl.it\/wp-content\/uploads\/universo-Girarrosto-a-Gas.png\",\"contentUrl\":\"https:\/\/universosrl.it\/wp-content\/uploads\/universo-Girarrosto-a-Gas.png\",\"width\":1440,\"height\":1440},{\"@type\":\"BreadcrumbList\",\"@id\":\"https:\/\/universosrl.it\/de\/produkte\/gas-drehspiess\/#breadcrumb\",\"itemListElement\":[{\"@type\":\"ListItem\",\"position\":1,\"name\":\"Home\",\"item\":\"https:\/\/universosrl.it\/de\/\"},{\"@type\":\"ListItem\",\"position\":2,\"name\":\"Produkte\",\"item\":\"https:\/\/universosrl.it\/de\/produkte\/\"},{\"@type\":\"ListItem\",\"position\":3,\"name\":\"Drehspie\u00dfer\",\"item\":\"https:\/\/universosrl.it\/de\/cat_produkte\/drehspiesser\/\"},{\"@type\":\"ListItem\",\"position\":4,\"name\":\"Gas-Drehspie\u00df\"}]},{\"@type\":\"WebSite\",\"@id\":\"https:\/\/universosrl.it\/de\/#website\",\"url\":\"https:\/\/universosrl.it\/de\/\",\"name\":\"Universo Grill Srl\",\"description\":\"Girarrosti e Griglie Professionali per Ristoranti\",\"potentialAction\":[{\"@type\":\"SearchAction\",\"target\":{\"@type\":\"EntryPoint\",\"urlTemplate\":\"https:\/\/universosrl.it\/de\/?s={search_term_string}\"},\"query-input\":{\"@type\":\"PropertyValueSpecification\",\"valueRequired\":true,\"valueName\":\"search_term_string\"}}],\"inLanguage\":\"de\"}]}<\/script>\n<!-- \/ Yoast SEO plugin. -->","yoast_head_json":{"title":"Gas-Drehspie\u00df - Universo Grill Srl","description":"Ad hoc f\u00fcr Rotisserien und Lieferwagen f\u00fcr den Markt hergestellt, er erm\u00f6glicht es, den Kunden H\u00e4hnchen, Braten, Wild, Rouladen mit schnellem und kontrolliertem Brenngrad anzubieten.","robots":{"index":"index","follow":"follow","max-snippet":"max-snippet:-1","max-image-preview":"max-image-preview:large","max-video-preview":"max-video-preview:-1"},"canonical":"https:\/\/universosrl.it\/de\/produkte\/gas-drehspiess\/","og_locale":"de_DE","og_type":"article","og_title":"Gas-Drehspie\u00df - Universo Grill Srl","og_description":"Ad hoc f\u00fcr Rotisserien und Lieferwagen f\u00fcr den Markt hergestellt, er erm\u00f6glicht es, den Kunden H\u00e4hnchen, Braten, Wild, Rouladen mit schnellem und kontrolliertem Brenngrad anzubieten.","og_url":"https:\/\/universosrl.it\/de\/produkte\/gas-drehspiess\/","og_site_name":"Universo Grill Srl","article_modified_time":"2023-10-22T16:50:13+00:00","og_image":[{"width":1440,"height":1440,"url":"https:\/\/universosrl.it\/wp-content\/uploads\/universo-Girarrosto-a-Gas.png","type":"image\/png"}],"twitter_card":"summary_large_image","twitter_misc":{"Gesch\u00e4tzte Lesezeit":"1\u00a0Minute"},"schema":{"@context":"https:\/\/schema.org","@graph":[{"@type":"WebPage","@id":"https:\/\/universosrl.it\/de\/produkte\/gas-drehspiess\/","url":"https:\/\/universosrl.it\/de\/produkte\/gas-drehspiess\/","name":"Gas-Drehspie\u00df - Universo Grill Srl","isPartOf":{"@id":"https:\/\/universosrl.it\/de\/#website"},"primaryImageOfPage":{"@id":"https:\/\/universosrl.it\/de\/produkte\/gas-drehspiess\/#primaryimage"},"image":{"@id":"https:\/\/universosrl.it\/de\/produkte\/gas-drehspiess\/#primaryimage"},"thumbnailUrl":"https:\/\/universosrl.it\/wp-content\/uploads\/universo-Girarrosto-a-Gas.png","datePublished":"2022-10-16T21:04:28+00:00","dateModified":"2023-10-22T16:50:13+00:00","description":"Ad hoc f\u00fcr Rotisserien und Lieferwagen f\u00fcr den Markt hergestellt, er erm\u00f6glicht es, den Kunden H\u00e4hnchen, Braten, Wild, Rouladen mit schnellem und kontrolliertem Brenngrad anzubieten.","breadcrumb":{"@id":"https:\/\/universosrl.it\/de\/produkte\/gas-drehspiess\/#breadcrumb"},"inLanguage":"de","potentialAction":[{"@type":"ReadAction","target":["https:\/\/universosrl.it\/de\/produkte\/gas-drehspiess\/"]}]},{"@type":"ImageObject","inLanguage":"de","@id":"https:\/\/universosrl.it\/de\/produkte\/gas-drehspiess\/#primaryimage","url":"https:\/\/universosrl.it\/wp-content\/uploads\/universo-Girarrosto-a-Gas.png","contentUrl":"https:\/\/universosrl.it\/wp-content\/uploads\/universo-Girarrosto-a-Gas.png","width":1440,"height":1440},{"@type":"BreadcrumbList","@id":"https:\/\/universosrl.it\/de\/produkte\/gas-drehspiess\/#breadcrumb","itemListElement":[{"@type":"ListItem","position":1,"name":"Home","item":"https:\/\/universosrl.it\/de\/"},{"@type":"ListItem","position":2,"name":"Produkte","item":"https:\/\/universosrl.it\/de\/produkte\/"},{"@type":"ListItem","position":3,"name":"Drehspie\u00dfer","item":"https:\/\/universosrl.it\/de\/cat_produkte\/drehspiesser\/"},{"@type":"ListItem","position":4,"name":"Gas-Drehspie\u00df"}]},{"@type":"WebSite","@id":"https:\/\/universosrl.it\/de\/#website","url":"https:\/\/universosrl.it\/de\/","name":"Universo Grill Srl","description":"Girarrosti e Griglie Professionali per Ristoranti","potentialAction":[{"@type":"SearchAction","target":{"@type":"EntryPoint","urlTemplate":"https:\/\/universosrl.it\/de\/?s={search_term_string}"},"query-input":{"@type":"PropertyValueSpecification","valueRequired":true,"valueName":"search_term_string"}}],"inLanguage":"de"}]}},"_links":{"self":[{"href":"https:\/\/universosrl.it\/de\/wp-json\/wp\/v2\/product\/1583","targetHints":{"allow":["GET"]}}],"collection":[{"href":"https:\/\/universosrl.it\/de\/wp-json\/wp\/v2\/product"}],"about":[{"href":"https:\/\/universosrl.it\/de\/wp-json\/wp\/v2\/types\/product"}],"wp:featuredmedia":[{"embeddable":true,"href":"https:\/\/universosrl.it\/de\/wp-json\/wp\/v2\/media\/687"}],"wp:attachment":[{"href":"https:\/\/universosrl.it\/de\/wp-json\/wp\/v2\/media?parent=1583"}],"wp:term":[{"taxonomy":"product_category","embeddable":true,"href":"https:\/\/universosrl.it\/de\/wp-json\/wp\/v2\/product_category?post=1583"}],"curies":[{"name":"wp","href":"https:\/\/api.w.org\/{rel}","templated":true}]}}